{"id":8908,"date":"2020-09-25T09:25:39","date_gmt":"2020-09-25T08:25:39","guid":{"rendered":"https:\/\/www.ire.pw.edu.pl\/?page_id=8908"},"modified":"2020-09-25T09:25:39","modified_gmt":"2020-09-25T08:25:39","slug":"2019-2","status":"publish","type":"page","link":"https:\/\/www.ire.pw.edu.pl\/en\/o-instytucie\/nagrody-i-wyroznienia\/2019-2\/","title":{"rendered":"2019"},"content":{"rendered":"\n<p>NAGRODY&nbsp;DLA&nbsp;PRACOWNIK\u00d3W&nbsp;INSTYTUTU RADIOELEKTRONIKI&nbsp;I&nbsp;TECHNIK&nbsp;MULTIMEDIALNYCH PRZYZNANE PRZEZ JM REKTORA W ROKU 2019<\/p>\n\n\n\n<h5 class=\"wp-block-heading\">Nagroda I stopnia za ca\u0142okszta\u0142t dorobku<\/h5>\n\n\n\n<h5 class=\"wp-block-heading\">prof. dr hab. in\u017c. J\u00f3zef Modelski<\/h5>\n\n\n\n<p><strong>Nagroda II stopnia za dzia\u0142alno\u015b\u0107 naukow\u0105<\/strong><\/p>\n\n\n\n<p>dr hab. in\u017c. Piotr Bilski, prof. uczelni<\/p>\n\n\n\n<p><strong>Nagroda III stopnia za prac\u0119 doktorsk\u0105<\/strong><\/p>\n\n\n\n<p>dr in\u017c. Pawe\u0142 Mazurek<\/p>\n\n\n\n<p><strong>Nagroda I stopnia za dzia\u0142alno\u015b\u0107 naukow\u0105<\/strong><\/p>\n\n\n\n<p>Zesp\u00f3\u0142 w sk\u0142adzie:<\/p>\n\n\n\n<p>dr hab. in\u017c. Jerzy Krupka, prof. uczelni<\/p>\n\n\n\n<p>dr hab. in\u017c. Bart\u0142omiej Salski, prof. uczelni<\/p>\n\n\n\n<p>dr hab. in\u017c. Pawe\u0142 Kopyt<\/p>\n\n\n\n<p>mgr in\u017c. Tomasz Karpisz<\/p>\n\n\n\n<p>mgr in\u017c. Adam Pacewicz<\/p>\n\n\n\n<p>mgr in\u017c. Marcin Rytel<\/p>\n\n\n\n<p>in\u017c. Jerzy Cuper<\/p>\n\n\n\n<p><strong>Nagroda I stopnia za dzia\u0142alno\u015b\u0107 naukow\u0105<\/strong><\/p>\n\n\n\n<p>Zesp\u00f3\u0142 w sk\u0142adzie:<\/p>\n\n\n\n<p>prof. dr hab. in\u017c. Yevhen Yashchyshyn<\/p>\n\n\n\n<p>dr in\u017c. Konrad Godziszewski<\/p>\n\n\n\n<p>dr in\u017c. Grzegorz Bogdan<\/p>\n\n\n\n<p>dr in\u017c Krzysztof Derzakowski<\/p>\n\n\n\n<p>mgr in\u017c. Przemys\u0142aw Piasecki<\/p>\n\n\n\n<p><strong>Nagroda I stopnia za dzia\u0142alno\u015b\u0107 organizacyjn\u0105<\/strong><\/p>\n\n\n\n<p>prof. dr hab. in\u017c. Roman Morawski (zespo\u0142owa)<\/p>\n\n\n\n<p><strong>Nagroda II stopnia za dzia\u0142alno\u015b\u0107 organizacyjn\u0105<\/strong><\/p>\n\n\n\n<p>prof. dr hab. in\u017c. Krzysztof Zaremba<\/p>\n\n\n\n<p><strong>Nagroda III stopnia za dzia\u0142alno\u015b\u0107 organizacyjn\u0105<\/strong><\/p>\n\n\n\n<p>prof. dr hab in\u017c J\u00f3zef Modelski<\/p>\n\n\n\n<p>prof. dr hab. in\u017c. Wies\u0142aw Winiecki dr hab. in\u017c. Bart\u0142omiej Salski<\/p>\n","protected":false},"excerpt":{"rendered":"<p>NAGRODY&nbsp;DLA&nbsp;PRACOWNIK\u00d3W&nbsp;INSTYTUTU RADIOELEKTRONIKI&nbsp;I&nbsp;TECHNIK&nbsp;MULTIMEDIALNYCH PRZYZNANE PRZEZ JM REKTORA W ROKU 2019 Nagroda I stopnia za ca\u0142okszta\u0142t dorobku prof. dr hab. in\u017c. J\u00f3zef Modelski Nagroda II stopnia za dzia\u0142alno\u015b\u0107 naukow\u0105 dr hab. in\u017c. Piotr Bilski, prof. uczelni Nagroda III stopnia za prac\u0119 doktorsk\u0105 dr in\u017c. Pawe\u0142 Mazurek Nagroda I stopnia za dzia\u0142alno\u015b\u0107 naukow\u0105 Zesp\u00f3\u0142 w sk\u0142adzie: dr hab. [&hellip;]<\/p>\n","protected":false},"author":8,"featured_media":0,"parent":36,"menu_order":0,"comment_status":"closed","ping_status":"closed","template":"","meta":{"ngg_post_thumbnail":0,"footnotes":""},"_links":{"self":[{"href":"https:\/\/www.ire.pw.edu.pl\/en\/wp-json\/wp\/v2\/pages\/8908"}],"collection":[{"href":"https:\/\/www.ire.pw.edu.pl\/en\/wp-json\/wp\/v2\/pages"}],"about":[{"href":"https:\/\/www.ire.pw.edu.pl\/en\/wp-json\/wp\/v2\/types\/page"}],"author":[{"embeddable":true,"href":"https:\/\/www.ire.pw.edu.pl\/en\/wp-json\/wp\/v2\/users\/8"}],"replies":[{"embeddable":true,"href":"https:\/\/www.ire.pw.edu.pl\/en\/wp-json\/wp\/v2\/comments?post=8908"}],"version-history":[{"count":1,"href":"https:\/\/www.ire.pw.edu.pl\/en\/wp-json\/wp\/v2\/pages\/8908\/revisions"}],"predecessor-version":[{"id":8909,"href":"https:\/\/www.ire.pw.edu.pl\/en\/wp-json\/wp\/v2\/pages\/8908\/revisions\/8909"}],"up":[{"embeddable":true,"href":"https:\/\/www.ire.pw.edu.pl\/en\/wp-json\/wp\/v2\/pages\/36"}],"wp:attachment":[{"href":"https:\/\/www.ire.pw.edu.pl\/en\/wp-json\/wp\/v2\/media?parent=8908"}],"curies":[{"name":"wp","href":"https:\/\/api.w.org\/{rel}","templated":true}]}}