{"id":8905,"date":"2020-09-25T09:23:56","date_gmt":"2020-09-25T08:23:56","guid":{"rendered":"https:\/\/www.ire.pw.edu.pl\/?page_id=8905"},"modified":"2023-10-03T10:02:58","modified_gmt":"2023-10-03T09:02:58","slug":"2020-2","status":"publish","type":"page","link":"https:\/\/www.ire.pw.edu.pl\/en\/o-instytucie\/nagrody-i-wyroznienia\/2020-2\/","title":{"rendered":"2020"},"content":{"rendered":"\n<p>NAGRODY&nbsp;DLA&nbsp;PRACOWNIK\u00d3W&nbsp;INSTYTUTU RADIOELEKTRONIKI&nbsp;I&nbsp;TECHNIK&nbsp;MULTIMEDIALNYCH PRZYZNANE PRZEZ JM REKTORA W ROKU 2020<\/p>\n\n\n\n<h5 class=\"wp-block-heading\">Nagrody za dzia\u0142alno\u015b\u0107 organizacyjn\u0105<\/h5>\n\n\n\n<p>prof. dr hab. in\u017c. Krzysztof Zaremba \u2013 I stopnia<\/p>\n\n\n\n<p>prof. dr hab. in\u017c. Roman Z. Morawski \u2013 III stopnia<\/p>\n\n\n\n<h5 class=\"wp-block-heading\">Nagroda za ca\u0142okszta\u0142t dorobku<\/h5>\n\n\n\n<h5 class=\"wp-block-heading\">prof. dr hab. in\u017c. W\u0142adys\u0142aw Skarbek \u2013 I stopnia<\/h5>\n\n\n\n<p><strong>Nagroda za dzia\u0142alno\u015b\u0107 dydaktyczn\u0105<\/strong><\/p>\n\n\n\n<p>prof. dr hab. in\u017c. Roman Z. Morawski \u2013 I stopnia<\/p>\n\n\n\n<p><strong>Nagroda za dzia\u0142alno\u015b\u0107 organizacyjn\u0105<\/strong><\/p>\n\n\n\n<p>dr hab. in\u017c. Bart\u0142omiej Salski, prof. uczelni \u2013 III stopnia<\/p>\n","protected":false},"excerpt":{"rendered":"<p>NAGRODY&nbsp;DLA&nbsp;PRACOWNIK\u00d3W&nbsp;INSTYTUTU RADIOELEKTRONIKI&nbsp;I&nbsp;TECHNIK&nbsp;MULTIMEDIALNYCH PRZYZNANE PRZEZ JM REKTORA W ROKU 2020 Nagrody za dzia\u0142alno\u015b\u0107 organizacyjn\u0105 prof. dr hab. in\u017c. Krzysztof Zaremba \u2013 I stopnia prof. dr hab. in\u017c. Roman Z. Morawski \u2013 III stopnia Nagroda za ca\u0142okszta\u0142t dorobku prof. dr hab. in\u017c. W\u0142adys\u0142aw Skarbek \u2013 I stopnia Nagroda za dzia\u0142alno\u015b\u0107 dydaktyczn\u0105 prof. dr hab. in\u017c. Roman Z. [&hellip;]<\/p>\n","protected":false},"author":8,"featured_media":0,"parent":36,"menu_order":0,"comment_status":"closed","ping_status":"closed","template":"","meta":{"ngg_post_thumbnail":0,"footnotes":""},"_links":{"self":[{"href":"https:\/\/www.ire.pw.edu.pl\/en\/wp-json\/wp\/v2\/pages\/8905"}],"collection":[{"href":"https:\/\/www.ire.pw.edu.pl\/en\/wp-json\/wp\/v2\/pages"}],"about":[{"href":"https:\/\/www.ire.pw.edu.pl\/en\/wp-json\/wp\/v2\/types\/page"}],"author":[{"embeddable":true,"href":"https:\/\/www.ire.pw.edu.pl\/en\/wp-json\/wp\/v2\/users\/8"}],"replies":[{"embeddable":true,"href":"https:\/\/www.ire.pw.edu.pl\/en\/wp-json\/wp\/v2\/comments?post=8905"}],"version-history":[{"count":1,"href":"https:\/\/www.ire.pw.edu.pl\/en\/wp-json\/wp\/v2\/pages\/8905\/revisions"}],"predecessor-version":[{"id":8906,"href":"https:\/\/www.ire.pw.edu.pl\/en\/wp-json\/wp\/v2\/pages\/8905\/revisions\/8906"}],"up":[{"embeddable":true,"href":"https:\/\/www.ire.pw.edu.pl\/en\/wp-json\/wp\/v2\/pages\/36"}],"wp:attachment":[{"href":"https:\/\/www.ire.pw.edu.pl\/en\/wp-json\/wp\/v2\/media?parent=8905"}],"curies":[{"name":"wp","href":"https:\/\/api.w.org\/{rel}","templated":true}]}}