{"id":89,"date":"2017-12-20T14:21:57","date_gmt":"2017-12-20T14:21:57","guid":{"rendered":"\/\/www.ire.pw.edu.pl\/?page_id=89"},"modified":"2025-05-19T10:20:19","modified_gmt":"2025-05-19T09:20:19","slug":"dyrekcja","status":"publish","type":"page","link":"https:\/\/www.ire.pw.edu.pl\/en\/struktura\/dyrekcja\/","title":{"rendered":"Dyrekcja"},"content":{"rendered":"<h3>Kierownictwo Instytutu Radioelektroniki i Technik Multimedialnych<\/h3>\n<div style=\"float: right; width: 100%; margin-bottom: 10px;\">\n<p style=\"width: 100%;\"><img decoding=\"async\" style=\"float: left; margin-right: 10px;\" src=\"\/wp-content\/uploads\/do_czasopisma-242x300.jpg\" alt=\"zdj\u0119cie prof. P. Bilskiego\" width=\"165\" \/><strong>Dyrektor Instytutu<\/strong><\/p>\n<p>prof. dr hab. in\u017c. Piotr Bilski<\/p>\n<p>pok\u00f3j 422<br \/>\ntelefon +48 (22) 2347742<br \/>\ne-mail: <a href=\"mailto:piotr.bilski@pw.edu.pl\">piotr.bilski@pw.edu.pl<\/a><\/p>\n<\/div>\n<div style=\"float: right; width: 100%; margin-bottom: 10px;\">\n<p style=\"width: 100%;\"><img decoding=\"async\" style=\"float: left; margin-right: 10px;\" src=\"\/wp-content\/uploads\/yyashczyshyn.jpg\" alt=\"zdj\u0119cie prof. Y. Yashchyshyna\" width=\"165\" \/><strong>Zast\u0119pca dyrektora ds. nauki<\/strong><\/p>\n<p>prof. dr hab. in\u017c. Yevhen Yashchyshyn<\/p>\n<p>pok\u00f3j 426<br \/>\ntelefon +48 (22) 2345367<br \/>\ne-mail: <a href=\"mailto:yevhen.yashchyshyn@pw.edu.pl\">yevhen.yashchyshyn@pw.edu.pl<\/a><\/p>\n<\/div>\n<div style=\"float: right; width: 100%; margin-bottom: 10px;\">\n<p style=\"width: 100%;\"><img decoding=\"async\" style=\"float: left; margin-right: 10px;\" src=\"\/wp-content\/uploads\/Buchowicz-2-225x300.jpg\" alt=\"zdj\u0119cie dra A. Buchowicza\" width=\"165\" \/><strong>Zast\u0119pca dyrektora ds. nauczania<\/strong><\/p>\n<p>dr in\u017c. Andrzej Buchowicz<\/p>\n<p>pok\u00f3j 424<br \/>\ntelefon +48 (22) 2347696, +48 (22) 2347829<br \/>\ne-mail: <a href=\"mailto:andrzej.buchowicz@pw.edu.pl\">andrzej.buchowicz@pw.edu.pl<\/a><\/p>\n<\/div>\n<div style=\"float: right; width: 100%; margin-bottom: 10px;\">\n<p style=\"width: 100%;\"><img decoding=\"async\" style=\"float: left; margin-right: 10px;\" src=\"\/wp-content\/uploads\/mkrysicki.jpg\" alt=\"zdj\u0119cie mgra M. Krysickiego\" width=\"165\" \/><strong>Pe\u0142nomocnik dyrektora ds. administracyjnych<\/strong><\/p>\n<p>mgr in\u017c. Mateusz Krysicki<\/p>\n<p>pok\u00f3j 422<br \/>\ntelefon +48 (22) 2347742<br \/>\ne-mail: <a href=\"mailto:mateusz.krysicki@pw.edu.pl\">mateusz.krysicki@pw.edu.pl<\/a><\/p>\n<\/div>\n","protected":false},"excerpt":{"rendered":"<p>Kierownictwo Instytutu Radioelektroniki i Technik Multimedialnych Dyrektor Instytutu prof. dr hab. in\u017c. Piotr Bilski pok\u00f3j 422 telefon +48 (22) 2347742 e-mail: piotr.bilski@pw.edu.pl Zast\u0119pca dyrektora ds. nauki prof. dr hab. in\u017c. Yevhen Yashchyshyn pok\u00f3j 426 telefon +48 (22) 2345367 e-mail: yevhen.yashchyshyn@pw.edu.pl Zast\u0119pca dyrektora ds. nauczania dr in\u017c. Andrzej Buchowicz pok\u00f3j 424 telefon +48 (22) 2347696, +48 [&hellip;]<\/p>\n","protected":false},"author":8,"featured_media":0,"parent":87,"menu_order":50,"comment_status":"closed","ping_status":"closed","template":"","meta":{"ngg_post_thumbnail":0,"footnotes":""},"_links":{"self":[{"href":"https:\/\/www.ire.pw.edu.pl\/en\/wp-json\/wp\/v2\/pages\/89"}],"collection":[{"href":"https:\/\/www.ire.pw.edu.pl\/en\/wp-json\/wp\/v2\/pages"}],"about":[{"href":"https:\/\/www.ire.pw.edu.pl\/en\/wp-json\/wp\/v2\/types\/page"}],"author":[{"embeddable":true,"href":"https:\/\/www.ire.pw.edu.pl\/en\/wp-json\/wp\/v2\/users\/8"}],"replies":[{"embeddable":true,"href":"https:\/\/www.ire.pw.edu.pl\/en\/wp-json\/wp\/v2\/comments?post=89"}],"version-history":[{"count":61,"href":"https:\/\/www.ire.pw.edu.pl\/en\/wp-json\/wp\/v2\/pages\/89\/revisions"}],"predecessor-version":[{"id":13009,"href":"https:\/\/www.ire.pw.edu.pl\/en\/wp-json\/wp\/v2\/pages\/89\/revisions\/13009"}],"up":[{"embeddable":true,"href":"https:\/\/www.ire.pw.edu.pl\/en\/wp-json\/wp\/v2\/pages\/87"}],"wp:attachment":[{"href":"https:\/\/www.ire.pw.edu.pl\/en\/wp-json\/wp\/v2\/media?parent=89"}],"curies":[{"name":"wp","href":"https:\/\/api.w.org\/{rel}","templated":true}]}}