{"id":87,"date":"2017-12-20T14:20:47","date_gmt":"2017-12-20T14:20:47","guid":{"rendered":"\/\/www.ire.pw.edu.pl\/?page_id=87"},"modified":"2018-08-11T23:18:16","modified_gmt":"2018-08-11T23:18:16","slug":"struktura","status":"publish","type":"page","link":"https:\/\/www.ire.pw.edu.pl\/en\/struktura\/","title":{"rendered":"Struktura"},"content":{"rendered":"<p><img loading=\"lazy\" decoding=\"async\" class=\"aligncenter size-large wp-image-4065\" src=\"https:\/\/www.ire.pw.edu.pl\/wp-content\/uploads\/DSCF0404-e1534029045522-1024x735.jpg\" alt=\"\" width=\"1024\" height=\"735\" srcset=\"https:\/\/www.ire.pw.edu.pl\/wp-content\/uploads\/DSCF0404-e1534029045522-1024x735.jpg 1024w, https:\/\/www.ire.pw.edu.pl\/wp-content\/uploads\/DSCF0404-e1534029045522-300x215.jpg 300w, https:\/\/www.ire.pw.edu.pl\/wp-content\/uploads\/DSCF0404-e1534029045522-768x551.jpg 768w\" sizes=\"(max-width: 1024px) 100vw, 1024px\" \/>W Gmachu im. Prof. Janusza Groszkowskiego przy ulicy Nowowiejskiej 15\/19 (00-665 Warszawa)&nbsp; zajmujemy pomieszczenia na 5 pi\u0119trze, 4 pi\u0119trze, 1 pi\u0119trze, na parterze i na poziomie &#8220;-1&#8221;.<\/p>\n<p>Informacje o <a href=\"https:\/\/www.ire.pw.edu.pl\/struktura\/dyrekcja\/\">dyrekcji<\/a>, <a href=\"https:\/\/www.ire.pw.edu.pl\/struktura\/zaklady\/\">zak\u0142adach<\/a>, <a href=\"https:\/\/www.ire.pw.edu.pl\/struktura\/jednostki-administracyjno-finansowe\/\">innych jednostkach organizacyjnych<\/a>, pracownikach, doktorantach i wsp\u00f3\u0142pracownikach &#8211; w poszczeg\u00f3lnych zak\u0142adkach.<\/p>\n<p>&nbsp;<\/p>\n","protected":false},"excerpt":{"rendered":"<p>W Gmachu im. Prof. Janusza Groszkowskiego przy ulicy Nowowiejskiej 15\/19 (00-665 Warszawa)&nbsp; zajmujemy pomieszczenia na 5 pi\u0119trze, 4 pi\u0119trze, 1 pi\u0119trze, na parterze i na poziomie &#8220;-1&#8221;. Informacje o dyrekcji, zak\u0142adach, innych jednostkach organizacyjnych, pracownikach, doktorantach i wsp\u00f3\u0142pracownikach &#8211; w poszczeg\u00f3lnych zak\u0142adkach. &nbsp;<\/p>\n","protected":false},"author":8,"featured_media":0,"parent":0,"menu_order":10,"comment_status":"closed","ping_status":"closed","template":"","meta":{"ngg_post_thumbnail":0,"footnotes":""},"_links":{"self":[{"href":"https:\/\/www.ire.pw.edu.pl\/en\/wp-json\/wp\/v2\/pages\/87"}],"collection":[{"href":"https:\/\/www.ire.pw.edu.pl\/en\/wp-json\/wp\/v2\/pages"}],"about":[{"href":"https:\/\/www.ire.pw.edu.pl\/en\/wp-json\/wp\/v2\/types\/page"}],"author":[{"embeddable":true,"href":"https:\/\/www.ire.pw.edu.pl\/en\/wp-json\/wp\/v2\/users\/8"}],"replies":[{"embeddable":true,"href":"https:\/\/www.ire.pw.edu.pl\/en\/wp-json\/wp\/v2\/comments?post=87"}],"version-history":[{"count":3,"href":"https:\/\/www.ire.pw.edu.pl\/en\/wp-json\/wp\/v2\/pages\/87\/revisions"}],"predecessor-version":[{"id":6645,"href":"https:\/\/www.ire.pw.edu.pl\/en\/wp-json\/wp\/v2\/pages\/87\/revisions\/6645"}],"wp:attachment":[{"href":"https:\/\/www.ire.pw.edu.pl\/en\/wp-json\/wp\/v2\/media?parent=87"}],"curies":[{"name":"wp","href":"https:\/\/api.w.org\/{rel}","templated":true}]}}