{"id":6495,"date":"2019-05-15T12:19:05","date_gmt":"2019-05-15T11:19:05","guid":{"rendered":"https:\/\/www.ire.pw.edu.pl\/?page_id=6495"},"modified":"2019-05-16T08:43:23","modified_gmt":"2019-05-16T07:43:23","slug":"jacek-marceli-wojciechowski-1942-2015","status":"publish","type":"page","link":"https:\/\/www.ire.pw.edu.pl\/en\/about-the-institute-2\/biographies-of-professors-2\/jacek-marceli-wojciechowski-1942-2015\/","title":{"rendered":"Jacek Marceli Wojciechowski (1942-2015)"},"content":{"rendered":"\r\n<p><img loading=\"lazy\" decoding=\"async\" class=\"alignright  wp-image-6498\" src=\"https:\/\/www.ire.pw.edu.pl\/wp-content\/uploads\/DSC_0716-HDTV-1080bw-300x300.jpg\" alt=\"\" width=\"257\" height=\"257\" \/><\/p>\r\n<p>Prof. Wojciechowski\u2019s research interests were concentrated on applications of mathematical methods in technology and on software aspects of system analysis and design, in the particular on sensitivity system analysis, energy-related system design, integrated circuits design, fault diagnosis, graph and network theory and radiocommunication systems. He published over 100 research papers in these domains. During his academic life he had been lecturing on circuit theory, signal and system theory, graphs and networks, modulation theory, sensitivity system analysis, digital telecommunication systems, digital signal processing, etc. He was the author and co-author of three academic manuscripts. His name was cited in <em>Who is Who in the World <\/em>(Marquis, 1999, 2000). His hobbies were cycle tourism, skiing, and history. He was the co-author of the book \u201c<em>Bicycle&#8221;. <br \/><\/em><\/p>\r\n\r\n\r\n\r\n<h2 class=\"wp-block-heading\">Titles and degrees<\/h2>\r\n\r\n\r\n\r\n<table class=\"wp-block-table\">\r\n<tbody>\r\n<tr>\r\n<td>1966 \u00a0<\/td>\r\n<td>M.Sc. degree in electronics (mathematical machines, Warsaw University of Technology -Poland)<\/td>\r\n<\/tr>\r\n<tr>\r\n<td>1975<\/td>\r\n<td>M.Sc. degree in mathematics (numerical methods, University of Warsaw, Poland)<\/td>\r\n<\/tr>\r\n<tr>\r\n<td>1976<\/td>\r\n<td>Ph.D. degree with honours (thesis entitled \u201c<em>Block graphs and their application in electrical linear system analysis<\/em>\u201d in Polish, Warsaw University of Technology)<\/td>\r\n<\/tr>\r\n<tr>\r\n<td>1989<\/td>\r\n<td>D.Sc. degree (monograph entitled \u201c<em>Sensitivity analysis of analog electrical systems with application of the Tellegen theorem<\/em>\u201d in Polish, Warsaw University of Technology)<\/td>\r\n<\/tr>\r\n<tr>\r\n<td>2002<\/td>\r\n<td>Professor title from the President of the Republic of Poland<\/td>\r\n<\/tr>\r\n<\/tbody>\r\n<\/table>\r\n\r\n\r\n\r\n<h2 class=\"wp-block-heading\">Professional experience<\/h2>\r\n\r\n\r\n\r\n<table class=\"wp-block-table\">\r\n<tbody>\r\n<tr>\r\n<td>1966-1970<\/td>\r\n<td>Institute of Mathematical Machines, Warsaw, Poland<\/td>\r\n<\/tr>\r\n<tr>\r\n<td>1970-2015<\/td>\r\n<td>Warsaw University of Technology, Faculty of Electronics and Information Technology<\/td>\r\n<\/tr>\r\n<tr>\r\n<td>1997-2000<\/td>\r\n<td>Warsaw University of Technology, Faculty of Electronics and Information Technology, <em>Head <\/em>of the Radiocommunication Division, Institute of Radioelectronics<\/td>\r\n<\/tr>\r\n<tr>\r\n<td>1981-1983<\/td>\r\n<td>Mc-Master University (Canada), <em>post Ph. D. placement<\/em>, Simulation and Optimization Systems group<\/td>\r\n<\/tr>\r\n<tr>\r\n<td>1984-1986<\/td>\r\n<td>Washington State University (USA), <em>visiting professor<\/em><\/td>\r\n<\/tr>\r\n<tr>\r\n<td>1990-1991<\/td>\r\n<td>University of Waterlooo (Canada), <em>visiting professor<\/em><\/td>\r\n<\/tr>\r\n<tr>\r\n<td>1990-1993<\/td>\r\n<td>Committee of Electronics and Telecommunication of the Polish Academy of Sciences, <em>member<\/em><\/td>\r\n<\/tr>\r\n<tr>\r\n<td>1991-1996<\/td>\r\n<td>Warsaw University of Technology, Faculty of Electronics and Information Technology, Institute of Electronic Systems,<em> Deputy Director for Science<\/em><\/td>\r\n<\/tr>\r\n<tr>\r\n<td>1995-1998<\/td>\r\n<td>Warsaw University of Technology, Faculty of Electronics and Information Technology, <em>coordinator<\/em> of the TEMPUS programme &#8220;Education for Signal Processing and Circuits for Signal Processing\u201d<\/td>\r\n<\/tr>\r\n<tr>\r\n<td>1996-2001<\/td>\r\n<td>Institut Fran\u00e7ais du Petrole, <em>counselor<\/em><\/td>\r\n<\/tr>\r\n<tr>\r\n<td>1996-2015<\/td>\r\n<td>Wydawnictwa Komunikacji I \u0141\u0105czno\u015bci, <em>edition counselor<\/em><\/td>\r\n<\/tr>\r\n<tr>\r\n<td>2001-2002<\/td>\r\n<td>Ohio University (USA), <em>visiting professor<\/em>, School of Electrical Engineering and Computer Science<\/td>\r\n<\/tr>\r\n<\/tbody>\r\n<\/table>\r\n","protected":false},"excerpt":{"rendered":"<p>Prof. Wojciechowski\u2019s research interests were concentrated on applications of mathematical methods in technology and on software aspects of system analysis and design, in the particular on sensitivity system analysis, energy-related system design, integrated circuits design, fault diagnosis, graph and network theory and radiocommunication systems. He published over 100 research papers in these domains. During his [&hellip;]<\/p>\n","protected":false},"author":8,"featured_media":0,"parent":3804,"menu_order":170,"comment_status":"closed","ping_status":"closed","template":"","meta":{"ngg_post_thumbnail":0,"footnotes":""},"_links":{"self":[{"href":"https:\/\/www.ire.pw.edu.pl\/en\/wp-json\/wp\/v2\/pages\/6495"}],"collection":[{"href":"https:\/\/www.ire.pw.edu.pl\/en\/wp-json\/wp\/v2\/pages"}],"about":[{"href":"https:\/\/www.ire.pw.edu.pl\/en\/wp-json\/wp\/v2\/types\/page"}],"author":[{"embeddable":true,"href":"https:\/\/www.ire.pw.edu.pl\/en\/wp-json\/wp\/v2\/users\/8"}],"replies":[{"embeddable":true,"href":"https:\/\/www.ire.pw.edu.pl\/en\/wp-json\/wp\/v2\/comments?post=6495"}],"version-history":[{"count":9,"href":"https:\/\/www.ire.pw.edu.pl\/en\/wp-json\/wp\/v2\/pages\/6495\/revisions"}],"predecessor-version":[{"id":6508,"href":"https:\/\/www.ire.pw.edu.pl\/en\/wp-json\/wp\/v2\/pages\/6495\/revisions\/6508"}],"up":[{"embeddable":true,"href":"https:\/\/www.ire.pw.edu.pl\/en\/wp-json\/wp\/v2\/pages\/3804"}],"wp:attachment":[{"href":"https:\/\/www.ire.pw.edu.pl\/en\/wp-json\/wp\/v2\/media?parent=6495"}],"curies":[{"name":"wp","href":"https:\/\/api.w.org\/{rel}","templated":true}]}}