{"id":5447,"date":"2019-02-05T23:25:13","date_gmt":"2019-02-05T22:25:13","guid":{"rendered":"https:\/\/www.ire.pw.edu.pl\/?page_id=5447"},"modified":"2023-10-23T22:23:00","modified_gmt":"2023-10-23T21:23:00","slug":"pdis","status":"publish","type":"page","link":"https:\/\/www.ire.pw.edu.pl\/en\/zejim\/pracownie\/pdis\/","title":{"rendered":"PDiS"},"content":{"rendered":"<div class=\"wpb-content-wrapper\"><p>[vc_row][vc_column][vc_column_text]<\/p>\n<h2>Pracownia Detekcji i Spektrometrii<\/h2>\n<h3>G\u0142\u00f3wne obszary dzia\u0142alno\u015bci<\/h3>\n<ul>\n<li>Konstrukcja detektor\u00f3w i system\u00f3w odczytu danych dla eksperyment\u00f3w fizyki wysokich energii\n<ul>\n<li><a href=\"https:\/\/www.hyperk.org\/\">Hyper-K<\/a> (Japonia)<\/li>\n<li><a href=\"https:\/\/t2k-experiment.org\/\">T2K<\/a> (Japonia)<\/li>\n<li><a href=\"http:\/\/wwwcompass.cern.ch\/\">COMPASS<\/a> (CERN)<\/li>\n<li><a href=\"https:\/\/amber.web.cern.ch\/\">AMBER<\/a> (CERN)<\/li>\n<\/ul>\n<\/li>\n<li>Zastosowania metod typu \u201esoft-computing\u201d w przetwarzaniu i analizie danych eksperymentalnych<\/li>\n<li>Konstrukcja system\u00f3w nadzoru pacjent\u00f3w typu &#8220;wearables&#8221;<\/li>\n<li>Analiza danych w genomice i proteomice<\/li>\n<li>Elektrokardiografia<\/li>\n<li>Systemy rentgenowskie w medycynie i przemy\u015ble<\/li>\n<li>Tomografia optyczna (dyfuzyjna i koherencyjna)<\/li>\n<li>Konstrukcja element\u00f3w system\u00f3w sterowania przemys\u0142owego (CC-Link)<\/li>\n<li>Urz\u0105dzenia IoT w domowej opiece medycznej<\/li>\n<\/ul>\n<p>[\/vc_column_text][vc_btn title=&#8221;Nasze prace naukowe&#8221; color=&#8221;chino&#8221; size=&#8221;sm&#8221; link=&#8221;url:https%3A%2F%2Fwww.ire.pw.edu.pl%2Fzejim%2Fpracownie%2Fpdis%2Fprace-naukowe%2F|||&#8221;][\/vc_column][\/vc_row][vc_row][vc_column][vc_text_separator title=&#8221;Sk\u0142ad osobowy&#8221; title_align=&#8221;separator_align_left&#8221; align=&#8221;align_left&#8221; style=&#8221;dashed&#8221;][vc_row_inner][vc_column_inner width=&#8221;1\/3&#8243;][vc_column_text]<a href=\"https:\/\/www.ire.pw.edu.pl\/wp-content\/uploads\/zejim\/pdis\/KZaremba.jpg\"><img loading=\"lazy\" decoding=\"async\" class=\"alignright wp-image-5497\" src=\"https:\/\/www.ire.pw.edu.pl\/wp-content\/uploads\/zejim\/pdis\/KZaremba.jpg\" alt=\"\" width=\"80\" height=\"106\"><\/a><br \/>\nprof. dr. hab. in\u017c. Krzysztof&nbsp;Zaremba<br \/>\n<em>kierownik pracowni<\/em>[\/vc_column_text][\/vc_column_inner][vc_column_inner width=&#8221;1\/3&#8243;][vc_column_text]<a href=\"https:\/\/www.ire.pw.edu.pl\/wp-content\/uploads\/zejim\/pdis\/JMarzec.jpg\"><img loading=\"lazy\" decoding=\"async\" class=\"alignright wp-image-5493\" src=\"https:\/\/www.ire.pw.edu.pl\/wp-content\/uploads\/zejim\/pdis\/JMarzec.jpg\" alt=\"\" width=\"80\" height=\"106\"><\/a><br \/>\nprof. dr hab. in\u017c. Janusz&nbsp;Marzec, prof.&nbsp;PW<br \/>\n[\/vc_column_text][\/vc_column_inner][vc_column_inner width=&#8221;1\/3&#8243;][vc_column_text]<a href=\"https:\/\/www.ire.pw.edu.pl\/wp-content\/uploads\/zejim\/pdis\/GDomanski.jpg\"><img loading=\"lazy\" decoding=\"async\" class=\"alignright wp-image-5489\" src=\"https:\/\/www.ire.pw.edu.pl\/wp-content\/uploads\/zejim\/pdis\/GDomanski.jpg\" alt=\"\" width=\"80\" height=\"106\"><\/a><br \/>\ndr in\u017c. Grzegorz Doma\u0144ski[\/vc_column_text][\/vc_column_inner][\/vc_row_inner][vc_separator color=&#8221;chino&#8221; css=&#8221;.vc_custom_1549444967886{padding-top: 10px !important;}&#8221;][vc_row_inner][vc_column_inner width=&#8221;1\/3&#8243;][vc_column_text]<a href=\"https:\/\/www.ire.pw.edu.pl\/wp-content\/uploads\/zejim\/pdis\/BKonarzewski.jpg\"><img loading=\"lazy\" decoding=\"async\" class=\"alignright wp-image-5491\" src=\"https:\/\/www.ire.pw.edu.pl\/wp-content\/uploads\/zejim\/pdis\/BKonarzewski.jpg\" alt=\"\" width=\"80\" height=\"106\"><\/a><br \/>\ndr in\u017c. Bogumi\u0142 Konarzewski[\/vc_column_text][\/vc_column_inner][vc_column_inner width=&#8221;1\/3&#8243;][vc_column_text]<a href=\"https:\/\/www.ire.pw.edu.pl\/wp-content\/uploads\/zejim\/pdis\/RKurjata.jpg\"><img loading=\"lazy\" decoding=\"async\" class=\"alignright wp-image-5501\" src=\"https:\/\/www.ire.pw.edu.pl\/wp-content\/uploads\/zejim\/pdis\/RKurjata.jpg\" alt=\"\" width=\"80\" height=\"104\"><\/a><br \/>\ndr in\u017c. Robert Kurjata[\/vc_column_text][\/vc_column_inner][vc_column_inner width=&#8221;1\/3&#8243;][vc_column_text]<a href=\"https:\/\/www.ire.pw.edu.pl\/wp-content\/uploads\/zejim\/pdis\/ZPawlowski.jpg\"><img loading=\"lazy\" decoding=\"async\" class=\"alignright wp-image-5507\" src=\"https:\/\/www.ire.pw.edu.pl\/wp-content\/uploads\/zejim\/pdis\/ZPawlowski.jpg\" alt=\"\" width=\"80\" height=\"106\"><\/a><br \/>\nprof. dr hab. in\u017c. Zdzis\u0142aw Paw\u0142owski<br \/>\n<em>nasz Mistrz, obecnie na emeryturze<\/em>[\/vc_column_text][\/vc_column_inner][\/vc_row_inner][vc_separator color=&#8221;chino&#8221; css=&#8221;.vc_custom_1549444973593{padding-top: 10px !important;}&#8221;][vc_row_inner][vc_column_inner width=&#8221;1\/3&#8243;][vc_column_text]<a href=\"https:\/\/www.ire.pw.edu.pl\/wp-content\/uploads\/zejim\/pdis\/trubel.jpg\"><img loading=\"lazy\" decoding=\"async\" class=\"alignright wp-image-5505\" src=\"https:\/\/www.ire.pw.edu.pl\/wp-content\/uploads\/zejim\/pdis\/trubel.jpg\" alt=\"\" width=\"80\" height=\"101\"><\/a><br \/>\ndr in\u017c. Tymon Rubel[\/vc_column_text][\/vc_column_inner][vc_column_inner width=&#8221;1\/3&#8243;][vc_column_text]<a href=\"https:\/\/www.ire.pw.edu.pl\/wp-content\/uploads\/zejim\/pdis\/mziembicki.jpg\"><img loading=\"lazy\" decoding=\"async\" class=\"alignright wp-image-5499\" src=\"https:\/\/www.ire.pw.edu.pl\/wp-content\/uploads\/zejim\/pdis\/mziembicki.jpg\" alt=\"\" width=\"80\" height=\"101\"><\/a><br \/>\ndr in\u017c. Marcin Ziembicki[\/vc_column_text][\/vc_column_inner][vc_column_inner width=&#8221;1\/3&#8243;][vc_column_text]<a href=\"https:\/\/www.ire.pw.edu.pl\/wp-content\/uploads\/zejim\/pdis\/arychter.jpg\"><img loading=\"lazy\" decoding=\"async\" class=\"alignright wp-image-5495\" src=\"https:\/\/www.ire.pw.edu.pl\/wp-content\/uploads\/zejim\/pdis\/arychter.jpg\" alt=\"\" width=\"80\" height=\"106\"><\/a><br \/>\ndr in\u017c Andrzej Rychter[\/vc_column_text][\/vc_column_inner][\/vc_row_inner][vc_row_inner][vc_column_inner width=&#8221;1\/3&#8243;][\/vc_column_inner][vc_column_inner width=&#8221;1\/3&#8243;][vc_column_text]mgr in\u017c. Krzysztof Dygnarowicz[\/vc_column_text][\/vc_column_inner][vc_column_inner width=&#8221;1\/3&#8243;][\/vc_column_inner][\/vc_row_inner][\/vc_column][\/vc_row]<\/p>\n<\/div>","protected":false},"excerpt":{"rendered":"<p>[vc_row][vc_column][vc_column_text] Pracownia Detekcji i Spektrometrii G\u0142\u00f3wne obszary dzia\u0142alno\u015bci Konstrukcja detektor\u00f3w i system\u00f3w odczytu danych dla eksperyment\u00f3w fizyki wysokich energii Hyper-K (Japonia) T2K (Japonia) COMPASS (CERN) AMBER (CERN) Zastosowania metod typu \u201esoft-computing\u201d w przetwarzaniu i analizie danych eksperymentalnych Konstrukcja system\u00f3w nadzoru pacjent\u00f3w typu &#8220;wearables&#8221; Analiza danych w genomice i proteomice Elektrokardiografia Systemy rentgenowskie w medycynie i [&hellip;]<\/p>\n","protected":false},"author":1,"featured_media":0,"parent":5436,"menu_order":0,"comment_status":"closed","ping_status":"closed","template":"","meta":{"ngg_post_thumbnail":0,"footnotes":""},"_links":{"self":[{"href":"https:\/\/www.ire.pw.edu.pl\/en\/wp-json\/wp\/v2\/pages\/5447"}],"collection":[{"href":"https:\/\/www.ire.pw.edu.pl\/en\/wp-json\/wp\/v2\/pages"}],"about":[{"href":"https:\/\/www.ire.pw.edu.pl\/en\/wp-json\/wp\/v2\/types\/page"}],"author":[{"embeddable":true,"href":"https:\/\/www.ire.pw.edu.pl\/en\/wp-json\/wp\/v2\/users\/1"}],"replies":[{"embeddable":true,"href":"https:\/\/www.ire.pw.edu.pl\/en\/wp-json\/wp\/v2\/comments?post=5447"}],"version-history":[{"count":27,"href":"https:\/\/www.ire.pw.edu.pl\/en\/wp-json\/wp\/v2\/pages\/5447\/revisions"}],"predecessor-version":[{"id":12152,"href":"https:\/\/www.ire.pw.edu.pl\/en\/wp-json\/wp\/v2\/pages\/5447\/revisions\/12152"}],"up":[{"embeddable":true,"href":"https:\/\/www.ire.pw.edu.pl\/en\/wp-json\/wp\/v2\/pages\/5436"}],"wp:attachment":[{"href":"https:\/\/www.ire.pw.edu.pl\/en\/wp-json\/wp\/v2\/media?parent=5447"}],"curies":[{"name":"wp","href":"https:\/\/api.w.org\/{rel}","templated":true}]}}