{"id":5445,"date":"2019-02-05T23:24:40","date_gmt":"2019-02-05T22:24:40","guid":{"rendered":"https:\/\/www.ire.pw.edu.pl\/?page_id=5445"},"modified":"2019-02-06T14:00:01","modified_gmt":"2019-02-06T13:00:01","slug":"pbinsk","status":"publish","type":"page","link":"https:\/\/www.ire.pw.edu.pl\/en\/zejim\/pracownie\/pbinsk\/","title":{"rendered":"PBiNSK"},"content":{"rendered":"<div class=\"wpb-content-wrapper\"><p>[vc_row][vc_column][vc_column_text]<\/p>\n<h2>Pracownia Biomedycznych i Nukleonicznych System\u00f3w Komputerowych<\/h2>\n<p>W zakresie naszych zainteresowa\u0144 le\u017c\u0105<\/p>\n<ol>\n<li>Badania Funkcjonalne przy wykorzystaniu technik:\n<ul>\n<li>Rezonansu Magnetycznego,\n<ul>\n<li>funkcjonalny rezonans magnetyczny (fMRI) [obrazowanie BOLD],<\/li>\n<li>perfuzja w rezonansie magnetycznym,<\/li>\n<li>obrazowanie tensora dyfuzji (DTI),<\/li>\n<li>spektroskopia,<\/li>\n<\/ul>\n<\/li>\n<li>Tomografii Komputerowej,\n<ul>\n<li>perfuzja,<\/li>\n<\/ul>\n<\/li>\n<li>Tomografii Optycznej.<\/li>\n<\/ul>\n<\/li>\n<li>Osprz\u0119t i oprogramowanie wspomagaj\u0105ce medycyn\u0119:\n<ul>\n<li>Elektrokardiografia\n<ul>\n<li>rejestracja i analiza wysokorozdzielczego EKG,<\/li>\n<li>baza danych przebieg\u00f3w EKG,<\/li>\n<\/ul>\n<\/li>\n<li>Paradigm Designer &#8211; Oprogramowanie do projektowania i prezentacji bod\u017ac\u00f3w w badaniach funkcjonalnego rezonansu magnetycznego (fMRI),<\/li>\n<li>Zestaw urz\u0105dze\u0144 do prezentacji bod\u017ac\u00f3w i rejestracji reakcji pacjenta w badaniach fMRI,\n<ul>\n<li>Response Pad &#8211; urz\u0105dzenie do rejestracji reakcji pacjenta na bod\u017ace w badaniach fMRI,<\/li>\n<\/ul>\n<ul>\n<li>Audio Stymulator &#8211; System podawania bod\u017aca akustycznego dla bada\u0144 fMRI.<\/li>\n<\/ul>\n<\/li>\n<\/ul>\n<\/li>\n<\/ol>\n<p>&nbsp;[\/vc_column_text][vc_btn title=&#8221;Nasze prace naukowe&#8221; color=&#8221;chino&#8221; size=&#8221;sm&#8221; link=&#8221;url:https%3A%2F%2Fwww.ire.pw.edu.pl%2Fzejim%2Fpracownie%2Fpbinsk%2Fprace-naukowe%2F|||&#8221;][vc_btn title=&#8221;Poprzednia strona pracowni&#8221; size=&#8221;sm&#8221; align=&#8221;right&#8221; link=&#8221;url:http%3A%2F%2Fwww.ire.pw.edu.pl%2F~binskcvs%2Fjml%2Findex.php||target:%20_blank|&#8221;][vc_text_separator title=&#8221;Sk\u0142ad osobowy&#8221; title_align=&#8221;separator_align_left&#8221; color=&#8221;chino&#8221; style=&#8221;dashed&#8221;][vc_row_inner][vc_column_inner width=&#8221;1\/3&#8243;][vc_column_text]<img loading=\"lazy\" decoding=\"async\" class=\"alignright wp-image-5713\" src=\"https:\/\/www.ire.pw.edu.pl\/wp-content\/uploads\/zejim\/pbinsk\/pbogorodzki-225x300.jpg\" alt=\"\" width=\"80\" height=\"107\" srcset=\"https:\/\/www.ire.pw.edu.pl\/wp-content\/uploads\/zejim\/pbinsk\/pbogorodzki-225x300.jpg 225w, https:\/\/www.ire.pw.edu.pl\/wp-content\/uploads\/zejim\/pbinsk\/pbogorodzki-768x1024.jpg 768w, https:\/\/www.ire.pw.edu.pl\/wp-content\/uploads\/zejim\/pbinsk\/pbogorodzki.jpg 960w\" sizes=\"(max-width: 80px) 100vw, 80px\" \/><br \/>\ndr hab. in\u017c. Piotr Bogorodzki, prof&nbsp;PW[\/vc_column_text][\/vc_column_inner][vc_column_inner width=&#8221;1\/3&#8243;][vc_column_text]<img loading=\"lazy\" decoding=\"async\" class=\"alignright wp-image-5711\" src=\"https:\/\/www.ire.pw.edu.pl\/wp-content\/uploads\/zejim\/pbinsk\/epiatkowska-225x300.jpg\" alt=\"\" width=\"80\" height=\"107\" srcset=\"https:\/\/www.ire.pw.edu.pl\/wp-content\/uploads\/zejim\/pbinsk\/epiatkowska-225x300.jpg 225w, https:\/\/www.ire.pw.edu.pl\/wp-content\/uploads\/zejim\/pbinsk\/epiatkowska-768x1024.jpg 768w, https:\/\/www.ire.pw.edu.pl\/wp-content\/uploads\/zejim\/pbinsk\/epiatkowska.jpg 960w\" sizes=\"(max-width: 80px) 100vw, 80px\" \/><br \/>\ndr in\u017c. Ewa Pi\u0105tkowska-Janko[\/vc_column_text][\/vc_column_inner][vc_column_inner width=&#8221;1\/3&#8243;][vc_column_text]<img loading=\"lazy\" decoding=\"async\" class=\"wp-image-5709 alignright\" src=\"https:\/\/www.ire.pw.edu.pl\/wp-content\/uploads\/zejim\/pbinsk\/wobrebski-233x300.jpg\" alt=\"\" width=\"80\" height=\"103\" srcset=\"https:\/\/www.ire.pw.edu.pl\/wp-content\/uploads\/zejim\/pbinsk\/wobrebski-233x300.jpg 233w, https:\/\/www.ire.pw.edu.pl\/wp-content\/uploads\/zejim\/pbinsk\/wobrebski.jpg 413w\" sizes=\"(max-width: 80px) 100vw, 80px\" \/><br \/>\nmgr in\u017c. Wojciech Obr\u0119bski[\/vc_column_text][\/vc_column_inner][\/vc_row_inner][vc_separator color=&#8221;chino&#8221;][vc_row_inner][vc_column_inner width=&#8221;1\/3&#8243;][\/vc_column_inner][vc_column_inner width=&#8221;1\/3&#8243;][vc_column_text]<img loading=\"lazy\" decoding=\"async\" class=\"size-full wp-image-5607 alignright\" src=\"https:\/\/www.ire.pw.edu.pl\/wp-content\/uploads\/empty-photo.png\" alt=\"\" width=\"80\" height=\"107\"><br \/>\nmgr in\u017c. Micha\u0142 Wieteska<br \/>\n<em>doktorant<\/em>[\/vc_column_text][\/vc_column_inner][vc_column_inner width=&#8221;1\/3&#8243;][\/vc_column_inner][\/vc_row_inner][vc_separator color=&#8221;chino&#8221;][\/vc_column][\/vc_row]<\/p>\n<\/div>","protected":false},"excerpt":{"rendered":"<p>[vc_row][vc_column][vc_column_text] Pracownia Biomedycznych i Nukleonicznych System\u00f3w Komputerowych W zakresie naszych zainteresowa\u0144 le\u017c\u0105 Badania Funkcjonalne przy wykorzystaniu technik: Rezonansu Magnetycznego, funkcjonalny rezonans magnetyczny (fMRI) [obrazowanie BOLD], perfuzja w rezonansie magnetycznym, obrazowanie tensora dyfuzji (DTI), spektroskopia, Tomografii Komputerowej, perfuzja, Tomografii Optycznej. Osprz\u0119t i oprogramowanie wspomagaj\u0105ce medycyn\u0119: Elektrokardiografia rejestracja i analiza wysokorozdzielczego EKG, baza danych przebieg\u00f3w EKG, Paradigm [&hellip;]<\/p>\n","protected":false},"author":1,"featured_media":0,"parent":5436,"menu_order":0,"comment_status":"closed","ping_status":"closed","template":"","meta":{"ngg_post_thumbnail":0,"footnotes":""},"_links":{"self":[{"href":"https:\/\/www.ire.pw.edu.pl\/en\/wp-json\/wp\/v2\/pages\/5445"}],"collection":[{"href":"https:\/\/www.ire.pw.edu.pl\/en\/wp-json\/wp\/v2\/pages"}],"about":[{"href":"https:\/\/www.ire.pw.edu.pl\/en\/wp-json\/wp\/v2\/types\/page"}],"author":[{"embeddable":true,"href":"https:\/\/www.ire.pw.edu.pl\/en\/wp-json\/wp\/v2\/users\/1"}],"replies":[{"embeddable":true,"href":"https:\/\/www.ire.pw.edu.pl\/en\/wp-json\/wp\/v2\/comments?post=5445"}],"version-history":[{"count":5,"href":"https:\/\/www.ire.pw.edu.pl\/en\/wp-json\/wp\/v2\/pages\/5445\/revisions"}],"predecessor-version":[{"id":5721,"href":"https:\/\/www.ire.pw.edu.pl\/en\/wp-json\/wp\/v2\/pages\/5445\/revisions\/5721"}],"up":[{"embeddable":true,"href":"https:\/\/www.ire.pw.edu.pl\/en\/wp-json\/wp\/v2\/pages\/5436"}],"wp:attachment":[{"href":"https:\/\/www.ire.pw.edu.pl\/en\/wp-json\/wp\/v2\/media?parent=5445"}],"curies":[{"name":"wp","href":"https:\/\/api.w.org\/{rel}","templated":true}]}}