{"id":5436,"date":"2019-02-05T23:19:29","date_gmt":"2019-02-05T22:19:29","guid":{"rendered":"https:\/\/www.ire.pw.edu.pl\/?page_id=5436"},"modified":"2019-02-06T09:52:42","modified_gmt":"2019-02-06T08:52:42","slug":"pracownie","status":"publish","type":"page","link":"https:\/\/www.ire.pw.edu.pl\/en\/zejim\/pracownie\/","title":{"rendered":"Pracownie"},"content":{"rendered":"<p><b>Struktura<\/b><\/p>\n<p>W Zak\u0142adzie Elektroniki J\u0105drowej i Medycznej dzia\u0142aj\u0105 nast\u0119puj\u0105ce pracownie:<\/p>\n<ul>\n<li><a href=\"https:\/\/www.ire.pw.edu.pl\/zejim\/pracownie\/pbinsk\/\">Pracownia Biomedycznych i Nukleonicznych System\u00f3w Komputerowych <\/a><\/li>\n<li><a href=\"https:\/\/www.ire.pw.edu.pl\/zejim\/pracownie\/pdis\/\">Pracownia Detekcji i Spektrometrii<\/a><\/li>\n<li><a href=\"https:\/\/www.ire.pw.edu.pl\/zejim\/pracownie\/psaipi\/\">Pracownia System\u00f3w Akwizycji i Przetwarzania Informacji<\/a><\/li>\n<\/ul>\n","protected":false},"excerpt":{"rendered":"<p>Struktura W Zak\u0142adzie Elektroniki J\u0105drowej i Medycznej dzia\u0142aj\u0105 nast\u0119puj\u0105ce pracownie: Pracownia Biomedycznych i Nukleonicznych System\u00f3w Komputerowych Pracownia Detekcji i Spektrometrii Pracownia System\u00f3w Akwizycji i Przetwarzania Informacji<\/p>\n","protected":false},"author":1,"featured_media":0,"parent":5396,"menu_order":0,"comment_status":"closed","ping_status":"closed","template":"","meta":{"ngg_post_thumbnail":0,"footnotes":""},"_links":{"self":[{"href":"https:\/\/www.ire.pw.edu.pl\/en\/wp-json\/wp\/v2\/pages\/5436"}],"collection":[{"href":"https:\/\/www.ire.pw.edu.pl\/en\/wp-json\/wp\/v2\/pages"}],"about":[{"href":"https:\/\/www.ire.pw.edu.pl\/en\/wp-json\/wp\/v2\/types\/page"}],"author":[{"embeddable":true,"href":"https:\/\/www.ire.pw.edu.pl\/en\/wp-json\/wp\/v2\/users\/1"}],"replies":[{"embeddable":true,"href":"https:\/\/www.ire.pw.edu.pl\/en\/wp-json\/wp\/v2\/comments?post=5436"}],"version-history":[{"count":4,"href":"https:\/\/www.ire.pw.edu.pl\/en\/wp-json\/wp\/v2\/pages\/5436\/revisions"}],"predecessor-version":[{"id":5485,"href":"https:\/\/www.ire.pw.edu.pl\/en\/wp-json\/wp\/v2\/pages\/5436\/revisions\/5485"}],"up":[{"embeddable":true,"href":"https:\/\/www.ire.pw.edu.pl\/en\/wp-json\/wp\/v2\/pages\/5396"}],"wp:attachment":[{"href":"https:\/\/www.ire.pw.edu.pl\/en\/wp-json\/wp\/v2\/media?parent=5436"}],"curies":[{"name":"wp","href":"https:\/\/api.w.org\/{rel}","templated":true}]}}