{"id":3948,"date":"2018-07-31T11:00:32","date_gmt":"2018-07-31T11:00:32","guid":{"rendered":"\/\/www.ire.pw.edu.pl\/?page_id=3948"},"modified":"2018-07-31T11:43:35","modified_gmt":"2018-07-31T11:43:35","slug":"yevhen-yashchyshyn","status":"publish","type":"page","link":"https:\/\/www.ire.pw.edu.pl\/en\/o-instytucie\/biografie-profesorow\/yevhen-yashchyshyn\/","title":{"rendered":"Yevhen Yashchyshyn"},"content":{"rendered":"<p><img loading=\"lazy\" decoding=\"async\" class=\"size-medium wp-image-3952 alignright\" src=\"\/\/www.ire.pw.edu.pl\/wp-content\/uploads\/Jaszczyszyn-2-225x300.jpg\" alt=\"\" width=\"225\" height=\"300\" srcset=\"https:\/\/www.ire.pw.edu.pl\/wp-content\/uploads\/Jaszczyszyn-2-225x300.jpg 225w, https:\/\/www.ire.pw.edu.pl\/wp-content\/uploads\/Jaszczyszyn-2-768x1024.jpg 768w, https:\/\/www.ire.pw.edu.pl\/wp-content\/uploads\/Jaszczyszyn-2.jpg 960w\" sizes=\"(max-width: 225px) 100vw, 225px\" \/><\/p>\n<p style=\"text-align: left;\">Yevhen Yashchyshyn urodzi\u0142 si\u0119 17 kwietnia 1957&nbsp; roku&nbsp; we&nbsp; Lwowie,&nbsp; gdzie&nbsp; te\u017c&nbsp; uko\u0144czy\u0142 szko\u0142\u0119 \u015bredni\u0105 w 1974 roku. W tym samym roku&nbsp; rozpocz\u0105\u0142&nbsp; studia&nbsp; na&nbsp; Wydziale Radiotechnicznym&nbsp; Politechniki&nbsp; Lwowskiej, gdzie w 1979 roku uzyska\u0142 dyplom in\u017cyniera radioelektronika.&nbsp; Od&nbsp; tego&nbsp; roku&nbsp; by\u0142&nbsp; zatrudniony w bran\u017cowym laboratorium naukowo-badawczym na Wydziale Radiotechnicznym jako&nbsp; in\u017cynier,&nbsp; starszy&nbsp; in\u017cynier,&nbsp; pracownik naukowy,&nbsp; starszy&nbsp; pracowni&nbsp; naukowy,&nbsp; a&nbsp; od 1988&nbsp; roku&nbsp; \u2014&nbsp; kierownik&nbsp; tego&nbsp; laboratorium. Stopie\u0144&nbsp; doktora&nbsp; (kandydata)&nbsp; nauk&nbsp; technicznych w dziedzinie anten i techniki mikrofalowej uzyska\u0142 w 1986 roku w Moskiewskim Instytucie&nbsp; Elektroniki&nbsp; i&nbsp; Matematyki&nbsp; (ros. MIEM)&nbsp; za&nbsp; rozpraw\u0119&nbsp; Opracowanie&nbsp; metod zautomatyzowanego&nbsp; projektowania&nbsp; drukowanych&nbsp; szyk\u00f3w&nbsp; antenowych.&nbsp; W&nbsp; latach 1993\u20131999 zajmowa\u0142 stanowisko docenta w Katedrze&nbsp; Telekomunikacji&nbsp; Politechniki Lwowskiej. W 1993 roku uzyska\u0142 tak\u017ce tytu\u0142 naukowy&nbsp; starszy&nbsp; pracownik&nbsp; naukowy&nbsp; (pa\u0144stwowy&nbsp; tytu\u0142&nbsp; naukowy,&nbsp; Ukraina).&nbsp; Od&nbsp; 1991 roku&nbsp; a\u017c&nbsp; do&nbsp; zatrudnienia&nbsp; na&nbsp; Politechnice Warszawskiej&nbsp; (w&nbsp; pa\u017adzierniku&nbsp; 1999&nbsp; roku) by\u0142&nbsp; m.in.:&nbsp; prodziekanem&nbsp; ds.&nbsp; naukowych Wydzia\u0142u&nbsp; Radiotechnicznego&nbsp; Politechniki Lwowskiej&nbsp; (1991\u20131999),&nbsp; cz\u0142onkiem&nbsp; Rady Naukowej (odpowiednik Senatu Politechniki Warszawskiej) Politechniki Lwowskiej (1991\u2013\u20131999), cz\u0142onkiem Rady Naukowej Wydzia\u0142u&nbsp; Radiotechnicznego&nbsp; (odpowiednik&nbsp; Rady Wydzia\u0142u&nbsp; Politechniki&nbsp; Warszawskiej)&nbsp; Politechniki Lwowskiej (1988\u20131999) oraz zast\u0119pc\u0105 kierownika katedry Telekomunikacji Politechniki&nbsp; Lwowskiej&nbsp; (1993\u20131999).&nbsp; W&nbsp; 1999 roku Yevhen Yashchyshyn zosta\u0142 zaproszony do&nbsp; pracy&nbsp; w&nbsp; Instytucie&nbsp; Radioelektroniki&nbsp; na stanowisku&nbsp; adiunkta.&nbsp; W&nbsp; 2006&nbsp; roku&nbsp; uzyska\u0142 stopie\u0144 naukowy doktora habilitowanego na Wydziale&nbsp; Elektroniki&nbsp; Politechniki&nbsp; Warszawskiej, a od 2009 roku \u2014 stanowisko profesora nadzwyczajnego. Od 2004 roku kieruje Laboratorium Antenowym i techniki sub-THz Instytutu Radioelektroniki&nbsp; Politechniki&nbsp; Warszawskiej.&nbsp; Od&nbsp; 2009 roku do 2016 roku pe\u0142ni\u0142&nbsp; funkcj\u0119 kierownika Zak\u0142adu Radiokomunikacji, a od 2016 roku jest zast\u0119pca dyrektora&nbsp; instytutu ds. naukowych. 2 grudnia 2016 roku uzyska\u0142 tytu\u0142 naukowy profesora.<\/p>\n<p style=\"text-align: left;\">Dzia\u0142alno\u015b\u0107 naukowa Yevhena Yashchyshyna skoncentrowana jest wok\u00f3\u0142 zagadnie\u0144 zwi\u0105zanych z&nbsp; badaniem&nbsp; anten inteligentnych wraz z opracowaniem metod uwzgl\u0119dnienia&nbsp; rzeczywistych&nbsp; parametr\u00f3w radiator\u00f3w i podzespo\u0142\u00f3w antenowych, opracowaniem&nbsp; nowych&nbsp; rodzaj\u00f3w&nbsp; anten&nbsp; z&nbsp; elektrycznym &nbsp;kszta\u0142towaniem&nbsp; charakterystyki kierunkowej, opracowaniem nowych rodzaj\u00f3w&nbsp; sterowanych&nbsp; anten&nbsp; na&nbsp; wielowarstwowym pod\u0142o\u017cu ferroelektrycznym z mo\u017cliwo\u015bci\u0105&nbsp; praktycznego&nbsp; zastosowania&nbsp; cienkich warstw ferroelektrycznych oraz kompozyt\u00f3w ceramika\u2013 polimer&nbsp; oraz&nbsp; uk\u0142ad\u00f3w&nbsp; mikrofalowych, a tak\u017ce opracowaniem nowych rodzaj\u00f3w&nbsp; anten&nbsp; z&nbsp; rekonfigurowan\u0105&nbsp; apertur\u0105. Wymienione&nbsp; wy\u017cej&nbsp; obszary&nbsp; zainteresowa\u0144 wi\u0105\u017ce elektryczne kszta\u0142towanie charakterystyki&nbsp; kierunkowej&nbsp; anten&nbsp; bez&nbsp; wykorzystania przesuwnik\u00f3w&nbsp; fazy.&nbsp; Za&nbsp; szczeg\u00f3lny&nbsp; wk\u0142ad Yev hena Yashchyshyna do nauki, udokumentowany licznymi publikacjami, uwa\u017ca si\u0119 m.in. koncepcj\u0119 nowych rodzaj\u00f3w anten sterowanych, metody syntezy po\u017c\u0105danych kszta\u0142t\u00f3w charakterystyki&nbsp; kierunkowej,&nbsp; opracowanie nowych materia\u0142\u00f3w ferroelektrycznych oraz badanie&nbsp; opracowanych&nbsp; ferroelektrycznych kompozyt\u00f3w&nbsp; ceramiczno-polimerowych&nbsp; dla zastosowa\u0144 antenowych, a tak\u017ce opracowanie, realizacj\u0119 oraz badania sterowanych anten&nbsp; o&nbsp; rekonfigurowanej&nbsp; elektronicznie aperturze oraz anten fotonicznych. Wyrazem wagi przyk\u0142adanej do wspomnianych zagadnie\u0144 by\u0142o po\u015bwi\u0119cenie im monografii habilitacyjnej&nbsp; Anteny&nbsp; z&nbsp; elektrycznym&nbsp; kszta\u0142towaniem&nbsp; charakterystyki&nbsp; kierunkowej&nbsp; \u2014&nbsp; nowe rozwi\u0105zania oraz monografii Teoria anten na pod\u0142o\u017cach dielektrycznych (2014). Na ca\u0142okszta\u0142t dorobku naukowego Yevhena Yashchyshyna na 2018 rok (<a href=\"http:\/\/repo.bg.pw.edu.pl\/index.php\/pl\/r#\/info\/author\/WEITI-8d669fc7-3ec1-482e-ad1f-f482ac5109f8\/Yevhen%2BYashchyshyn?affil=&amp;tab=main&amp;conversationPropagation=begin&amp;sort=&amp;lang=en\">http:\/\/repo.bg.pw.edu.pl\/index.php\/pl\/r#\/info\/author\/WEITI-8d669fc7-3ec1-482e-ad1f-f482ac5109f8\/Yevhen%2BYashchyshyn?affil=&amp;tab=main&amp;conversationPropagation=begin&amp;sort=&amp;lang=en<\/a>) sk\u0142adaj\u0105 si\u0119, m.in: 3 monografii naukowe i 1 podr\u0119cznik, 11 patent\u00f3w, 3 skrypty&nbsp; dydaktyczne&nbsp; oraz&nbsp; oko\u0142o 300 publikacji, m.in. w takich czasopismach, jak \u201eIEEE Transactions&nbsp; on&nbsp; Microwave&nbsp; Theory&nbsp; and&nbsp; Techniques\u201d, \u201eIEEE&nbsp; Transactions&nbsp; on&nbsp; Antennas and Propagations\u201d, \u201eIEEE Transactions&nbsp; on&nbsp; Terahertz Science and Technology\u201d. Wyniki pracy naukowej by\u0142y referowane na szeregu renomowanych konferencji naukowych zagranicznych i krajowych (ponad 150 prezentacji), z kt\u00f3rych wa\u017cniejsze to: IEEE MTT-S International Microwave Symposium (USA); European Microwave Conference EuMC; European Conference&nbsp; on&nbsp; Wireless&nbsp; Technology&nbsp; ECWT;&nbsp; IEEE International&nbsp; Symposium&nbsp; on&nbsp; Antennas&nbsp; and Propagation and USNC\/URSI National Radio Science Meeting (USA); IEEE MTT-S International Microwave and Optoelectronics Conference&nbsp; IMOC;&nbsp; Intern.&nbsp; Conf.&nbsp; Antennas&nbsp; Theory and Technique ICATT (Ukraine); MIKON; European&nbsp; Conference&nbsp; on&nbsp; Antennas&nbsp; and Propagations;&nbsp; Asia-Pacific&nbsp; Microwave&nbsp; Conference. Za udzia\u0142 w opracowaniu i uruchomieniu laboratorium antenowego (z komor\u0105 bezechow\u0105)&nbsp; oraz &nbsp;laboratorium&nbsp; podstaw&nbsp; radiokomunikacji&nbsp; zosta\u0142&nbsp; uhonorowany&nbsp; dwukrotnie&nbsp; (w&nbsp; 2003&nbsp; i&nbsp; w&nbsp; 2004&nbsp; roku)&nbsp; nagrod\u0105 zespo\u0142ow\u0105 I stopnia Rektora Politechniki Warszawskiej.&nbsp; Za&nbsp; osi\u0105gni\u0119cia&nbsp; naukowe&nbsp; zosta\u0142 uhonorowany Nagrod\u0105 indywidualn\u0105 I stopnia Rektora Politechniki Warszawskiej w 2006 roku oraz zespo\u0142ow\u0105 I stopnia w 2009 roku, a tak\u017ce g\u0142\u00f3wn\u0105 nagrod\u0105 Europejskiego Stowarzyszenia Mikrofalowego \u2014 EuMC PRIZE w Amsterdamie w 2008 roku za innowacyjny charakter zaprezentowanego systemu antenowego, kompletn\u0105 analiz\u0119, potwierdzon\u0105 pomiarami, oraz mo\u017cliwo\u015b\u0107 praktycznego jego wykorzystania. W ostatnich latach Yevhen Yashchyshyn jeszcze pi\u0119ciokrotnie zostawa\u0142 wyr\u00f3\u017cniony nagrodami JM Rektora PW.<\/p>\n<p style=\"text-align: left;\">Yevhen Yashchyshyn prowadzi\u0142 i prowadzi &nbsp;wiele oryginalnych&nbsp; wyk\u0142ad\u00f3w,&nbsp; z&nbsp; kt\u00f3rych&nbsp; najwa\u017cniejsze&nbsp; to:&nbsp; \u201eTeoria&nbsp; i&nbsp; projektowanie&nbsp; anten\u201d&nbsp; (od 1999 roku), \u201eOddzia\u0142ywanie fal elektromagnetycznych na organizmy &nbsp;\u017cywe\u201d (2002\u20132005), \u201eAnteny radiokomunikacyjne\u201d (2001\u20132003), \u201eAnteny i propagacja fal\u201d (od 2006 roku, Anteny od 2016 roku), \u201ePomiary parametr\u00f3w anten\u201d, \u201eAnteny mikropaskowe&nbsp; i&nbsp; adaptacyjne\u201d.&nbsp; Yevhen&nbsp; Yashchyshyn&nbsp; bierze &nbsp;czynny udzia\u0142 w recenzowaniu artyku\u0142\u00f3w dla renomowanych czasopism, m.in.:&nbsp; \u201eIEEE&nbsp; Microwave&nbsp; and&nbsp; Wireless Components&nbsp; Letters\u201d,&nbsp; \u201eIEEE&nbsp; Transaction&nbsp; on Microwave&nbsp; Theory&nbsp; and&nbsp; Techniques\u201d,&nbsp; \u201eIEEE Transaction&nbsp; on&nbsp; Antennas&nbsp; and&nbsp; Propagation\u201d, oraz&nbsp; na&nbsp; konferencje&nbsp; zagraniczne&nbsp; i&nbsp; krajowe, w tym na: \u201eThe European Microwave Conference\u201d, \u201eEuropean on Wireless Technology\u201d, EUROCON,&nbsp; \u201eInternational&nbsp; Conference&nbsp; on Antenna&nbsp; Theory&nbsp; and&nbsp; Techniques\u201d,&nbsp; \u201eInternational&nbsp; Conference&nbsp; on&nbsp; Microwaves\u201d,&nbsp; \u201eRadar &amp; Wireless Communications\u201d, \u201eCAD Systems in&nbsp; Microelectronics\u201d,&nbsp; \u201eInternational&nbsp; Conference&nbsp; on&nbsp; Modern&nbsp; Problems&nbsp; of&nbsp; Radio&nbsp; Engineering,&nbsp; Telecomunications&nbsp; and&nbsp; Computer Science\u201d, \u201eInternational Conference on Communications\u201d, KKRRiT itd. Poza tym Yevhen Yashchyshyn jest wieloletnim cz\u0142onkiem Komitet\u00f3w Naukowych i Organizacyjnych mi\u0119dzynarodowych konferencji, a od 2009 roku jest cz\u0142onkiem Rady Naukowej&nbsp; czasopisma z&nbsp; listy&nbsp; filadelfijskiej&nbsp; \u201eIzv.&nbsp; VUZow&nbsp; Radioelektronika\u201d .<\/p>\n<p style=\"text-align: left;\">Yevhen Yashchyshyn jest cz\u0142onkiem Sekcji Telekomunikacji oraz Mikrofal i Radiolokacji Komitetu EiT Polskiej Akademii Nauk, cz\u0142onkiem IEEE od 1996 roku (senior member od 2009 roku), cz\u0142onkiem Zarz\u0105du Polskiej Sekcji IEEE. W latach &nbsp;2006-2010 by\u0142&nbsp; tak\u017ce&nbsp; cz\u0142onkiem&nbsp; EuMA (Europejskie&nbsp; Stowarzyszenie&nbsp; Mikrofalowe) oraz&nbsp; w&nbsp; 2007-2011&nbsp; latach&nbsp; cz\u0142onkiem&nbsp; EurAAP (Europejskie Stowarzyszenie Antenowe oraz Propagacji Fal).<\/p>\n<p style=\"text-align: left;\">Jest&nbsp; \u017conaty,&nbsp; ma&nbsp; dwoje&nbsp; dzieci,&nbsp; dw\u00f3ch wnuk\u00f3w oraz jedn\u0105 wnuczk\u0119. W\u0142ada czynnie j\u0119zykami polskim, ukrai\u0144skim, rosyjskim oraz angielskim.&nbsp; Interesuje&nbsp; si\u0119&nbsp; histori\u0105&nbsp; oraz&nbsp; kultur\u0105 r\u00f3\u017cnych cywilizacji.<\/p>\n","protected":false},"excerpt":{"rendered":"<p>Yevhen Yashchyshyn urodzi\u0142 si\u0119 17 kwietnia 1957&nbsp; roku&nbsp; we&nbsp; Lwowie,&nbsp; gdzie&nbsp; te\u017c&nbsp; uko\u0144czy\u0142 szko\u0142\u0119 \u015bredni\u0105 w 1974 roku. W tym samym roku&nbsp; rozpocz\u0105\u0142&nbsp; studia&nbsp; na&nbsp; Wydziale Radiotechnicznym&nbsp; Politechniki&nbsp; Lwowskiej, gdzie w 1979 roku uzyska\u0142 dyplom in\u017cyniera radioelektronika.&nbsp; Od&nbsp; tego&nbsp; roku&nbsp; by\u0142&nbsp; zatrudniony w bran\u017cowym laboratorium naukowo-badawczym na Wydziale Radiotechnicznym jako&nbsp; in\u017cynier,&nbsp; starszy&nbsp; in\u017cynier,&nbsp; pracownik naukowy,&nbsp; [&hellip;]<\/p>\n","protected":false},"author":8,"featured_media":0,"parent":1560,"menu_order":171,"comment_status":"closed","ping_status":"closed","template":"","meta":{"ngg_post_thumbnail":0,"footnotes":""},"_links":{"self":[{"href":"https:\/\/www.ire.pw.edu.pl\/en\/wp-json\/wp\/v2\/pages\/3948"}],"collection":[{"href":"https:\/\/www.ire.pw.edu.pl\/en\/wp-json\/wp\/v2\/pages"}],"about":[{"href":"https:\/\/www.ire.pw.edu.pl\/en\/wp-json\/wp\/v2\/types\/page"}],"author":[{"embeddable":true,"href":"https:\/\/www.ire.pw.edu.pl\/en\/wp-json\/wp\/v2\/users\/8"}],"replies":[{"embeddable":true,"href":"https:\/\/www.ire.pw.edu.pl\/en\/wp-json\/wp\/v2\/comments?post=3948"}],"version-history":[{"count":8,"href":"https:\/\/www.ire.pw.edu.pl\/en\/wp-json\/wp\/v2\/pages\/3948\/revisions"}],"predecessor-version":[{"id":3979,"href":"https:\/\/www.ire.pw.edu.pl\/en\/wp-json\/wp\/v2\/pages\/3948\/revisions\/3979"}],"up":[{"embeddable":true,"href":"https:\/\/www.ire.pw.edu.pl\/en\/wp-json\/wp\/v2\/pages\/1560"}],"wp:attachment":[{"href":"https:\/\/www.ire.pw.edu.pl\/en\/wp-json\/wp\/v2\/media?parent=3948"}],"curies":[{"name":"wp","href":"https:\/\/api.w.org\/{rel}","templated":true}]}}