{"id":3804,"date":"2018-07-05T09:49:38","date_gmt":"2018-07-05T09:49:38","guid":{"rendered":"\/\/www.ire.pw.edu.pl\/about-the-institute\/biographies-of-professors-2\/"},"modified":"2019-05-29T11:41:28","modified_gmt":"2019-05-29T10:41:28","slug":"biographies-of-professors-2","status":"publish","type":"page","link":"https:\/\/www.ire.pw.edu.pl\/en\/about-the-institute-2\/biographies-of-professors-2\/","title":{"rendered":"Biographies of Professors"},"content":{"rendered":"<div class=\"wpb-content-wrapper\"><p>[vc_row full_width=&#8221;stretch_row&#8221; el_id=&#8221; https:\/\/www.ire.pw.edu.pl\/o-instytucie\/biografie-profesorow\/jan-zera\/ \u200e Backend EditorFrontend Editor&#8221;][vc_column width=&#8221;1\/2&#8243;][vc_column_text]<a href=\"https:\/\/www.ire.pw.edu.pl\/en\/about-the-institute-2\/biographies-of-professors-2\/stefan-darecki-1906-1990\/\">Stefan Darecki<\/a><\/p>\n<p><a href=\"\/?page_id=1706\">Jan T. Ebert<\/a><\/p>\n<p><a href=\"\/?page_id=2835\">Adam J. Fiok<\/a><\/p>\n<p><a href=\"\/?page_id=1851\">Wojciech K. Gwarek<\/a><\/p>\n<p><a href=\"https:\/\/www.ire.pw.edu.pl\/en\/about-the-institute-2\/biographies-of-professors-2\/stefan-l-hahn\/\">Stefan L. Hahn<\/a><\/p>\n<p><a href=\"\/?page_id=1857\">Juliusz Keller<\/a><\/p>\n<p><a href=\"\/?page_id=1864\">Waldemar Kie\u0142ek<\/a><\/p>\n<p><a href=\"https:\/\/www.ire.pw.edu.pl\/en\/about-the-institute-2\/biographies-of-professors-2\/zbigniew-kulka\/\">Zbigniew Kulka<\/a><\/p>\n<p><a href=\"\/?page_id=1870\">Romuald Litwin<\/a><\/p>\n<p><a href=\"\/?page_id=1873\">Aleksander Mac<\/a><\/p>\n<p><a href=\"\/?page_id=1877\">Ignacy Malecki<\/a><\/p>\n<p><a href=\"https:\/\/www.ire.pw.edu.pl\/en\/about-the-institute-2\/biographies-of-professors-2\/jozef-modelski\/\">J\u00f3zef Wies\u0142aw Modelski<\/a><\/p>\n<p><a href=\"https:\/\/www.ire.pw.edu.pl\/en\/about-the-institute-2\/biographies-of-professors-2\/roman-z-morawski\/\">Roman Zdzis\u0142aw Morawski<\/a><\/p>\n<p><a href=\"\/?page_id=1891\">Tadeusz W. Morawski<\/a>[\/vc_column_text][\/vc_column][vc_column width=&#8221;1\/2&#8243;][vc_column_text]<a href=\"\/?page_id=1913\">Stanis\u0142aw Nowosielski<\/a><\/p>\n<p><a href=\"\/?page_id=1916\">Cezary Paw\u0142owski<\/a><\/p>\n<p><a href=\"\/?page_id=1919\">Zdzis\u0142aw Paw\u0142owski<\/a><\/p>\n<p><a href=\"\/?page_id=2840\">Adam Pi\u0105tkowski<\/a><\/p>\n<p><a href=\"\/?page_id=1925\">Edmund Porz\u0105dkowski<\/a><\/p>\n<p><a href=\"https:\/\/www.ire.pw.edu.pl\/en\/about-the-institute-2\/biographies-of-professors-2\/stanislaw-rosloniec\/\">Stanis\u0142aw Ros\u0142oniec<\/a><\/p>\n<p><a href=\"\/?page_id=1929\">Wilhelm Rotkiewicz<\/a><\/p>\n<p><a href=\"\/?page_id=1931\">Stanis\u0142aw Ry\u017cko<\/a><\/p>\n<p><a href=\"\/?page_id=1933\">W\u0142adys\u0142aw K. Skarbek<\/a><\/p>\n<p><a href=\"\/?page_id=1935\">Witold S. Straszewicz<\/a><\/p>\n<p><a href=\"https:\/\/www.ire.pw.edu.pl\/en\/about-the-institute-2\/biographies-of-professors-2\/wieslaw-winiecki\/\">Wies\u0142aw Winiecki<\/a><\/p>\n<p><a href=\"https:\/\/www.ire.pw.edu.pl\/en\/about-the-institute-2\/biographies-of-professors-2\/jacek-marceli-wojciechowski-1942-2015\/\">Jacek M. Wojciechowski<\/a><\/p>\n<p><a href=\"https:\/\/www.ire.pw.edu.pl\/en\/about-the-institute-2\/biographies-of-professors-2\/5979-2\/\">Yevhen Yashchyshyn<\/a><\/p>\n<p><a href=\"\/?page_id=3980\">Jan \u017bera<\/a>[\/vc_column_text][\/vc_column][\/vc_row]<\/p>\n<\/div>","protected":false},"excerpt":{"rendered":"<p>[vc_row full_width=&#8221;stretch_row&#8221; el_id=&#8221; https:\/\/www.ire.pw.edu.pl\/o-instytucie\/biografie-profesorow\/jan-zera\/ \u200e Backend EditorFrontend Editor&#8221;][vc_column width=&#8221;1\/2&#8243;][vc_column_text]Stefan Darecki Jan T. Ebert Adam J. Fiok Wojciech K. Gwarek Stefan L. Hahn Juliusz Keller Waldemar Kie\u0142ek Zbigniew Kulka Romuald Litwin Aleksander Mac Ignacy Malecki J\u00f3zef Wies\u0142aw Modelski Roman Zdzis\u0142aw Morawski Tadeusz W. Morawski[\/vc_column_text][\/vc_column][vc_column width=&#8221;1\/2&#8243;][vc_column_text]Stanis\u0142aw Nowosielski Cezary Paw\u0142owski Zdzis\u0142aw Paw\u0142owski Adam Pi\u0105tkowski Edmund Porz\u0105dkowski Stanis\u0142aw Ros\u0142oniec [&hellip;]<\/p>\n","protected":false},"author":1,"featured_media":0,"parent":1775,"menu_order":35,"comment_status":"closed","ping_status":"closed","template":"","meta":{"ngg_post_thumbnail":0,"footnotes":""},"_links":{"self":[{"href":"https:\/\/www.ire.pw.edu.pl\/en\/wp-json\/wp\/v2\/pages\/3804"}],"collection":[{"href":"https:\/\/www.ire.pw.edu.pl\/en\/wp-json\/wp\/v2\/pages"}],"about":[{"href":"https:\/\/www.ire.pw.edu.pl\/en\/wp-json\/wp\/v2\/types\/page"}],"author":[{"embeddable":true,"href":"https:\/\/www.ire.pw.edu.pl\/en\/wp-json\/wp\/v2\/users\/1"}],"replies":[{"embeddable":true,"href":"https:\/\/www.ire.pw.edu.pl\/en\/wp-json\/wp\/v2\/comments?post=3804"}],"version-history":[{"count":11,"href":"https:\/\/www.ire.pw.edu.pl\/en\/wp-json\/wp\/v2\/pages\/3804\/revisions"}],"predecessor-version":[{"id":6616,"href":"https:\/\/www.ire.pw.edu.pl\/en\/wp-json\/wp\/v2\/pages\/3804\/revisions\/6616"}],"up":[{"embeddable":true,"href":"https:\/\/www.ire.pw.edu.pl\/en\/wp-json\/wp\/v2\/pages\/1775"}],"wp:attachment":[{"href":"https:\/\/www.ire.pw.edu.pl\/en\/wp-json\/wp\/v2\/media?parent=3804"}],"curies":[{"name":"wp","href":"https:\/\/api.w.org\/{rel}","templated":true}]}}