{"id":3795,"date":"2018-07-05T09:24:04","date_gmt":"2018-07-05T09:24:04","guid":{"rendered":"\/\/www.ire.pw.edu.pl\/?page_id=3795"},"modified":"2026-02-13T14:58:43","modified_gmt":"2026-02-13T13:58:43","slug":"kontakt","status":"publish","type":"page","link":"https:\/\/www.ire.pw.edu.pl\/en\/kontakt\/","title":{"rendered":"Kontakt"},"content":{"rendered":"<div class=\"wpb-content-wrapper\"><p>[vc_row][vc_column][vc_column_text css=&#8221;&#8221;]<\/p>\n<div>\n<h3><span class=\"contentheading\">Adres<\/span><\/h3>\n<p>Politechnika Warszawska<br \/>\nInstytut Radioelektroniki i Technik Multimedialnych<br \/>\nul. Nowowiejska 15\/19<br \/>\n00-665 Warszawa<br \/>\nPolska<br \/>\nNIP: 525-000-58-34<\/p>\n<h3><span class=\"contentheading\">Sekretariat Instytutu (pok. 422)<\/span><\/h3>\n<p>Anna Smenda<br \/>\ntelefon: +48 22 234 7742<br \/>\ne-mail: <a class=\"mce-object\" title=\"&lt;script&gt;\" href=\"\/\/www.ire.pw.edu.pl\/&lt;img src=\" target=\"_blank\" rel=\"noopener\" data-wp-preserve=\"%3Cscript%20language%3D'JavaScript'%20type%3D'text%2Fjavascript'%3E%20%3C!--%20var%20prefix%20%3D%20'ma'%20%2B%20'il'%20%2B%20'to'%3B%20var%20path%20%3D%20'hr'%20%2B%20'ef'%20%2B%20'%3D'%3B%20var%20addy65424%20%3D%20'A.Smenda'%20%2B%20'%40'%20%2B%20'ire'%20%2B%20'.'%20%2B%20'pw'%20%2B%20'.'%20%2B%20'edu'%20%2B%20'.'%20%2B%20'pl'%3B%20document.write(%20'%3Ca%20'%20%2B%20path%20%2B%20'%2F''%20%2B%20prefix%20%2B%20'%3A'%20%2B%20addy65424%20%2B%20'%2F'%3E'%20)%3B%20document.write(%20addy65424%20)%3B%20document.write(%20'%3C%2F%2Fa%3E'%20)%3B%20%2F%2F--%3E%20%3C%2Fscript%3E\" data-mce-placeholder=\"1\"><noscript> Ten adres e-mail jest chroniony przed spamerami, w\u0142\u0105cz obs\u0142ug\u0119 Javascript w przegl\u0105darce, by go zobaczy<\/noscript><\/a><a href=\"anna.smenda@pw.edu.pl\">anna.smenda@pw.edu.pl<\/a><\/p>\n<p>Marta Rudnicka<br \/>\ntelefon +48(22)234 7233<br \/>\ne-mail: <a href=\"marta.rudnicka@pw.edu.pl\">marta.rudnicka@pw.edu.pl<\/a><\/p>\n<p>Maria Milewska<br \/>\ntelefon +48(22)234 7791<br \/>\ne-mail: <a href=\"maria.milewska@pw.edu.pl\">maria.milewska@pw.edu.pl<\/a><\/p>\n<h3><span class=\"contentheading\">Sekretariat Naukowy (pok. 419)<\/span><\/h3>\n<div>\n<p>Karolina B\u0105k<\/p>\n<p>telefon: +48 22 234 5367<br \/>\ne-mail: <a href=\"anna.noinska@pw.edu.pl\">karolina.bak@pw.edu.pl\u00a0<\/a><\/p>\n<\/div>\n<h3><\/h3>\n<h3><span class=\"contentheading\">Sekretariat Dydaktyczny Instytutu (pok. 424)<\/span><\/h3>\n<div>\n<p>telefon: +48 22 234 7829\/ 7696, +48 22 825 5248<\/p>\n<p>Izabela Sierankowska\u00a0 e-mail:\u00a0 <a href=\"izabela.dudek@pw.edu.pl\">izabela.sierankowska@pw.edu.pl<\/a><br \/>\nmgr Monika Felu\u015b\u00a0 \u00a0e-mail:\u00a0 <a href=\"monika.felus@pw.edu.pl\">monika.felus@pw.edu.pl<\/a><\/p>\n<p><a href=\"http:\/\/www.ire.pw.edu.pl\/dydaktyka\/informacje\/sekretariat-dyd\/\">bli\u017csze informacje: TU<\/a><\/p>\n<\/div>\n<\/div>\n<p>[\/vc_column_text][\/vc_column][\/vc_row]<\/p>\n<\/div>","protected":false},"excerpt":{"rendered":"<p>[vc_row][vc_column][vc_column_text css=&#8221;&#8221;] Adres Politechnika Warszawska Instytut Radioelektroniki i Technik Multimedialnych ul. Nowowiejska 15\/19 00-665 Warszawa Polska NIP: 525-000-58-34 Sekretariat Instytutu (pok. 422) Anna Smenda telefon: +48 22 234 7742 e-mail: Ten adres e-mail jest chroniony przed spamerami, w\u0142\u0105cz obs\u0142ug\u0119 Javascript w przegl\u0105darce, by go zobaczyanna.smenda@pw.edu.pl Marta Rudnicka telefon +48(22)234 7233 e-mail: marta.rudnicka@pw.edu.pl Maria Milewska telefon [&hellip;]<\/p>\n","protected":false},"author":1,"featured_media":0,"parent":0,"menu_order":0,"comment_status":"closed","ping_status":"closed","template":"","meta":{"ngg_post_thumbnail":0,"footnotes":""},"_links":{"self":[{"href":"https:\/\/www.ire.pw.edu.pl\/en\/wp-json\/wp\/v2\/pages\/3795"}],"collection":[{"href":"https:\/\/www.ire.pw.edu.pl\/en\/wp-json\/wp\/v2\/pages"}],"about":[{"href":"https:\/\/www.ire.pw.edu.pl\/en\/wp-json\/wp\/v2\/types\/page"}],"author":[{"embeddable":true,"href":"https:\/\/www.ire.pw.edu.pl\/en\/wp-json\/wp\/v2\/users\/1"}],"replies":[{"embeddable":true,"href":"https:\/\/www.ire.pw.edu.pl\/en\/wp-json\/wp\/v2\/comments?post=3795"}],"version-history":[{"count":19,"href":"https:\/\/www.ire.pw.edu.pl\/en\/wp-json\/wp\/v2\/pages\/3795\/revisions"}],"predecessor-version":[{"id":13265,"href":"https:\/\/www.ire.pw.edu.pl\/en\/wp-json\/wp\/v2\/pages\/3795\/revisions\/13265"}],"wp:attachment":[{"href":"https:\/\/www.ire.pw.edu.pl\/en\/wp-json\/wp\/v2\/media?parent=3795"}],"curies":[{"name":"wp","href":"https:\/\/api.w.org\/{rel}","templated":true}]}}