{"id":324,"date":"2018-01-17T14:08:27","date_gmt":"2018-01-17T14:08:27","guid":{"rendered":"\/\/www.ire.pw.edu.pl\/?page_id=324"},"modified":"2019-01-31T22:51:24","modified_gmt":"2019-01-31T21:51:24","slug":"co-workers","status":"publish","type":"page","link":"https:\/\/www.ire.pw.edu.pl\/en\/about-the-institute-2\/structure\/co-workers\/","title":{"rendered":"Co-workers"},"content":{"rendered":"<p><a href=\"http:\/\/\n&lt;table id=&quot;tablepress-26&quot; class=&quot;tablepress tablepress-id-26&quot;&gt;\n&lt;thead&gt;\n&lt;tr class=&quot;row-1&quot;&gt;\n\t&lt;th class=&quot;column-1&quot;&gt;Name and surname&lt;\/th&gt;&lt;th class=&quot;column-2&quot;&gt;Faculty&lt;\/th&gt;&lt;th class=&quot;column-3&quot;&gt;E-mail&lt;\/th&gt;&lt;th class=&quot;column-4&quot;&gt;Phone&lt;\/th&gt;\n&lt;\/tr&gt;\n&lt;\/thead&gt;\n&lt;tbody class=&quot;row-striping row-hover&quot;&gt;\n&lt;tr class=&quot;row-2&quot;&gt;\n\t&lt;td class=&quot;column-1&quot;&gt;&lt;a href=&quot;https:\/\/repo.pw.edu.pl\/info\/author\/WUT53869\/Gerard%2BCybulski?affil=&amp;tab=main&amp;sort=&amp;lang=en&quot;&gt; Gerard Cybulski, D.Sc, prof. WUT &lt;\/a&gt;&lt;\/td&gt;&lt;td class=&quot;column-2&quot;&gt;Mechatronics&lt;\/td&gt;&lt;td class=&quot;column-3&quot;&gt;G.Cybulski@mchtr.pw.edu.pl &lt;\/td&gt;&lt;td class=&quot;column-4&quot;&gt;+48-22-234-8270 &lt;\/td&gt;\n&lt;\/tr&gt;\n&lt;tr class=&quot;row-3&quot;&gt;\n\t&lt;td class=&quot;column-1&quot;&gt;&lt;a href=&quot;https:\/\/repo.pw.edu.pl\/info\/author\/WUT0ba2535e19f84919abf215ba5f7189e0\/Rafa%25C5%2582%2BJ%25C3%25B3%25C5%25BAwiak?affil=&amp;tab=main&amp;sort=&amp;lang=en&quot;&gt; Rafa\u0142 J\u00f3\u017awiak, Ph.D. &lt;\/a&gt;&lt;\/td&gt;&lt;td class=&quot;column-2&quot;&gt;Mathematics and Information Science&lt;\/td&gt;&lt;td class=&quot;column-3&quot;&gt;Rafal.Jozwiak@mini.pw.edu.pl &lt;\/td&gt;&lt;td class=&quot;column-4&quot;&gt;+48-22-234-7806&lt;\/td&gt;\n&lt;\/tr&gt;\n&lt;tr class=&quot;row-4&quot;&gt;\n\t&lt;td class=&quot;column-1&quot;&gt;&lt;a href=&quot;https:\/\/repo.pw.edu.pl\/info\/author\/WUT55457\/Krzysztof%2BKa%25C5%2582u%25C5%25BCy%25C5%2584ski?affil=&amp;tab=main&amp;sort=&amp;lang=en&quot;&gt; Krzysztof Ka\u0142u\u017cy\u0144ski, D.Sc., prof. WUT &lt;\/a&gt;&lt;\/td&gt;&lt;td class=&quot;column-2&quot;&gt;Mechatronics&lt;\/td&gt;&lt;td class=&quot;column-3&quot;&gt;K.Kaluzynski@mchtr.pw.edu.pl &lt;\/td&gt;&lt;td class=&quot;column-4&quot;&gt;+48-22-234-8538 &lt;\/td&gt;\n&lt;\/tr&gt;\n&lt;tr class=&quot;row-5&quot;&gt;\n\t&lt;td class=&quot;column-1&quot;&gt;&lt;a href=&quot;https:\/\/repo.pw.edu.pl\/info\/author\/WUT56221\/Monika%2BKwacz?affil=&amp;tab=main&amp;sort=&amp;lang=en&quot;&gt;Monika Kwacz, D.Sc. &lt;\/a&gt;&lt;\/td&gt;&lt;td class=&quot;column-2&quot;&gt;Mechatronics &lt;\/td&gt;&lt;td class=&quot;column-3&quot;&gt;M.Kwacz@mchtr.pw.edu.pl &lt;\/td&gt;&lt;td class=&quot;column-4&quot;&gt;+48-22-234-8447 &lt;\/td&gt;\n&lt;\/tr&gt;\n&lt;tr class=&quot;row-6&quot;&gt;\n\t&lt;td class=&quot;column-1&quot;&gt;&lt;a href=&quot;https:\/\/repo.pw.edu.pl\/info\/author\/WUT56345\/Beata%2BLe%25C5%259Bniak-Plewi%25C5%2584ska?affil=&amp;tab=main&amp;sort=&amp;lang=en&quot;&gt; Beata Le\u015bniak-Plewi\u0144ska, Ph.D. &lt;\/a&gt;&lt;\/td&gt;&lt;td class=&quot;column-2&quot;&gt;Mechatronics&lt;\/td&gt;&lt;td class=&quot;column-3&quot;&gt;B.Lesniak@mchtr.pw.edu.pl &lt;\/td&gt;&lt;td class=&quot;column-4&quot;&gt;+48-22-234-8664 &lt;\/td&gt;\n&lt;\/tr&gt;\n&lt;tr class=&quot;row-7&quot;&gt;\n\t&lt;td class=&quot;column-1&quot;&gt;&lt;a href=&quot;https:\/\/repo.pw.edu.pl\/info\/author\/WUT47ac9563bcce40ac9b825c6dbd86a99b\/Artur%2BPrzelaskowski?affil=&amp;tab=main&amp;sort=&amp;lang=en&quot;&gt; Artur Przelaskowski, Prof. D.Sc. &lt;\/a&gt;&lt;\/td&gt;&lt;td class=&quot;column-2&quot;&gt;Mathematics and Information Science&lt;\/td&gt;&lt;td class=&quot;column-3&quot;&gt;Artur.Przelaskowski@mini.pw.edu.pl &lt;\/td&gt;&lt;td class=&quot;column-4&quot;&gt;+48-22-234-7821 &lt;\/td&gt;\n&lt;\/tr&gt;\n&lt;tr class=&quot;row-8&quot;&gt;\n\t&lt;td class=&quot;column-1&quot;&gt;&lt;a href=&quot;https:\/\/repo.pw.edu.pl\/info\/author\/WUT58845\/Wojciech%2B%25C5%259Awi%25C4%2599szkowski?affil=&amp;tab=main&amp;sort=&amp;lang=en&quot;&gt; Wojciech \u015awi\u0119szkowski, D.Sc., prof. WUT &lt;\/a&gt;&lt;\/td&gt;&lt;td class=&quot;column-2&quot;&gt;Material Science and Engineering&lt;\/td&gt;&lt;td class=&quot;column-3&quot;&gt;Wojciech.Swieszkowski@inmat.pw.edu.pl &lt;\/td&gt;&lt;td class=&quot;column-4&quot;&gt;+48-22-849-9407 &lt;\/td&gt;\n&lt;\/tr&gt;\n&lt;tr class=&quot;row-9&quot;&gt;\n\t&lt;td class=&quot;column-1&quot;&gt;&lt;a href=&quot;https:\/\/repo.pw.edu.pl\/info\/author\/WUT59745\/Cezary%2BWo%25C5%25BAniak?affil=&amp;tab=main&amp;sort=&amp;lang=en&quot;&gt; Cezary Wo\u017aniak, Ph.D. &lt;\/a&gt;&lt;\/td&gt;&lt;td class=&quot;column-2&quot;&gt;Administration and Social Science&lt;\/td&gt;&lt;td class=&quot;column-3&quot;&gt;C.Wozniak@ans.pw.edu.pl &lt;\/td&gt;&lt;td class=&quot;column-4&quot;&gt;+48-22-234-6667 &lt;\/td&gt;\n&lt;\/tr&gt;\n&lt;tr class=&quot;row-10&quot;&gt;\n\t&lt;td class=&quot;column-1&quot;&gt;&lt;a href=&quot;&quot;&gt; S\u0142awomir Wronka, D.Sc. &lt;\/a&gt; &lt;\/td&gt;&lt;td class=&quot;column-2&quot;&gt;National Centre for Nuclear Research&lt;\/td&gt;&lt;td class=&quot;column-3&quot;&gt;Slawomir.Wronka@ncbj.gov.pl &lt;\/td&gt;&lt;td class=&quot;column-4&quot;&gt;+48-22-718-0539 &lt;\/td&gt;\n&lt;\/tr&gt;\n&lt;tr class=&quot;row-11&quot;&gt;\n\t&lt;td class=&quot;column-1&quot;&gt;&lt;a href=&quot;https:\/\/repo.pw.edu.pl\/info\/author\/WUT59257\/Piotr%2BTulik?affil=&amp;tab=main&amp;sort=&amp;lang=en&quot;&gt; Piotr Tulik, Ph.D. &lt;\/a&gt;&lt;\/td&gt;&lt;td class=&quot;column-2&quot;&gt;Mechatronics&lt;\/td&gt;&lt;td class=&quot;column-3&quot;&gt;P.Tulik@mchtr.pw.edu.pl &lt;\/td&gt;&lt;td class=&quot;column-4&quot;&gt;+48-22-234-8643 &lt;\/td&gt;\n&lt;\/tr&gt;\n&lt;\/tbody&gt;\n&lt;\/table&gt;\n&lt;!-- #tablepress-26 from cache --&gt;\">\n<table id=\"tablepress-26-no-2\" class=\"tablepress tablepress-id-26\">\n<thead>\n<tr class=\"row-1\">\n\t<th class=\"column-1\">Name and surname<\/th><th class=\"column-2\">Faculty<\/th><th class=\"column-3\">E-mail<\/th><th class=\"column-4\">Phone<\/th>\n<\/tr>\n<\/thead>\n<tbody class=\"row-striping row-hover\">\n<tr class=\"row-2\">\n\t<td class=\"column-1\"><a href=\"https:\/\/repo.pw.edu.pl\/info\/author\/WUT53869\/Gerard%2BCybulski?affil=&amp;tab=main&amp;sort=&amp;lang=en\"> Gerard Cybulski, D.Sc, prof. WUT <\/a><\/td><td class=\"column-2\">Mechatronics<\/td><td class=\"column-3\">G.Cybulski@mchtr.pw.edu.pl <\/td><td class=\"column-4\">+48-22-234-8270 <\/td>\n<\/tr>\n<tr class=\"row-3\">\n\t<td class=\"column-1\"><a href=\"https:\/\/repo.pw.edu.pl\/info\/author\/WUT0ba2535e19f84919abf215ba5f7189e0\/Rafa%25C5%2582%2BJ%25C3%25B3%25C5%25BAwiak?affil=&amp;tab=main&amp;sort=&amp;lang=en\"> Rafa\u0142 J\u00f3\u017awiak, Ph.D. <\/a><\/td><td class=\"column-2\">Mathematics and Information Science<\/td><td class=\"column-3\">Rafal.Jozwiak@mini.pw.edu.pl <\/td><td class=\"column-4\">+48-22-234-7806<\/td>\n<\/tr>\n<tr class=\"row-4\">\n\t<td class=\"column-1\"><a href=\"https:\/\/repo.pw.edu.pl\/info\/author\/WUT55457\/Krzysztof%2BKa%25C5%2582u%25C5%25BCy%25C5%2584ski?affil=&amp;tab=main&amp;sort=&amp;lang=en\"> Krzysztof Ka\u0142u\u017cy\u0144ski, D.Sc., prof. WUT <\/a><\/td><td class=\"column-2\">Mechatronics<\/td><td class=\"column-3\">K.Kaluzynski@mchtr.pw.edu.pl <\/td><td class=\"column-4\">+48-22-234-8538 <\/td>\n<\/tr>\n<tr class=\"row-5\">\n\t<td class=\"column-1\"><a href=\"https:\/\/repo.pw.edu.pl\/info\/author\/WUT56221\/Monika%2BKwacz?affil=&amp;tab=main&amp;sort=&amp;lang=en\">Monika Kwacz, D.Sc. <\/a><\/td><td class=\"column-2\">Mechatronics <\/td><td class=\"column-3\">M.Kwacz@mchtr.pw.edu.pl <\/td><td class=\"column-4\">+48-22-234-8447 <\/td>\n<\/tr>\n<tr class=\"row-6\">\n\t<td class=\"column-1\"><a href=\"https:\/\/repo.pw.edu.pl\/info\/author\/WUT56345\/Beata%2BLe%25C5%259Bniak-Plewi%25C5%2584ska?affil=&amp;tab=main&amp;sort=&amp;lang=en\"> Beata Le\u015bniak-Plewi\u0144ska, Ph.D. <\/a><\/td><td class=\"column-2\">Mechatronics<\/td><td class=\"column-3\">B.Lesniak@mchtr.pw.edu.pl <\/td><td class=\"column-4\">+48-22-234-8664 <\/td>\n<\/tr>\n<tr class=\"row-7\">\n\t<td class=\"column-1\"><a href=\"https:\/\/repo.pw.edu.pl\/info\/author\/WUT47ac9563bcce40ac9b825c6dbd86a99b\/Artur%2BPrzelaskowski?affil=&amp;tab=main&amp;sort=&amp;lang=en\"> Artur Przelaskowski, Prof. D.Sc. <\/a><\/td><td class=\"column-2\">Mathematics and Information Science<\/td><td class=\"column-3\">Artur.Przelaskowski@mini.pw.edu.pl <\/td><td class=\"column-4\">+48-22-234-7821 <\/td>\n<\/tr>\n<tr class=\"row-8\">\n\t<td class=\"column-1\"><a href=\"https:\/\/repo.pw.edu.pl\/info\/author\/WUT58845\/Wojciech%2B%25C5%259Awi%25C4%2599szkowski?affil=&amp;tab=main&amp;sort=&amp;lang=en\"> Wojciech \u015awi\u0119szkowski, D.Sc., prof. WUT <\/a><\/td><td class=\"column-2\">Material Science and Engineering<\/td><td class=\"column-3\">Wojciech.Swieszkowski@inmat.pw.edu.pl <\/td><td class=\"column-4\">+48-22-849-9407 <\/td>\n<\/tr>\n<tr class=\"row-9\">\n\t<td class=\"column-1\"><a href=\"https:\/\/repo.pw.edu.pl\/info\/author\/WUT59745\/Cezary%2BWo%25C5%25BAniak?affil=&amp;tab=main&amp;sort=&amp;lang=en\"> Cezary Wo\u017aniak, Ph.D. <\/a><\/td><td class=\"column-2\">Administration and Social Science<\/td><td class=\"column-3\">C.Wozniak@ans.pw.edu.pl <\/td><td class=\"column-4\">+48-22-234-6667 <\/td>\n<\/tr>\n<tr class=\"row-10\">\n\t<td class=\"column-1\"><a href=\"\"> S\u0142awomir Wronka, D.Sc. <\/a> <\/td><td class=\"column-2\">National Centre for Nuclear Research<\/td><td class=\"column-3\">Slawomir.Wronka@ncbj.gov.pl <\/td><td class=\"column-4\">+48-22-718-0539 <\/td>\n<\/tr>\n<tr class=\"row-11\">\n\t<td class=\"column-1\"><a href=\"https:\/\/repo.pw.edu.pl\/info\/author\/WUT59257\/Piotr%2BTulik?affil=&amp;tab=main&amp;sort=&amp;lang=en\"> Piotr Tulik, Ph.D. <\/a><\/td><td class=\"column-2\">Mechatronics<\/td><td class=\"column-3\">P.Tulik@mchtr.pw.edu.pl <\/td><td class=\"column-4\">+48-22-234-8643 <\/td>\n<\/tr>\n<\/tbody>\n<\/table>\n<!-- #tablepress-26-no-2 from cache --><\/a><\/p>\n","protected":false},"excerpt":{"rendered":"Name and surnameFacultyE-mailPhone Gerard Cybulski, D.Sc, prof. WUT MechatronicsG.Cybulski@mchtr.pw.edu.pl +48-22-234-8270 Rafa\u0142 J\u00f3\u017awiak, Ph.D. Mathematics and Information ScienceRafal.Jozwiak@mini.pw.edu.pl +48-22-234-7806 Krzysztof Ka\u0142u\u017cy\u0144ski, D.Sc., prof. WUT MechatronicsK.Kaluzynski@mchtr.pw.edu.pl +48-22-234-8538 Monika Kwacz, D.Sc. Mechatronics M.Kwacz@mchtr.pw.edu.pl +48-22-234-8447 Beata Le\u015bniak-Plewi\u0144ska, Ph.D. MechatronicsB.Lesniak@mchtr.pw.edu.pl +48-22-234-8664 Artur Przelaskowski, Prof. D.Sc. Mathematics and Information ScienceArtur.Przelaskowski@mini.pw.edu.pl +48-22-234-7821 Wojciech \u015awi\u0119szkowski, D.Sc., prof. WUT Material Science and EngineeringWojciech.Swieszkowski@inmat.pw.edu.pl +48-22-849-9407 [...]","protected":false},"author":8,"featured_media":0,"parent":314,"menu_order":60,"comment_status":"closed","ping_status":"closed","template":"","meta":{"ngg_post_thumbnail":0,"footnotes":""},"_links":{"self":[{"href":"https:\/\/www.ire.pw.edu.pl\/en\/wp-json\/wp\/v2\/pages\/324"}],"collection":[{"href":"https:\/\/www.ire.pw.edu.pl\/en\/wp-json\/wp\/v2\/pages"}],"about":[{"href":"https:\/\/www.ire.pw.edu.pl\/en\/wp-json\/wp\/v2\/types\/page"}],"author":[{"embeddable":true,"href":"https:\/\/www.ire.pw.edu.pl\/en\/wp-json\/wp\/v2\/users\/8"}],"replies":[{"embeddable":true,"href":"https:\/\/www.ire.pw.edu.pl\/en\/wp-json\/wp\/v2\/comments?post=324"}],"version-history":[{"count":4,"href":"https:\/\/www.ire.pw.edu.pl\/en\/wp-json\/wp\/v2\/pages\/324\/revisions"}],"predecessor-version":[{"id":5342,"href":"https:\/\/www.ire.pw.edu.pl\/en\/wp-json\/wp\/v2\/pages\/324\/revisions\/5342"}],"up":[{"embeddable":true,"href":"https:\/\/www.ire.pw.edu.pl\/en\/wp-json\/wp\/v2\/pages\/314"}],"wp:attachment":[{"href":"https:\/\/www.ire.pw.edu.pl\/en\/wp-json\/wp\/v2\/media?parent=324"}],"curies":[{"name":"wp","href":"https:\/\/api.w.org\/{rel}","templated":true}]}}