{"id":310,"date":"2018-01-17T14:03:15","date_gmt":"2018-01-17T14:03:15","guid":{"rendered":"\/\/www.ire.pw.edu.pl\/?page_id=310"},"modified":"2019-01-31T22:42:21","modified_gmt":"2019-01-31T21:42:21","slug":"professorial-titles","status":"publish","type":"page","link":"https:\/\/www.ire.pw.edu.pl\/en\/scientific-activity\/professorial-titles\/","title":{"rendered":"Professor titles"},"content":{"rendered":"<p><a href=\"http:\/\/\n&lt;table id=&quot;tablepress-33&quot; class=&quot;tablepress tablepress-id-33&quot;&gt;\n&lt;thead&gt;\n&lt;tr class=&quot;row-1&quot;&gt;\n\t&lt;th class=&quot;column-1&quot;&gt;Date of promotion&lt;\/th&gt;&lt;th class=&quot;column-2&quot;&gt;Name and surname&lt;\/th&gt;\n&lt;\/tr&gt;\n&lt;\/thead&gt;\n&lt;tbody class=&quot;row-striping row-hover&quot;&gt;\n&lt;tr class=&quot;row-2&quot;&gt;\n\t&lt;td class=&quot;column-1&quot;&gt;2017&lt;\/td&gt;&lt;td class=&quot;column-2&quot;&gt;Jan \u017bera&lt;\/td&gt;\n&lt;\/tr&gt;\n&lt;tr class=&quot;row-3&quot;&gt;\n\t&lt;td class=&quot;column-1&quot;&gt;2016&lt;\/td&gt;&lt;td class=&quot;column-2&quot;&gt;Yevhen Yashchyshyn&lt;\/td&gt;\n&lt;\/tr&gt;\n&lt;tr class=&quot;row-4&quot;&gt;\n\t&lt;td class=&quot;column-1&quot;&gt;2013&lt;\/td&gt;&lt;td class=&quot;column-2&quot;&gt;Zbigniew Kulka&lt;\/td&gt;\n&lt;\/tr&gt;\n&lt;tr class=&quot;row-5&quot;&gt;\n\t&lt;td class=&quot;column-1&quot;&gt;2013&lt;\/td&gt;&lt;td class=&quot;column-2&quot;&gt;Artur Przelaskowski&lt;\/td&gt;\n&lt;\/tr&gt;\n&lt;tr class=&quot;row-6&quot;&gt;\n\t&lt;td class=&quot;column-1&quot;&gt;2012&lt;\/td&gt;&lt;td class=&quot;column-2&quot;&gt;Krzysztof Zaremba&lt;\/td&gt;\n&lt;\/tr&gt;\n&lt;tr class=&quot;row-7&quot;&gt;\n\t&lt;td class=&quot;column-1&quot;&gt;2011&lt;\/td&gt;&lt;td class=&quot;column-2&quot;&gt;Wies\u0142aw Winiecki&lt;\/td&gt;\n&lt;\/tr&gt;\n&lt;tr class=&quot;row-8&quot;&gt;\n\t&lt;td class=&quot;column-1&quot;&gt;2003&lt;\/td&gt;&lt;td class=&quot;column-2&quot;&gt;W\u0142adys\u0142aw Skarbek&lt;\/td&gt;\n&lt;\/tr&gt;\n&lt;tr class=&quot;row-9&quot;&gt;\n\t&lt;td class=&quot;column-1&quot;&gt;2002&lt;\/td&gt;&lt;td class=&quot;column-2&quot;&gt;Jacek Wojciechowski&lt;\/td&gt;\n&lt;\/tr&gt;\n&lt;tr class=&quot;row-10&quot;&gt;\n\t&lt;td class=&quot;column-1&quot;&gt;2001&lt;\/td&gt;&lt;td class=&quot;column-2&quot;&gt;Roman Z. Morawski&lt;\/td&gt;\n&lt;\/tr&gt;\n&lt;tr class=&quot;row-11&quot;&gt;\n\t&lt;td class=&quot;column-1&quot;&gt;2001&lt;\/td&gt;&lt;td class=&quot;column-2&quot;&gt;Stanis\u0142aw Ros\u0142oniec&lt;\/td&gt;\n&lt;\/tr&gt;\n&lt;tr class=&quot;row-12&quot;&gt;\n\t&lt;td class=&quot;column-1&quot;&gt;2000&lt;\/td&gt;&lt;td class=&quot;column-2&quot;&gt;Wojciech Gwarek&lt;\/td&gt;\n&lt;\/tr&gt;\n&lt;tr class=&quot;row-13&quot;&gt;\n\t&lt;td class=&quot;column-1&quot;&gt;1995&lt;\/td&gt;&lt;td class=&quot;column-2&quot;&gt;Marek Krawczyk&lt;\/td&gt;\n&lt;\/tr&gt;\n&lt;tr class=&quot;row-14&quot;&gt;\n\t&lt;td class=&quot;column-1&quot;&gt;1994&lt;\/td&gt;&lt;td class=&quot;column-2&quot;&gt;J\u00f3zef Modelski&lt;\/td&gt;\n&lt;\/tr&gt;\n&lt;tr class=&quot;row-15&quot;&gt;\n\t&lt;td class=&quot;column-1&quot;&gt;1991&lt;\/td&gt;&lt;td class=&quot;column-2&quot;&gt;Adam Fiok&lt;\/td&gt;\n&lt;\/tr&gt;\n&lt;tr class=&quot;row-16&quot;&gt;\n\t&lt;td class=&quot;column-1&quot;&gt;1990&lt;\/td&gt;&lt;td class=&quot;column-2&quot;&gt;Zdzis\u0142aw Paw\u0142owski&lt;\/td&gt;\n&lt;\/tr&gt;\n&lt;tr class=&quot;row-17&quot;&gt;\n\t&lt;td class=&quot;column-1&quot;&gt;1984&lt;\/td&gt;&lt;td class=&quot;column-2&quot;&gt;Juliusz Keller&lt;\/td&gt;\n&lt;\/tr&gt;\n&lt;tr class=&quot;row-18&quot;&gt;\n\t&lt;td class=&quot;column-1&quot;&gt;1982&lt;\/td&gt;&lt;td class=&quot;column-2&quot;&gt;Jan Ebert&lt;\/td&gt;\n&lt;\/tr&gt;\n&lt;tr class=&quot;row-19&quot;&gt;\n\t&lt;td class=&quot;column-1&quot;&gt;1980&lt;\/td&gt;&lt;td class=&quot;column-2&quot;&gt;Tadeusz Morawski&lt;\/td&gt;\n&lt;\/tr&gt;\n&lt;tr class=&quot;row-20&quot;&gt;\n\t&lt;td class=&quot;column-1&quot;&gt;1978&lt;\/td&gt;&lt;td class=&quot;column-2&quot;&gt;Adam Pi\u0105tkowski&lt;\/td&gt;\n&lt;\/tr&gt;\n&lt;tr class=&quot;row-21&quot;&gt;\n\t&lt;td class=&quot;column-1&quot;&gt;1969&lt;\/td&gt;&lt;td class=&quot;column-2&quot;&gt;Stefan L. Hahn&lt;\/td&gt;\n&lt;\/tr&gt;\n&lt;tr class=&quot;row-22&quot;&gt;\n\t&lt;td class=&quot;column-1&quot;&gt;1954&lt;\/td&gt;&lt;td class=&quot;column-2&quot;&gt;Stanis\u0142aw Ry\u017cko&lt;\/td&gt;\n&lt;\/tr&gt;\n&lt;tr class=&quot;row-23&quot;&gt;\n\t&lt;td class=&quot;column-1&quot;&gt;1954&lt;\/td&gt;&lt;td class=&quot;column-2&quot;&gt;Wilhelm Rotkiewicz&lt;\/td&gt;\n&lt;\/tr&gt;\n&lt;tr class=&quot;row-24&quot;&gt;\n\t&lt;td class=&quot;column-1&quot;&gt;1946&lt;\/td&gt;&lt;td class=&quot;column-2&quot;&gt;Cezary Paw\u0142owski&lt;\/td&gt;\n&lt;\/tr&gt;\n&lt;\/tbody&gt;\n&lt;\/table&gt;\n&lt;!-- #tablepress-33 from cache --&gt;\">\n<table id=\"tablepress-33-no-2\" class=\"tablepress tablepress-id-33\">\n<thead>\n<tr class=\"row-1\">\n\t<th class=\"column-1\">Date of promotion<\/th><th class=\"column-2\">Name and surname<\/th>\n<\/tr>\n<\/thead>\n<tbody class=\"row-striping row-hover\">\n<tr class=\"row-2\">\n\t<td class=\"column-1\">2017<\/td><td class=\"column-2\">Jan \u017bera<\/td>\n<\/tr>\n<tr class=\"row-3\">\n\t<td class=\"column-1\">2016<\/td><td class=\"column-2\">Yevhen Yashchyshyn<\/td>\n<\/tr>\n<tr class=\"row-4\">\n\t<td class=\"column-1\">2013<\/td><td class=\"column-2\">Zbigniew Kulka<\/td>\n<\/tr>\n<tr class=\"row-5\">\n\t<td class=\"column-1\">2013<\/td><td class=\"column-2\">Artur Przelaskowski<\/td>\n<\/tr>\n<tr class=\"row-6\">\n\t<td class=\"column-1\">2012<\/td><td class=\"column-2\">Krzysztof Zaremba<\/td>\n<\/tr>\n<tr class=\"row-7\">\n\t<td class=\"column-1\">2011<\/td><td class=\"column-2\">Wies\u0142aw Winiecki<\/td>\n<\/tr>\n<tr class=\"row-8\">\n\t<td class=\"column-1\">2003<\/td><td class=\"column-2\">W\u0142adys\u0142aw Skarbek<\/td>\n<\/tr>\n<tr class=\"row-9\">\n\t<td class=\"column-1\">2002<\/td><td class=\"column-2\">Jacek Wojciechowski<\/td>\n<\/tr>\n<tr class=\"row-10\">\n\t<td class=\"column-1\">2001<\/td><td class=\"column-2\">Roman Z. Morawski<\/td>\n<\/tr>\n<tr class=\"row-11\">\n\t<td class=\"column-1\">2001<\/td><td class=\"column-2\">Stanis\u0142aw Ros\u0142oniec<\/td>\n<\/tr>\n<tr class=\"row-12\">\n\t<td class=\"column-1\">2000<\/td><td class=\"column-2\">Wojciech Gwarek<\/td>\n<\/tr>\n<tr class=\"row-13\">\n\t<td class=\"column-1\">1995<\/td><td class=\"column-2\">Marek Krawczyk<\/td>\n<\/tr>\n<tr class=\"row-14\">\n\t<td class=\"column-1\">1994<\/td><td class=\"column-2\">J\u00f3zef Modelski<\/td>\n<\/tr>\n<tr class=\"row-15\">\n\t<td class=\"column-1\">1991<\/td><td class=\"column-2\">Adam Fiok<\/td>\n<\/tr>\n<tr class=\"row-16\">\n\t<td class=\"column-1\">1990<\/td><td class=\"column-2\">Zdzis\u0142aw Paw\u0142owski<\/td>\n<\/tr>\n<tr class=\"row-17\">\n\t<td class=\"column-1\">1984<\/td><td class=\"column-2\">Juliusz Keller<\/td>\n<\/tr>\n<tr class=\"row-18\">\n\t<td class=\"column-1\">1982<\/td><td class=\"column-2\">Jan Ebert<\/td>\n<\/tr>\n<tr class=\"row-19\">\n\t<td class=\"column-1\">1980<\/td><td class=\"column-2\">Tadeusz Morawski<\/td>\n<\/tr>\n<tr class=\"row-20\">\n\t<td class=\"column-1\">1978<\/td><td class=\"column-2\">Adam Pi\u0105tkowski<\/td>\n<\/tr>\n<tr class=\"row-21\">\n\t<td class=\"column-1\">1969<\/td><td class=\"column-2\">Stefan L. Hahn<\/td>\n<\/tr>\n<tr class=\"row-22\">\n\t<td class=\"column-1\">1954<\/td><td class=\"column-2\">Stanis\u0142aw Ry\u017cko<\/td>\n<\/tr>\n<tr class=\"row-23\">\n\t<td class=\"column-1\">1954<\/td><td class=\"column-2\">Wilhelm Rotkiewicz<\/td>\n<\/tr>\n<tr class=\"row-24\">\n\t<td class=\"column-1\">1946<\/td><td class=\"column-2\">Cezary Paw\u0142owski<\/td>\n<\/tr>\n<\/tbody>\n<\/table>\n<!-- #tablepress-33-no-2 from cache --><\/a><\/p>\n","protected":false},"excerpt":{"rendered":"Date of promotionName and surname 2017Jan \u017bera 2016Yevhen Yashchyshyn 2013Zbigniew Kulka 2013Artur Przelaskowski 2012Krzysztof Zaremba 2011Wies\u0142aw Winiecki 2003W\u0142adys\u0142aw Skarbek 2002Jacek Wojciechowski 2001Roman Z. Morawski 2001Stanis\u0142aw Ros\u0142oniec 2000Wojciech Gwarek 1995Marek Krawczyk 1994J\u00f3zef Modelski 1991Adam Fiok 1990Zdzis\u0142aw Paw\u0142owski 1984Juliusz Keller 1982Jan Ebert 1980Tadeusz Morawski 1978Adam Pi\u0105tkowski 1969Stefan L. Hahn 1954Stanis\u0142aw Ry\u017cko 1954Wilhelm Rotkiewicz 1946Cezary Paw\u0142owski","protected":false},"author":8,"featured_media":0,"parent":2918,"menu_order":100,"comment_status":"closed","ping_status":"closed","template":"","meta":{"ngg_post_thumbnail":0,"footnotes":""},"_links":{"self":[{"href":"https:\/\/www.ire.pw.edu.pl\/en\/wp-json\/wp\/v2\/pages\/310"}],"collection":[{"href":"https:\/\/www.ire.pw.edu.pl\/en\/wp-json\/wp\/v2\/pages"}],"about":[{"href":"https:\/\/www.ire.pw.edu.pl\/en\/wp-json\/wp\/v2\/types\/page"}],"author":[{"embeddable":true,"href":"https:\/\/www.ire.pw.edu.pl\/en\/wp-json\/wp\/v2\/users\/8"}],"replies":[{"embeddable":true,"href":"https:\/\/www.ire.pw.edu.pl\/en\/wp-json\/wp\/v2\/comments?post=310"}],"version-history":[{"count":5,"href":"https:\/\/www.ire.pw.edu.pl\/en\/wp-json\/wp\/v2\/pages\/310\/revisions"}],"predecessor-version":[{"id":5338,"href":"https:\/\/www.ire.pw.edu.pl\/en\/wp-json\/wp\/v2\/pages\/310\/revisions\/5338"}],"up":[{"embeddable":true,"href":"https:\/\/www.ire.pw.edu.pl\/en\/wp-json\/wp\/v2\/pages\/2918"}],"wp:attachment":[{"href":"https:\/\/www.ire.pw.edu.pl\/en\/wp-json\/wp\/v2\/media?parent=310"}],"curies":[{"name":"wp","href":"https:\/\/api.w.org\/{rel}","templated":true}]}}