{"id":306,"date":"2018-01-17T14:02:13","date_gmt":"2018-01-17T14:02:13","guid":{"rendered":"\/\/www.ire.pw.edu.pl\/?page_id=306"},"modified":"2019-01-29T12:54:08","modified_gmt":"2019-01-29T11:54:08","slug":"habilitation","status":"publish","type":"page","link":"https:\/\/www.ire.pw.edu.pl\/en\/scientific-activity\/habilitation\/","title":{"rendered":"DSc. Degrees"},"content":{"rendered":"<p><a href=\"http:\/\/\n&lt;table id=&quot;tablepress-7&quot; class=&quot;tablepress tablepress-id-7&quot;&gt;\n&lt;thead&gt;\n&lt;tr class=&quot;row-1&quot;&gt;\n\t&lt;th class=&quot;column-1&quot;&gt;L.p.&lt;\/th&gt;&lt;th class=&quot;column-2&quot;&gt;Imi\u0119 i Nazwisko&lt;\/th&gt;&lt;th class=&quot;column-3&quot;&gt;Tytu\u0142&lt;\/th&gt;&lt;th class=&quot;column-4&quot;&gt;Data&lt;\/th&gt;\n&lt;\/tr&gt;\n&lt;\/thead&gt;\n&lt;tbody class=&quot;row-striping row-hover&quot;&gt;\n&lt;tr class=&quot;row-2&quot;&gt;\n\t&lt;td class=&quot;column-1&quot;&gt;35&lt;\/td&gt;&lt;td class=&quot;column-2&quot;&gt;Krzysztof Derzakowski&lt;\/td&gt;&lt;td class=&quot;column-3&quot;&gt;Mikrofalowe struktury wielowarstwowe o symetrii obrotowej zawieraj\u0105ce materia\u0142y dielektryczne i magnetyczne&lt;\/td&gt;&lt;td class=&quot;column-4&quot;&gt;23.05.2023&lt;\/td&gt;\n&lt;\/tr&gt;\n&lt;tr class=&quot;row-3&quot;&gt;\n\t&lt;td class=&quot;column-1&quot;&gt;34&lt;\/td&gt;&lt;td class=&quot;column-2&quot;&gt;Jacek Naruniec&lt;\/td&gt;&lt;td class=&quot;column-3&quot;&gt;Metody, algorytmy i zastosowania analizy twarzy&lt;\/td&gt;&lt;td class=&quot;column-4&quot;&gt;26.02.2019&lt;\/td&gt;\n&lt;\/tr&gt;\n&lt;tr class=&quot;row-4&quot;&gt;\n\t&lt;td class=&quot;column-1&quot;&gt;33&lt;\/td&gt;&lt;td class=&quot;column-2&quot;&gt;Pawe\u0142 Kopyt&lt;\/td&gt;&lt;td class=&quot;column-3&quot;&gt;Numeryczne modelowanie elektromagnetyczne komponent\u00f3w dla mikrofalowych i subterahercowych tor\u00f3w odbiorczych&lt;\/td&gt;&lt;td class=&quot;column-4&quot;&gt;19.12.2017&lt;\/td&gt;\n&lt;\/tr&gt;\n&lt;tr class=&quot;row-5&quot;&gt;\n\t&lt;td class=&quot;column-1&quot;&gt;32&lt;\/td&gt;&lt;td class=&quot;column-2&quot;&gt;Grzegorz Pastuszak&lt;\/td&gt;&lt;td class=&quot;column-3&quot;&gt;Algorytmy i architektury koder\u00f3w sprz\u0119towych w kompresji danych wizyjnych w czasie rzeczywistym.&lt;\/td&gt;&lt;td class=&quot;column-4&quot;&gt;22.09.2015&lt;\/td&gt;\n&lt;\/tr&gt;\n&lt;tr class=&quot;row-6&quot;&gt;\n\t&lt;td class=&quot;column-1&quot;&gt;31&lt;\/td&gt;&lt;td class=&quot;column-2&quot;&gt;Wojciech Wojtasiak &lt;\/td&gt;&lt;td class=&quot;column-3&quot;&gt;Nowe rozwi\u0105zania uk\u0142adowe i konstrukcyjne mikrofalowych modu\u0142\u00f3w nadawczych i odbiorczych specjalnego przeznaczenia.&lt;\/td&gt;&lt;td class=&quot;column-4&quot;&gt;21.04.2015 &lt;\/td&gt;\n&lt;\/tr&gt;\n&lt;tr class=&quot;row-7&quot;&gt;\n\t&lt;td class=&quot;column-1&quot;&gt;30&lt;\/td&gt;&lt;td class=&quot;column-2&quot;&gt;Bart\u0142omiej Salski&lt;\/td&gt;&lt;td class=&quot;column-3&quot;&gt;Modelowanie elektromagnetyczne i charakteryzacja w\u0142asno\u015bci dyspersyjnych materia\u0142\u00f3w oraz struktur;&lt;\/td&gt;&lt;td class=&quot;column-4&quot;&gt;24.03.2015&lt;\/td&gt;\n&lt;\/tr&gt;\n&lt;tr class=&quot;row-8&quot;&gt;\n\t&lt;td class=&quot;column-1&quot;&gt;29&lt;\/td&gt;&lt;td class=&quot;column-2&quot;&gt;Kajetana Snopek&lt;\/td&gt;&lt;td class=&quot;column-3&quot;&gt;Studies on complex and hypercomplex multidimensional analytic signals; &lt;\/td&gt;&lt;td class=&quot;column-4&quot;&gt;24.06.2014&lt;\/td&gt;\n&lt;\/tr&gt;\n&lt;tr class=&quot;row-9&quot;&gt;\n\t&lt;td class=&quot;column-1&quot;&gt;28&lt;\/td&gt;&lt;td class=&quot;column-2&quot;&gt;Waldemar Smolik&lt;\/td&gt;&lt;td class=&quot;column-3&quot;&gt;Rekonstrukcja obraz\u00f3w w elektrycznej tomografii pojemno\u015bciowej;&lt;\/td&gt;&lt;td class=&quot;column-4&quot;&gt;22.04.2014&lt;\/td&gt;\n&lt;\/tr&gt;\n&lt;tr class=&quot;row-10&quot;&gt;\n\t&lt;td class=&quot;column-1&quot;&gt;27&lt;\/td&gt;&lt;td class=&quot;column-2&quot;&gt;Piotr Bilski &lt;\/td&gt;&lt;td class=&quot;column-3&quot;&gt;Artificial intelligence methods in the diagnostics of analog systems;&lt;\/td&gt;&lt;td class=&quot;column-4&quot;&gt;27.05.2014&lt;\/td&gt;\n&lt;\/tr&gt;\n&lt;tr class=&quot;row-11&quot;&gt;\n\t&lt;td class=&quot;column-1&quot;&gt;26&lt;\/td&gt;&lt;td class=&quot;column-2&quot;&gt;Piotr Bogorodzki  &lt;\/td&gt;&lt;td class=&quot;column-3&quot;&gt;Zastosowanie metod tomograficznych do badania dynamiki proces\u00f3w fizjologicznych;&lt;\/td&gt;&lt;td class=&quot;column-4&quot;&gt;\u202606.2012&lt;\/td&gt;\n&lt;\/tr&gt;\n&lt;tr class=&quot;row-12&quot;&gt;\n\t&lt;td class=&quot;column-1&quot;&gt;25&lt;\/td&gt;&lt;td class=&quot;column-2&quot;&gt;Yevhen Yashchyshyn&lt;\/td&gt;&lt;td class=&quot;column-3&quot;&gt;Anteny z elektrycznym kszta\u0142towaniem charakterystyki kierunkowej - nowe rozwi\u0105zania&lt;\/td&gt;&lt;td class=&quot;column-4&quot;&gt;5.12.2006 &lt;\/td&gt;\n&lt;\/tr&gt;\n&lt;tr class=&quot;row-13&quot;&gt;\n\t&lt;td class=&quot;column-1&quot;&gt;24&lt;\/td&gt;&lt;td class=&quot;column-2&quot;&gt;Jan \u017bera&lt;\/td&gt;&lt;td class=&quot;column-3&quot;&gt;Percepcja niesynchroniczno\u015bci sk\u0142adowych widmowych wieloton\u00f3w;&lt;\/td&gt;&lt;td class=&quot;column-4&quot;&gt;7.12.2004&lt;\/td&gt;\n&lt;\/tr&gt;\n&lt;tr class=&quot;row-14&quot;&gt;\n\t&lt;td class=&quot;column-1&quot;&gt;23&lt;\/td&gt;&lt;td class=&quot;column-2&quot;&gt;Artur Przelaskowski&lt;\/td&gt;&lt;td class=&quot;column-3&quot;&gt;Falkowe metody kompresji danych obrazowych;&lt;\/td&gt;&lt;td class=&quot;column-4&quot;&gt;2.03.2004&lt;\/td&gt;\n&lt;\/tr&gt;\n&lt;tr class=&quot;row-15&quot;&gt;\n\t&lt;td class=&quot;column-1&quot;&gt;22&lt;\/td&gt;&lt;td class=&quot;column-2&quot;&gt;Wies\u0142aw Winiecki&lt;\/td&gt;&lt;td class=&quot;column-3&quot;&gt;Wirtualne przyrz\u0105dy pomiarowe;&lt;\/td&gt;&lt;td class=&quot;column-4&quot;&gt;18.11.2003 &lt;\/td&gt;\n&lt;\/tr&gt;\n&lt;tr class=&quot;row-16&quot;&gt;\n\t&lt;td class=&quot;column-1&quot;&gt;21&lt;\/td&gt;&lt;td class=&quot;column-2&quot;&gt;Janusz Marzec&lt;\/td&gt;&lt;td class=&quot;column-3&quot;&gt;Wielkopowierzchniowe detektory \u015bladowe w eksperymentach fizyki wysokich energii;&lt;\/td&gt;&lt;td class=&quot;column-4&quot;&gt;4.11.2003&lt;\/td&gt;\n&lt;\/tr&gt;\n&lt;tr class=&quot;row-17&quot;&gt;\n\t&lt;td class=&quot;column-1&quot;&gt;20&lt;\/td&gt;&lt;td class=&quot;column-2&quot;&gt;Krzysztof Zaremba&lt;\/td&gt;&lt;td class=&quot;column-3&quot;&gt;Wybrane radiacyjne metody badania sk\u0142adu tkanek i p\u0142yn\u00f3w ustrojowych;&lt;\/td&gt;&lt;td class=&quot;column-4&quot;&gt;18.02.2003&lt;\/td&gt;\n&lt;\/tr&gt;\n&lt;tr class=&quot;row-18&quot;&gt;\n\t&lt;td class=&quot;column-1&quot;&gt;19&lt;\/td&gt;&lt;td class=&quot;column-2&quot;&gt;Zbigniew Kulka&lt;\/td&gt;&lt;td class=&quot;column-3&quot;&gt;Wa\u017cniejsze aspekty cyfrowego przetwarzania amplitudy, \u0142adunku i kszta\u0142tu sygna\u0142\u00f3w analogowych w systemach pomiarowych eksperymentalnej fizyki j\u0105drowej;&lt;\/td&gt;&lt;td class=&quot;column-4&quot;&gt;16.04.1996&lt;\/td&gt;\n&lt;\/tr&gt;\n&lt;tr class=&quot;row-19&quot;&gt;\n\t&lt;td class=&quot;column-1&quot;&gt;18&lt;\/td&gt;&lt;td class=&quot;column-2&quot;&gt;W\u0142adys\u0142aw Skarbek&lt;\/td&gt;&lt;td class=&quot;column-3&quot;&gt;Metody reprezentacji obraz\u00f3w cyfrowych;&lt;\/td&gt;&lt;td class=&quot;column-4&quot;&gt;28.06.1994&lt;\/td&gt;\n&lt;\/tr&gt;\n&lt;tr class=&quot;row-20&quot;&gt;\n\t&lt;td class=&quot;column-1&quot;&gt;17&lt;\/td&gt;&lt;td class=&quot;column-2&quot;&gt;Stanis\u0142aw Ros\u0142oniec&lt;\/td&gt;&lt;td class=&quot;column-3&quot;&gt;O zastosowaniu tor\u00f3w schodk\u00f3w w projektowaniu liniowych uk\u0142ad\u00f3w mikrofalowych;&lt;\/td&gt;&lt;td class=&quot;column-4&quot;&gt;11.06.1991&lt;\/td&gt;\n&lt;\/tr&gt;\n&lt;tr class=&quot;row-21&quot;&gt;\n\t&lt;td class=&quot;column-1&quot;&gt;16&lt;\/td&gt;&lt;td class=&quot;column-2&quot;&gt;Nguyen Kim Sach&lt;\/td&gt;&lt;td class=&quot;column-3&quot;&gt;Poprawa jako\u015bci obraz\u00f3w telewizyjnych metodami cyfrowymi;&lt;\/td&gt;&lt;td class=&quot;column-4&quot;&gt;6.03.1990&lt;\/td&gt;\n&lt;\/tr&gt;\n&lt;tr class=&quot;row-22&quot;&gt;\n\t&lt;td class=&quot;column-1&quot;&gt;15&lt;\/td&gt;&lt;td class=&quot;column-2&quot;&gt;Roman Morawski&lt;\/td&gt;&lt;td class=&quot;column-3&quot;&gt;Metody odtwarzania sygna\u0142\u00f3w pomiarowych ;&lt;\/td&gt;&lt;td class=&quot;column-4&quot;&gt;9.01.1990 &lt;\/td&gt;\n&lt;\/tr&gt;\n&lt;tr class=&quot;row-23&quot;&gt;\n\t&lt;td class=&quot;column-1&quot;&gt;14&lt;\/td&gt;&lt;td class=&quot;column-2&quot;&gt;Jacek Wojciechowski&lt;\/td&gt;&lt;td class=&quot;column-3&quot;&gt;Analiza w\u0142asno\u015bciowa analogowych uk\u0142ad\u00f3w elektrycznych z wykorzystaniem twierdzenia Tellegena;&lt;\/td&gt;&lt;td class=&quot;column-4&quot;&gt;13.06.1989&lt;\/td&gt;\n&lt;\/tr&gt;\n&lt;tr class=&quot;row-24&quot;&gt;\n\t&lt;td class=&quot;column-1&quot;&gt;13&lt;\/td&gt;&lt;td class=&quot;column-2&quot;&gt;Waldemar Kie\u0142ek&lt;\/td&gt;&lt;td class=&quot;column-3&quot;&gt;Wp\u0142yw obr\u00f3bki wielofoelektronowego sygna\u0142u  odbitego na dok\u0142adno\u015b\u0107 laserowych impulsowych miernik\u00f3w odleg\u0142o\u015bci do satelit\u00f3w; &lt;\/td&gt;&lt;td class=&quot;column-4&quot;&gt;9.05.1989&lt;\/td&gt;\n&lt;\/tr&gt;\n&lt;tr class=&quot;row-25&quot;&gt;\n\t&lt;td class=&quot;column-1&quot;&gt;12&lt;\/td&gt;&lt;td class=&quot;column-2&quot;&gt;Wojciech Gwarek &lt;\/td&gt;&lt;td class=&quot;column-3&quot;&gt;Analiza obwod\u00f3w mikrofalowych z dwuwymiarow\u0105 propagacj\u0105 fali;&lt;\/td&gt;&lt;td class=&quot;column-4&quot;&gt;15.11.1988&lt;\/td&gt;\n&lt;\/tr&gt;\n&lt;tr class=&quot;row-26&quot;&gt;\n\t&lt;td class=&quot;column-1&quot;&gt;11&lt;\/td&gt;&lt;td class=&quot;column-2&quot;&gt;J\u00f3zef Modelski&lt;\/td&gt;&lt;td class=&quot;column-3&quot;&gt;Mikrofalowe analogowe modulatory i przesuwniki fazy;&lt;\/td&gt;&lt;td class=&quot;column-4&quot;&gt;22.09.1987&lt;\/td&gt;\n&lt;\/tr&gt;\n&lt;tr class=&quot;row-27&quot;&gt;\n\t&lt;td class=&quot;column-1&quot;&gt;10&lt;\/td&gt;&lt;td class=&quot;column-2&quot;&gt;Zdzis\u0142aw Paw\u0142owski&lt;\/td&gt;&lt;td class=&quot;column-3&quot;&gt;Modele zjawisk w spektrometrycznych gazowych detektorach promieniowania j\u0105drowego;&lt;\/td&gt;&lt;td class=&quot;column-4&quot;&gt;2.06.1987&lt;\/td&gt;\n&lt;\/tr&gt;\n&lt;tr class=&quot;row-28&quot;&gt;\n\t&lt;td class=&quot;column-1&quot;&gt;9&lt;\/td&gt;&lt;td class=&quot;column-2&quot;&gt;Marian Kazimierczuk&lt;\/td&gt;&lt;td class=&quot;column-3&quot;&gt;Wysokosprawne \u017ar\u00f3d\u0142a energii wielkiej cz\u0119stotliwo\u015bci;&lt;\/td&gt;&lt;td class=&quot;column-4&quot;&gt;5.06.1983&lt;\/td&gt;\n&lt;\/tr&gt;\n&lt;tr class=&quot;row-29&quot;&gt;\n\t&lt;td class=&quot;column-1&quot;&gt;8&lt;\/td&gt;&lt;td class=&quot;column-2&quot;&gt;Juliusz Ekiel&lt;\/td&gt;&lt;td class=&quot;column-3&quot;&gt;Bioniczne modelowanie i pomiar przestrzeni bioelektrycznych;&lt;\/td&gt;&lt;td class=&quot;column-4&quot;&gt;22.03.1977&lt;\/td&gt;\n&lt;\/tr&gt;\n&lt;tr class=&quot;row-30&quot;&gt;\n\t&lt;td class=&quot;column-1&quot;&gt;7&lt;\/td&gt;&lt;td class=&quot;column-2&quot;&gt;Adam Pi\u0105tkowski&lt;\/td&gt;&lt;td class=&quot;column-3&quot;&gt;Skojarzona metoda filtracji aerozoli submikronowych;&lt;\/td&gt;&lt;td class=&quot;column-4&quot;&gt;7.01.1975&lt;\/td&gt;\n&lt;\/tr&gt;\n&lt;tr class=&quot;row-31&quot;&gt;\n\t&lt;td class=&quot;column-1&quot;&gt;6&lt;\/td&gt;&lt;td class=&quot;column-2&quot;&gt;Witold Straszewicz&lt;\/td&gt;&lt;td class=&quot;column-3&quot;&gt;Analiza geometryczna w\u0142a\u015bciwo\u015bci pola akustycznego w obszarach ograniczonych;&lt;\/td&gt;&lt;td class=&quot;column-4&quot;&gt;15.04.1974&lt;\/td&gt;\n&lt;\/tr&gt;\n&lt;tr class=&quot;row-32&quot;&gt;\n\t&lt;td class=&quot;column-1&quot;&gt;5&lt;\/td&gt;&lt;td class=&quot;column-2&quot;&gt;Adam Fiok&lt;\/td&gt;&lt;td class=&quot;column-3&quot;&gt;Transmisyjne metody pomiar\u00f3w dw\u00f3jnik\u00f3w rezonansowych;&lt;\/td&gt;&lt;td class=&quot;column-4&quot;&gt;15.01.1974&lt;\/td&gt;\n&lt;\/tr&gt;\n&lt;tr class=&quot;row-33&quot;&gt;\n\t&lt;td class=&quot;column-1&quot;&gt;4&lt;\/td&gt;&lt;td class=&quot;column-2&quot;&gt;Tadeusz Morawski&lt;\/td&gt;&lt;td class=&quot;column-3&quot;&gt; Nowe zastosowanie metody ma\u0142ych zaburze\u0144 w miernictwie mikrofalowym;&lt;\/td&gt;&lt;td class=&quot;column-4&quot;&gt;19.06.1973&lt;\/td&gt;\n&lt;\/tr&gt;\n&lt;tr class=&quot;row-34&quot;&gt;\n\t&lt;td class=&quot;column-1&quot;&gt;3&lt;\/td&gt;&lt;td class=&quot;column-2&quot;&gt;Jan Ebert&lt;\/td&gt;&lt;td class=&quot;column-3&quot;&gt;Optymalizacja obwod\u00f3w rezonansowych du\u017cej mocy w.cz.;&lt;\/td&gt;&lt;td class=&quot;column-4&quot;&gt;22.06.1969&lt;\/td&gt;\n&lt;\/tr&gt;\n&lt;tr class=&quot;row-35&quot;&gt;\n\t&lt;td class=&quot;column-1&quot;&gt;2&lt;\/td&gt;&lt;td class=&quot;column-2&quot;&gt;Romuald Litwin &lt;\/td&gt;&lt;td class=&quot;column-3&quot;&gt;Impedancja charakterystyczna niekt\u00f3rych odmian mikrofalowych linii op\u00f3\u017aniaj\u0105cych o budowie okresowej;&lt;\/td&gt;&lt;td class=&quot;column-4&quot;&gt;3.11.1964&lt;\/td&gt;\n&lt;\/tr&gt;\n&lt;tr class=&quot;row-36&quot;&gt;\n\t&lt;td class=&quot;column-1&quot;&gt;1&lt;\/td&gt;&lt;td class=&quot;column-2&quot;&gt;Stefan Hahn&lt;\/td&gt;&lt;td class=&quot;column-3&quot;&gt;Zjawiska dynamiczne w generatorach o dw\u00f3ch stopniach swobody;&lt;\/td&gt;&lt;td class=&quot;column-4&quot;&gt;8.05.1962&lt;\/td&gt;\n&lt;\/tr&gt;\n&lt;\/tbody&gt;\n&lt;\/table&gt;\n&lt;!-- #tablepress-7 from cache --&gt;\">\n<table id=\"tablepress-29\" class=\"tablepress tablepress-id-29\">\n<thead>\n<tr class=\"row-1\">\n\t<th class=\"column-1\">No.<\/th><th class=\"column-2\">Name and surname<\/th><th class=\"column-3\">Title<\/th><th class=\"column-4\">Date<\/th>\n<\/tr>\n<\/thead>\n<tbody class=\"row-striping row-hover\">\n<tr class=\"row-2\">\n\t<td class=\"column-1\">34<\/td><td class=\"column-2\">Jacek Naruniec<\/td><td class=\"column-3\">Methods, algorithms and applications in face analysis<\/td><td class=\"column-4\">26.02.2019<\/td>\n<\/tr>\n<tr class=\"row-3\">\n\t<td class=\"column-1\">33<\/td><td class=\"column-2\">Pawe\u0142 Kopyt<\/td><td class=\"column-3\">Electromagnetic numerical modeling of components for microwave and sub-terahertz receiving paths<\/td><td class=\"column-4\">19.12.2017<\/td>\n<\/tr>\n<tr class=\"row-4\">\n\t<td class=\"column-1\">32<\/td><td class=\"column-2\">Grzegorz Pastuszak<\/td><td class=\"column-3\">Algorithms and architecture of hardware codec in vision data compression in a real time<\/td><td class=\"column-4\">22.09.2015<\/td>\n<\/tr>\n<tr class=\"row-5\">\n\t<td class=\"column-1\">31<\/td><td class=\"column-2\">Wojciech Wojtasiak <\/td><td class=\"column-3\">The new system and designing solutions of special microwave transmitters and receivers<\/td><td class=\"column-4\">21.04.2015 <\/td>\n<\/tr>\n<tr class=\"row-6\">\n\t<td class=\"column-1\">30<\/td><td class=\"column-2\">Bart\u0142omiej Salski<\/td><td class=\"column-3\">Electromagnetic modeling and dispersion properties of materials and structures<\/td><td class=\"column-4\">24.03.2015<\/td>\n<\/tr>\n<tr class=\"row-7\">\n\t<td class=\"column-1\">29<\/td><td class=\"column-2\">Kajetana Snopek<\/td><td class=\"column-3\">Studies on complex and hypercomplex multidimensional analytic signals<\/td><td class=\"column-4\">24.06.2014<\/td>\n<\/tr>\n<tr class=\"row-8\">\n\t<td class=\"column-1\">28<\/td><td class=\"column-2\">Waldemar Smolik<\/td><td class=\"column-3\">Reconstruction of the images in electrical capacitance tomography<\/td><td class=\"column-4\">22.04.2014<\/td>\n<\/tr>\n<tr class=\"row-9\">\n\t<td class=\"column-1\">27<\/td><td class=\"column-2\">Piotr Bilski <\/td><td class=\"column-3\">Artificial intelligence methods in the diagnostics of analog systems;<\/td><td class=\"column-4\">27.05.2014<\/td>\n<\/tr>\n<tr class=\"row-10\">\n\t<td class=\"column-1\">26<\/td><td class=\"column-2\">Piotr Bogorodzki  <\/td><td class=\"column-3\">An  application  of tomography methods to studying dynamics  of  physiological  processes<\/td><td class=\"column-4\">\u202606.2012<\/td>\n<\/tr>\n<tr class=\"row-11\">\n\t<td class=\"column-1\">25<\/td><td class=\"column-2\">Yevhen Yashchyshyn<\/td><td class=\"column-3\">Electrically  controlled beam-steering antennas - new solutions<br \/>\n<\/td><td class=\"column-4\">5.12.2006 <\/td>\n<\/tr>\n<tr class=\"row-12\">\n\t<td class=\"column-1\">24<\/td><td class=\"column-2\">Jan \u017bera<\/td><td class=\"column-3\">Non-synchronic perception of multitones spectrum components<\/td><td class=\"column-4\">7.12.2004<\/td>\n<\/tr>\n<tr class=\"row-13\">\n\t<td class=\"column-1\">23<\/td><td class=\"column-2\">Artur Przelaskowski<\/td><td class=\"column-3\">Wavelet methods of image data compression<\/td><td class=\"column-4\">2.03.2004<\/td>\n<\/tr>\n<tr class=\"row-14\">\n\t<td class=\"column-1\">22<\/td><td class=\"column-2\">Wies\u0142aw Winiecki<\/td><td class=\"column-3\">Virtual measuring instruments;<\/td><td class=\"column-4\">18.11.2003 <\/td>\n<\/tr>\n<tr class=\"row-15\">\n\t<td class=\"column-1\">21<\/td><td class=\"column-2\">Janusz Marzec<\/td><td class=\"column-3\">Large area trackers in HEP experiments<\/td><td class=\"column-4\">4.11.2003<\/td>\n<\/tr>\n<tr class=\"row-16\">\n\t<td class=\"column-1\">20<\/td><td class=\"column-2\">Krzysztof Zaremba<\/td><td class=\"column-3\">Chosen radiational methods of tissue and body fluids composition measurements<\/td><td class=\"column-4\">18.02.2003<\/td>\n<\/tr>\n<tr class=\"row-17\">\n\t<td class=\"column-1\">19<\/td><td class=\"column-2\">Zbigniew Kulka<\/td><td class=\"column-3\">Wa\u017cniejsze aspekty cyfrowego przetwarzania amplitudy, \u0142adunku i kszta\u0142tu sygna\u0142\u00f3w analogowych w systemach pomiarowych eksperymentalnej fizyki j\u0105drowej;<\/td><td class=\"column-4\">16.04.1996<\/td>\n<\/tr>\n<tr class=\"row-18\">\n\t<td class=\"column-1\">18<\/td><td class=\"column-2\">W\u0142adys\u0142aw Skarbek<\/td><td class=\"column-3\">Metody reprezentacji obraz\u00f3w cyfrowych;<\/td><td class=\"column-4\">28.06.1994<\/td>\n<\/tr>\n<tr class=\"row-19\">\n\t<td class=\"column-1\">17<\/td><td class=\"column-2\">Stanis\u0142aw Ros\u0142oniec<\/td><td class=\"column-3\">O zastosowaniu tor\u00f3w schodk\u00f3w w projektowaniu liniowych uk\u0142ad\u00f3w mikrofalowych;<\/td><td class=\"column-4\">11.06.1991<\/td>\n<\/tr>\n<tr class=\"row-20\">\n\t<td class=\"column-1\">16<\/td><td class=\"column-2\">Nguyen Kim Sach<\/td><td class=\"column-3\">Poprawa jako\u015bci obraz\u00f3w telewizyjnych metodami cyfrowymi;<\/td><td class=\"column-4\">6.03.1990<\/td>\n<\/tr>\n<tr class=\"row-21\">\n\t<td class=\"column-1\">15<\/td><td class=\"column-2\">Roman Morawski<\/td><td class=\"column-3\">Metody odtwarzania sygna\u0142\u00f3w pomiarowych ;<\/td><td class=\"column-4\">9.01.1990 <\/td>\n<\/tr>\n<tr class=\"row-22\">\n\t<td class=\"column-1\">14<\/td><td class=\"column-2\">Jacek Wojciechowski<\/td><td class=\"column-3\">Analiza w\u0142asno\u015bciowa analogowych uk\u0142ad\u00f3w elektrycznych z wykorzystaniem twierdzenia Tellegena;<\/td><td class=\"column-4\">13.06.1989<\/td>\n<\/tr>\n<tr class=\"row-23\">\n\t<td class=\"column-1\">13<\/td><td class=\"column-2\">Waldemar Kie\u0142ek<\/td><td class=\"column-3\">Wp\u0142yw obr\u00f3bki wielofoelektronowego sygna\u0142u  odbitego na dok\u0142adno\u015b\u0107 laserowych impulsowych miernik\u00f3w odleg\u0142o\u015bci do satelit\u00f3w; <\/td><td class=\"column-4\">9.05.1989<\/td>\n<\/tr>\n<tr class=\"row-24\">\n\t<td class=\"column-1\">12<\/td><td class=\"column-2\">Wojciech Gwarek <\/td><td class=\"column-3\">Analiza obwod\u00f3w mikrofalowych z dwuwymiarow\u0105 propagacj\u0105 fali;<\/td><td class=\"column-4\">15.11.1988<\/td>\n<\/tr>\n<tr class=\"row-25\">\n\t<td class=\"column-1\">11<\/td><td class=\"column-2\">J\u00f3zef Modelski<\/td><td class=\"column-3\">Mikrofalowe analogowe modulatory i przesuwniki fazy;<\/td><td class=\"column-4\">22.09.1987<\/td>\n<\/tr>\n<tr class=\"row-26\">\n\t<td class=\"column-1\">10<\/td><td class=\"column-2\">Zdzis\u0142aw Paw\u0142owski<\/td><td class=\"column-3\">Modele zjawisk w spektrometrycznych gazowych detektorach promieniowania j\u0105drowego;<\/td><td class=\"column-4\">2.06.1987<\/td>\n<\/tr>\n<tr class=\"row-27\">\n\t<td class=\"column-1\">9<\/td><td class=\"column-2\">Marian Kazimierczuk<\/td><td class=\"column-3\">Wysokosprawne \u017ar\u00f3d\u0142a energii wielkiej cz\u0119stotliwo\u015bci;<\/td><td class=\"column-4\">5.06.1983<\/td>\n<\/tr>\n<tr class=\"row-28\">\n\t<td class=\"column-1\">8<\/td><td class=\"column-2\">Juliusz Ekiel<\/td><td class=\"column-3\">Bioniczne modelowanie i pomiar przestrzeni bioelektrycznych;<\/td><td class=\"column-4\">22.03.1977<\/td>\n<\/tr>\n<tr class=\"row-29\">\n\t<td class=\"column-1\">7<\/td><td class=\"column-2\">Adam Pi\u0105tkowski<\/td><td class=\"column-3\">Skojarzona metoda filtracji aerozoli submikronowych;<\/td><td class=\"column-4\">7.01.1975<\/td>\n<\/tr>\n<tr class=\"row-30\">\n\t<td class=\"column-1\">6<\/td><td class=\"column-2\">Witold Straszewicz<\/td><td class=\"column-3\">Analiza geometryczna w\u0142a\u015bciwo\u015bci pola akustycznego w obszarach ograniczonych;<\/td><td class=\"column-4\">15.04.1974<\/td>\n<\/tr>\n<tr class=\"row-31\">\n\t<td class=\"column-1\">5<\/td><td class=\"column-2\">Adam Fiok<\/td><td class=\"column-3\">Transmisyjne metody pomiar\u00f3w dw\u00f3jnik\u00f3w rezonansowych;<\/td><td class=\"column-4\">15.01.1974<\/td>\n<\/tr>\n<tr class=\"row-32\">\n\t<td class=\"column-1\">4<\/td><td class=\"column-2\">Tadeusz Morawski<\/td><td class=\"column-3\"> Nowe zastosowanie metody ma\u0142ych zaburze\u0144 w miernictwie mikrofalowym;<\/td><td class=\"column-4\">19.06.1973<\/td>\n<\/tr>\n<tr class=\"row-33\">\n\t<td class=\"column-1\">3<\/td><td class=\"column-2\">Jan Ebert<\/td><td class=\"column-3\">Optymalizacja obwod\u00f3w rezonansowych du\u017cej mocy w.cz.;<\/td><td class=\"column-4\">22.06.1969<\/td>\n<\/tr>\n<tr class=\"row-34\">\n\t<td class=\"column-1\">2<\/td><td class=\"column-2\">Romuald Litwin <\/td><td class=\"column-3\">Impedancja charakterystyczna niekt\u00f3rych odmian mikrofalowych linii op\u00f3\u017aniaj\u0105cych o budowie okresowej;<\/td><td class=\"column-4\">3.11.1964<\/td>\n<\/tr>\n<tr class=\"row-35\">\n\t<td class=\"column-1\">1<\/td><td class=\"column-2\">Stefan Hahn<\/td><td class=\"column-3\">Zjawiska dynamiczne w generatorach o dw\u00f3ch stopniach swobody;<\/td><td class=\"column-4\">8.05.1962<\/td>\n<\/tr>\n<\/tbody>\n<\/table>\n<!-- #tablepress-29 from cache --><\/a><\/p>\n","protected":false},"excerpt":{"rendered":"No.Name and surnameTitleDate 34Jacek NaruniecMethods, algorithms and applications in face analysis26.02.2019 33Pawe\u0142 KopytElectromagnetic numerical modeling of components for microwave and sub-terahertz receiving paths19.12.2017 32Grzegorz PastuszakAlgorithms and architecture of hardware codec in vision data compression in a real time22.09.2015 31Wojciech Wojtasiak The new system and designing solutions of special microwave transmitters and receivers21.04.2015 30Bart\u0142omiej SalskiElectromagnetic modeling [...]","protected":false},"author":8,"featured_media":0,"parent":2918,"menu_order":95,"comment_status":"closed","ping_status":"closed","template":"","meta":{"ngg_post_thumbnail":0,"footnotes":""},"_links":{"self":[{"href":"https:\/\/www.ire.pw.edu.pl\/en\/wp-json\/wp\/v2\/pages\/306"}],"collection":[{"href":"https:\/\/www.ire.pw.edu.pl\/en\/wp-json\/wp\/v2\/pages"}],"about":[{"href":"https:\/\/www.ire.pw.edu.pl\/en\/wp-json\/wp\/v2\/types\/page"}],"author":[{"embeddable":true,"href":"https:\/\/www.ire.pw.edu.pl\/en\/wp-json\/wp\/v2\/users\/8"}],"replies":[{"embeddable":true,"href":"https:\/\/www.ire.pw.edu.pl\/en\/wp-json\/wp\/v2\/comments?post=306"}],"version-history":[{"count":4,"href":"https:\/\/www.ire.pw.edu.pl\/en\/wp-json\/wp\/v2\/pages\/306\/revisions"}],"predecessor-version":[{"id":5148,"href":"https:\/\/www.ire.pw.edu.pl\/en\/wp-json\/wp\/v2\/pages\/306\/revisions\/5148"}],"up":[{"embeddable":true,"href":"https:\/\/www.ire.pw.edu.pl\/en\/wp-json\/wp\/v2\/pages\/2918"}],"wp:attachment":[{"href":"https:\/\/www.ire.pw.edu.pl\/en\/wp-json\/wp\/v2\/media?parent=306"}],"curies":[{"name":"wp","href":"https:\/\/api.w.org\/{rel}","templated":true}]}}