{"id":260,"date":"2018-01-17T13:45:21","date_gmt":"2018-01-17T13:45:21","guid":{"rendered":"\/\/www.ire.pw.edu.pl\/?page_id=260"},"modified":"2018-11-08T11:54:25","modified_gmt":"2018-11-08T10:54:25","slug":"2015-2","status":"publish","type":"page","link":"https:\/\/www.ire.pw.edu.pl\/en\/about-the-institute-2\/awards-and-distinctions\/2015-2\/","title":{"rendered":"2015"},"content":{"rendered":"<p>State Medals<\/p>\n<p><strong>Kajetana Snopek, D.Sc.,<\/strong><\/p>\n<p><strong>Jerzy Ko\u0142akowski, Ph.D.<\/strong><\/p>\n<p>Medal of National Education Commitee<\/p>\n<p><strong>Przemys\u0142aw Miazga, Ph.D.<\/strong>,<\/p>\n<p><strong>Andrzej Mi\u0119kina, Ph.D.<\/strong><\/p>\n<p>Golden Medal for Long-lasting Service<\/p>\n<p><strong>Awards granted by international bodies<\/strong><\/p>\n<p><strong>European Microwave Association Distinguished Service Award<\/strong><\/p>\n<p><strong>J\u00f3zef Modelski, Prof. D.Sc.<\/strong><\/p>\n<p>Individual award for the outstanding achievements to the European microwave community.<\/p>\n<p><strong>IEEE Instrumentation and Measurement Society \u00a0<\/strong><\/p>\n<p><strong>Roman Z.\u00a0Morawski, Prof. D.Sc.<\/strong><\/p>\n<p>Outstanding Reviewer of <em>IEEE Transactions of Instrumentation and Measurement<\/em><\/p>\n<p><strong>The IET Innovation Award 2015 <\/strong><\/p>\n<p><strong>Bart\u0142omiej Salski, D.Sc. <\/strong><\/p>\n<p>Team award for Comp-Health Consortium<\/p>\n<p><strong>Huawei Technologies<\/strong><\/p>\n<p><strong>Piotr W\u0142odarczyk, B.Sc.<\/strong><\/p>\n<p>Award in <em>Seeds for the Future<\/em> competition<\/p>\n<p><strong>INTEL Corporation<\/strong><\/p>\n<p><strong>Piotr P\u0142o\u0144ski, M.Sc.<\/strong><\/p>\n<p>Award for the best application on the use of INTEL RealSense technology<\/p>\n<p><strong>Golden Graduates&#8217; Book of WUT<\/strong><\/p>\n<p><strong>J\u00f3zef Modelski, Prof. D.Sc.<\/strong><\/p>\n<p><strong>Awards of the Rector<\/strong><\/p>\n<p><strong>Wojciech Gwarek, D.Sc., Prof.,<\/strong><\/p>\n<p><strong>Yevhen Yashchyshyn, D.Sc., Prof.<\/strong><\/p>\n<p><strong>Piotr Bilski, D.Sc.<\/strong><\/p>\n<p><strong>Bart\u0142omiej Salski, D.Sc.,<\/strong><\/p>\n<p><strong>Kajetana Snopek, D.Sc.<\/strong><\/p>\n<p>Individual awards for the scientific achievements<\/p>\n<p>Krzysztof Zaremba, Prof. D.Sc.,<\/p>\n<p>Wies\u0142aw Winiecki, Prof. D.Sc.<\/p>\n<p>Individual awards for the organizational achievements<\/p>\n<p>Roman Z.\u00a0Morawski. Prof.D.Sc.<\/p>\n<p>Team I<sup>o<\/sup> award for his work in Jury of the Young Scientist Medal<\/p>\n<p><strong>\u00a0<\/strong>J\u00f3zef Modelski, Prof. D.Sc.,<\/p>\n<p>Jacek Cichocki, Ph.D.,<\/p>\n<p>Anna Czarnecka, M.Sc.,<\/p>\n<p>Konrad Godziszewski, M.Sc.,<\/p>\n<p>Krystian Ignasiak, Ph.D.,<\/p>\n<p>Sebastian Koz\u0142owski, Ph.D.,<\/p>\n<p>Ryszard Michnowski, Ph.D.,<\/p>\n<p>Kajetana Snopek, D.Sc.,<\/p>\n<p>Stanis\u0142aw \u017bmudzin, M.Sc.,<\/p>\n<p>Team award for the organization of National Conference on Radiocommunications and Broad\u00adcasting (KKRRiT\u00a02014)<\/p>\n<p><strong>Award of the Students&#8217; of the Faculty<\/strong><\/p>\n<p><strong>Bart\u0142omiej Salski, D.Sc.,<\/strong><\/p>\n<p><strong>Tymon Rubel, Ph.D.<\/strong><\/p>\n<p>\u201cGolden Chalk\u201d Award<\/p>\n<p><strong>Award of the Foundation of the Development of Radiocommunications and Multimedia Technology in the Young Authors&#8217; Competition<\/strong><\/p>\n<p><strong>Piotr W\u0142odarczyk, B.Sc.<\/strong><\/p>\n<p>The second award for the paper titled: <em>\u201cSzyk antenowy dla standardu 802.11a\\h\\n\\ac\u201d <\/em>(802.11a\\h\\n\\ac An\u00adtenna Array Standard).<\/p>\n<p><strong>Marcin Ko\u0142akowski, B.Sc.<\/strong><\/p>\n<p>The preference paper titled: <em>\u201c\u0179r\u00f3d\u0142o sygna\u0142u w\u00a0ultraszerokopasmowym systemie lokalizacyjnym\u201d <\/em>(Signal Source in UWB Localization System).<\/p>\n","protected":false},"excerpt":{"rendered":"<p>State Medals Kajetana Snopek, D.Sc., Jerzy Ko\u0142akowski, Ph.D. Medal of National Education Commitee Przemys\u0142aw Miazga, Ph.D., Andrzej Mi\u0119kina, Ph.D. Golden Medal for Long-lasting Service Awards granted by international bodies European Microwave Association Distinguished Service Award J\u00f3zef Modelski, Prof. D.Sc. Individual award for the outstanding achievements to the European microwave community. IEEE Instrumentation and Measurement Society [&hellip;]<\/p>\n","protected":false},"author":8,"featured_media":0,"parent":2913,"menu_order":20,"comment_status":"closed","ping_status":"closed","template":"","meta":{"ngg_post_thumbnail":0,"footnotes":""},"_links":{"self":[{"href":"https:\/\/www.ire.pw.edu.pl\/en\/wp-json\/wp\/v2\/pages\/260"}],"collection":[{"href":"https:\/\/www.ire.pw.edu.pl\/en\/wp-json\/wp\/v2\/pages"}],"about":[{"href":"https:\/\/www.ire.pw.edu.pl\/en\/wp-json\/wp\/v2\/types\/page"}],"author":[{"embeddable":true,"href":"https:\/\/www.ire.pw.edu.pl\/en\/wp-json\/wp\/v2\/users\/8"}],"replies":[{"embeddable":true,"href":"https:\/\/www.ire.pw.edu.pl\/en\/wp-json\/wp\/v2\/comments?post=260"}],"version-history":[{"count":4,"href":"https:\/\/www.ire.pw.edu.pl\/en\/wp-json\/wp\/v2\/pages\/260\/revisions"}],"predecessor-version":[{"id":4438,"href":"https:\/\/www.ire.pw.edu.pl\/en\/wp-json\/wp\/v2\/pages\/260\/revisions\/4438"}],"up":[{"embeddable":true,"href":"https:\/\/www.ire.pw.edu.pl\/en\/wp-json\/wp\/v2\/pages\/2913"}],"wp:attachment":[{"href":"https:\/\/www.ire.pw.edu.pl\/en\/wp-json\/wp\/v2\/media?parent=260"}],"curies":[{"name":"wp","href":"https:\/\/api.w.org\/{rel}","templated":true}]}}