{"id":258,"date":"2018-01-17T13:44:24","date_gmt":"2018-01-17T13:44:24","guid":{"rendered":"\/\/www.ire.pw.edu.pl\/?page_id=258"},"modified":"2018-11-08T11:26:34","modified_gmt":"2018-11-08T10:26:34","slug":"2016-2","status":"publish","type":"page","link":"https:\/\/www.ire.pw.edu.pl\/en\/about-the-institute-2\/awards-and-distinctions\/2016-2\/","title":{"rendered":"2016"},"content":{"rendered":"<p><strong>State\u00a0Medals<\/strong><\/p>\n<p><strong>Marek Krawczyk, Prof.\u00a0M.D., Ph.D. <\/strong>Commander\u2019s Cross of the Order of Polonia Restituta<\/p>\n<p><strong>Andrzej Podg\u00f3rski, Ph.D.,<\/strong><\/p>\n<p><strong>Miros\u0142aw Lubiejewski<\/strong><\/p>\n<p>Golden Medal for Long-lasting Service<\/p>\n<p><strong>Ewa Pi\u0105tkowska-Janko, Ph.D.,<\/strong><\/p>\n<p><strong>Juliusz Modzelewski<\/strong><strong>, Ph.D.<\/strong><\/p>\n<p>Medal of the National Education Committee<\/p>\n<p><strong>Piotr Brzeski, Ph.\u00a0D.,<\/strong><\/p>\n<p><strong>Jacek Cichocki, Ph.\u00a0D.,<\/strong><\/p>\n<p><strong>Wojciech Gwarek, Prof.\u00a0D.\u00a0Sc.,<\/strong><\/p>\n<p><strong>W\u0142adys\u0142aw Skarbek, Prof.\u00a0D.\u00a0Sc.,<\/strong><\/p>\n<p><strong>Wies\u0142aw Winiecki, Prof.\u00a0D.\u00a0Sc.<\/strong><\/p>\n<p>Silver Medal in Commemoration of the 100<sup>th<\/sup> Anniversary of \u00a0WUT<\/p>\n<p><strong>Zbigniew Kulka, Prof.\u00a0D.Sc.,<\/strong><\/p>\n<p><strong>Andrzej Skrzypkowski,<\/strong><\/p>\n<p><strong>Wojciech Wojtasiak, Assoc.\u00a0Prof.,<\/strong><\/p>\n<p><strong>Yevhen Yashchyshyn, D.Sc.,\u00a0Prof.<\/strong><\/p>\n<p>Bronze Medal in Commemoration of the 100<sup>th<\/sup> Anniversary of WUT<\/p>\n<p><strong>Awards granted by international bodies<\/strong><\/p>\n<p><strong>The 2016 Breakthrough Prize in Fundamental Physics<\/strong><\/p>\n<p><strong>Krzysztof Zaremba, Prof.\u00a0D,Sc.,<\/strong><\/p>\n<p><strong>Janusz Marzec, D.\u00a0Sc.,\u00a0Prof.,<\/strong><\/p>\n<p><strong>Micha\u0142 Dziewiecki, Ph.D.,<\/strong><\/p>\n<p><strong>Robert Kurjata, Ph.D.,<\/strong><\/p>\n<p><strong>Piotr P\u0142o\u0144ski, Ph.D.,<\/strong><\/p>\n<p><strong>Marcin Ziembicki, M.Sc.<\/strong><\/p>\n<p>Award for the fundamental discovery and exploration of neutrino oscillations.<\/p>\n<p><strong>Award of the Polish Academy of Sciences<\/strong><\/p>\n<p><strong>Bart\u0142omiej Salski, Assoc.\u00a0Prof.<\/strong><\/p>\n<h2>Awards of the Rector<\/h2>\n<p>Zbigniew Kulka, Prof.\u00a0D.Sc.<\/p>\n<p>Individual award I<sup>o <\/sup>for the outstanding scientific and didactic achievements.<\/p>\n<p>Krzysztof Zaremba, Prof.\u00a0D.Sc.<\/p>\n<p>Individual II<sup>o <\/sup>award for the organizational achievements.<\/p>\n<p>Grzegorz Pastuszak, Assoc.\u00a0Prof.,<\/p>\n<p>Bart\u0142omiej Salski, Assoc.\u00a0Prof.,<\/p>\n<p>Waldemar Smolik, Assoc.\u00a0Prof.<\/p>\n<p>Individual II<sup>o <\/sup>award for the D.Sc. thesis.<\/p>\n<p>Wojciech Gwarek, Prof.\u00a0D.Sc.,<\/p>\n<p>Wies\u0142aw Winiecki, Prof.\u00a0D.Sc.<\/p>\n<p>Individual III<sup>o <\/sup>award for the organizational achievements.<\/p>\n<p>Wies\u0142aw Winiecki, Prof.\u00a0D.Sc.,<\/p>\n<p>Piotr Bilski, Assoc.\u00a0Prof.,<\/p>\n<p>Robert \u0141ukaszewski, Ph.D.<\/p>\n<p>Adrian Bilski, M.Sc.<\/p>\n<p>Team award for the organization of the<em> 8<sup>th <\/sup>IEEE International Conference on Intelligent Data Acquisition and Advanced Computing Systems: IDAACS\u20192015<\/em>.<\/p>\n<p>Zbigniew Kulka, Prof.\u00a0D.Sc.,<\/p>\n<p>Jan \u017bera, D.Sc.,\u00a0Prof.<\/p>\n<p>Marcin Lewandowski, Ph.D.,<\/p>\n<p>Team award for the organization of the <em>16<sup>th <\/sup>International Symposium on Sound Engineering and Tonmeistering:\u00a0ISST\u00a02015<\/em>.<\/p>\n<p>Award of the Students\u2019 of the Faculty<\/p>\n<p><strong>Tymon Rubel, Ph.D.,<\/strong><\/p>\n<p><strong>Mateusz Krysicki, M.Sc. <\/strong><\/p>\n<p>\u201cZ\u0142ota Kreda\u201d (\u201cGolden Chalk\u201d Award).<\/p>\n<h2>Award granted for the Ph.D. students\u2019<\/h2>\n<p><strong>Vitomir Djaja-Jo\u015bko, M.Sc. <\/strong><\/p>\n<p>The first award for the Ph.D. student in <em>the<\/em> <em>XXXIII<sup>rd <\/sup>Conference on Electronics, Telecommunications and Energetics for Students\u2019 and Young Scientists\u2019<\/em>, orga\u00adnized by the Military University of Technology (WAT).<\/p>\n<h2>Award of the Foundation for the Development of Radiocommunications and Multimedia Technologies in the Young Authors\u2019 competition<\/h2>\n<p><strong>Grzegorz Bogdan, M.Sc.<\/strong><\/p>\n<p>The first award for the paper titled: <em>\u201cSzerokopasmowy szyk antenowy z polaryzacj\u0105 ko\u0142ow\u0105\u201d <\/em>(Wideband Planar Antenna Array with Circular Polarization).<\/p>\n<p><strong>Vitomir Djaja-Jo\u015bko, M.Sc.<\/strong><\/p>\n<p>The second award for the paper titled: <em>\u201cMetoda bezprzewodowej synchronizacji w\u0119z\u0142\u00f3w I korelacji wynik\u00f3w pomiar\u00f3w TDOA w ultraszerokopasmowym systemie lokalizacyjnym\u201d <\/em>(A Method for Wireless Anchors Synchronization and Correction of TDOAS in the UWB Localization System).<\/p>\n<h2>Jakub Sobolewski, B.Sc.<\/h2>\n<p>The preferance paper titled: <em>\u201ePromiennik \u0142atkowy na pod\u0142o\u017cu LTCC na pasmo 120 GHz\u201d <\/em>(A 120 GHz Patch Radiator on LTCC Substrate).<\/p>\n<p><strong>Piotr W\u0142odarczyk, B.Sc.<\/strong><\/p>\n<p>The preferance paper titled: <em>\u201eProjekt anteny paskowej na pasmo sub-terahercowe przeznaczonej do realizacji w technologii LTCC\u201d <\/em>(Strip Antenna Design on Sub-Terahertz Bandwidth Destinated to Construct in LTCC Technology).<\/p>\n<p><strong>Award of<\/strong> <strong>the Faculty of Electronics and Information Technology, WUT<\/strong> <strong>in the Ph.D. students\u2019 competition<\/strong><\/p>\n<p><strong>Grzegorz Bogdan, M.Sc.<\/strong><\/p>\n<p>The second award for the leading role in paper titled: <em>\u201cTime-Modulated Antennas and Wireless Propagation Letters\u201d<\/em>.<\/p>\n","protected":false},"excerpt":{"rendered":"<p>State\u00a0Medals Marek Krawczyk, Prof.\u00a0M.D., Ph.D. Commander\u2019s Cross of the Order of Polonia Restituta Andrzej Podg\u00f3rski, Ph.D., Miros\u0142aw Lubiejewski Golden Medal for Long-lasting Service Ewa Pi\u0105tkowska-Janko, Ph.D., Juliusz Modzelewski, Ph.D. Medal of the National Education Committee Piotr Brzeski, Ph.\u00a0D., Jacek Cichocki, Ph.\u00a0D., Wojciech Gwarek, Prof.\u00a0D.\u00a0Sc., W\u0142adys\u0142aw Skarbek, Prof.\u00a0D.\u00a0Sc., Wies\u0142aw Winiecki, Prof.\u00a0D.\u00a0Sc. Silver Medal in Commemoration of [&hellip;]<\/p>\n","protected":false},"author":8,"featured_media":0,"parent":2913,"menu_order":15,"comment_status":"closed","ping_status":"closed","template":"","meta":{"ngg_post_thumbnail":0,"footnotes":""},"_links":{"self":[{"href":"https:\/\/www.ire.pw.edu.pl\/en\/wp-json\/wp\/v2\/pages\/258"}],"collection":[{"href":"https:\/\/www.ire.pw.edu.pl\/en\/wp-json\/wp\/v2\/pages"}],"about":[{"href":"https:\/\/www.ire.pw.edu.pl\/en\/wp-json\/wp\/v2\/types\/page"}],"author":[{"embeddable":true,"href":"https:\/\/www.ire.pw.edu.pl\/en\/wp-json\/wp\/v2\/users\/8"}],"replies":[{"embeddable":true,"href":"https:\/\/www.ire.pw.edu.pl\/en\/wp-json\/wp\/v2\/comments?post=258"}],"version-history":[{"count":3,"href":"https:\/\/www.ire.pw.edu.pl\/en\/wp-json\/wp\/v2\/pages\/258\/revisions"}],"predecessor-version":[{"id":4435,"href":"https:\/\/www.ire.pw.edu.pl\/en\/wp-json\/wp\/v2\/pages\/258\/revisions\/4435"}],"up":[{"embeddable":true,"href":"https:\/\/www.ire.pw.edu.pl\/en\/wp-json\/wp\/v2\/pages\/2913"}],"wp:attachment":[{"href":"https:\/\/www.ire.pw.edu.pl\/en\/wp-json\/wp\/v2\/media?parent=258"}],"curies":[{"name":"wp","href":"https:\/\/api.w.org\/{rel}","templated":true}]}}