{"id":256,"date":"2018-01-17T13:43:04","date_gmt":"2018-01-17T13:43:04","guid":{"rendered":"\/\/www.ire.pw.edu.pl\/?page_id=256"},"modified":"2019-01-30T10:37:33","modified_gmt":"2019-01-30T09:37:33","slug":"2017-2","status":"publish","type":"page","link":"https:\/\/www.ire.pw.edu.pl\/en\/about-the-institute-2\/awards-and-distinctions\/2017-2\/","title":{"rendered":"2017"},"content":{"rendered":"<p><strong>State\u00a0Medals\u00a0\u00a0<\/strong><\/p>\n<p>Golden Cross of Merit<\/p>\n<p><strong>Karol Radecki, Ph.D.<\/strong><\/p>\n<p>Golden Medal for Long-lasting Service<\/p>\n<p><strong>Anna Tratkiewicz<\/strong><\/p>\n<p>Medal of the National Education Committee<\/p>\n<p><strong>Janusz Marzec, D.Sc., Prof.<\/strong><\/p>\n<p><strong>Awards granted by international bodies<\/strong><\/p>\n<p><em>Certificate of Appreciation<\/em> for the outstanding service for the <em>TSP\u00a02017<\/em> Conference Technical Committee as a chairman of session.<\/p>\n<p><strong>Kajetana M.\u00a0Snopek, D.Sc.<\/strong><\/p>\n<p><strong>Awards granted by national bodies<\/strong><\/p>\n<p><em>\u2018Polish Congress Ambassador\u2019<\/em> title granted by Polish Tourist Organization and Polish Conference and Congress Association for his individual relation to organization of international conferences in Poland.<\/p>\n<p><strong>J\u00f3zef Modelski, Prof. D.Sc.<\/strong><\/p>\n<p><em>Service Award 2017<\/em> granted by IEEE Poland Section<\/p>\n<p><strong>Andrzej Mi\u0119kina, Ph.D.<\/strong><\/p>\n<p>The first award in Best M.Sc. Diploma National Competition granted by the Polish Association of Telecommunication Engineers<\/p>\n<p><strong>Marcin Ko\u0142akowski, M.Sc.<\/strong><\/p>\n<p><strong>Awards of the Rector<\/strong><\/p>\n<p>Team I<sup>o<\/sup> award for the organizational achievements.<\/p>\n<p>J\u00f3zef Modelski, Prof. D.Sc.,<\/p>\n<p>Bart\u0142omiej Salski, D.Sc.,<\/p>\n<p>Anna Czarnecka, M.Sc.<\/p>\n<p>Individual II<sup>o<\/sup> award for the organizational achieveme\u00adnts.<\/p>\n<p>Krzysztof Zaremba, Prof. D.Sc.<\/p>\n<p>Individual III<sup>o<\/sup> awards for the organizational achievements.<\/p>\n<p><strong>Wies\u0142aw Winiecki, Prof. D.Sc.,<\/strong><\/p>\n<p><strong>Marek Krawczyk, Prof. M.D. Ph.D.<\/strong><\/p>\n<p>Individual III<sup>o<\/sup> award for the scientific achievements.<\/p>\n<p><strong>Piotr Bilski, D.Sc. Prof.<\/strong><\/p>\n<p>Individual III<sup>o<\/sup> award for the didactic achievements.<\/p>\n<p><strong>Grzegorz Doma\u0144ski, Ph.D.<\/strong><\/p>\n<p>Team I<sup>o<\/sup> award for the organizational achievements.<\/p>\n<p><strong>Roman Z.\u00a0Morawski, Prof. D.Sc.<\/strong><\/p>\n<p>Individual III<sup>o<\/sup> awards granted for the Ph.D. theses.<\/p>\n<p><strong>Przemys\u0142aw Korpas, Ph.D.,<\/strong><\/p>\n<p><strong>Piotr P\u0142o\u0144ski, Ph.D.<\/strong><\/p>\n<p>Team I<strong><sup>o<\/sup> <\/strong>award for the scientific achievements.<\/p>\n<p><strong>Wojciech Gwarek, Prof. D.Sc.,<\/strong><\/p>\n<p><strong>Bart\u0142omiej Salski, D.Sc.,<\/strong><\/p>\n<p><strong>Pawe\u0142 Kopyt, D.Sc.<\/strong><\/p>\n<p>Team II<strong><sup>o<\/sup><\/strong> award for the scientific achievements.<\/p>\n<p><strong>Roman Z.\u00a0Morawski, Prof. D.Sc.,<\/strong><\/p>\n<p><strong>Wies\u0142aw Winiecki, Prof. D.Sc.,<\/strong><\/p>\n<p><strong>Yevhen Yashchyshyn, Prof. D.Sc.,<\/strong><\/p>\n<p><strong>Andrzej Mi\u0119kina, Ph.D.,<\/strong><\/p>\n<p><strong>Pawe\u0142 Bajurko, Ph.D.,<\/strong><\/p>\n<p><strong>Pawe\u0142 Mazurek, M.Sc.,<\/strong><\/p>\n<p><strong>Jakub Wagner, M.Sc.<\/strong><\/p>\n<p><strong>Awards of the students of the Faculty\u00a0\u00a0<\/strong><\/p>\n<p>\u201cGolden Chalk\u201d Awards.<\/p>\n<p><strong>Jacek Naruniec, Ph.D.,<\/strong><\/p>\n<p><strong>Mateusz Krysicki, M.Sc.<\/strong><\/p>\n<p><strong>Award of the Foundation for the Development of Radiocommunications and Multimedia Technologies in the Young Authors\u2019 competition<\/strong><\/p>\n<p>The first award in the Young Authors\u2019 Competition for the paper titled: <em>\u201c<\/em>\u201e<em>Antena \u0142atkowa na pasmo 120\u00a0GHz w bezskurczowej technologii LTCC<\/em>\u201d (120 GHz Patch Antenna in a Zero Shrinkage LTCC Technology), <em>Krajowa Konferencja Radiokomunikacji, Radiofonii i Telewizji: KKRRiT\u00a02017 <\/em>(National Conference on Radiocommunications and Broadcasting) (Pozna\u0144, Poland, Jun.\u00a021-23, 2017).<\/p>\n<p><strong>Jakub Sobolewski, M.Sc.<\/strong><\/p>\n<p>The distinguished paper titled: <em>\u201e<\/em><em>Badanie anteny z fal\u0105 wyciekaj\u0105c\u0105 wykonanej w technologii LTCC pracuj\u0105cej w zakresie 125\u00a0GHz &#8211; 135\u00a0GHz\u201d<\/em> (Measurements of a LTCC Leaky Wave Antenna Operated in 125\u00a0GHz &#8211; 135\u00a0GHz), <em>Krajowa Konferencja \u00a0\u00a0\u00a0\u00a0\u00a0\u00a0\u00a0\u00a0Radiokomunikacji, Radiofonii i Telewizji: KKRRiT 2017 <\/em>(National Conference on Radiocommunications and Broadcasting) (Pozna\u0144, Poland, Jun.\u00a021-23, 2017).<\/p>\n<p><strong>Przemys\u0142aw Piasecki, M.Sc<\/strong><strong>.<\/strong><\/p>\n<p><strong>Award granted for the Ph.D. students.<\/strong><\/p>\n<p>For winning 3<sup>rd <\/sup>place in Best Paper Competition in Young Scientists Group at <em>XII<sup>th <\/sup>International Electronics, Telecommunication and Energetics Conference of Students and Young Scientists: SECON\u00a02017.<\/em><\/p>\n<p><strong>Marcin Ko\u0142akowski, M.Sc.<\/strong><\/p>\n<p>Special Award at <em>XII<sup>th <\/sup>International Electronics, Telecommunication and Energetics Conference of Students and Young Scientists: SECON\u00a02017.<\/em><\/p>\n<p><strong>Vitomir Djaja-Jo\u015bko, M.Sc.<\/strong><\/p>\n<p>The award for the best paper at III<sup>rd <\/sup>Conference on WUT Student Research Groups.<\/p>\n<p><strong>Adam Pacewicz, M.Sc.<\/strong><\/p>\n<p><strong>Jerzy Cuper<\/strong><\/p>\n<p><strong>Award of<\/strong> <strong>the Faculty of Electronics and Information Technology, WUT<\/strong> <strong>in the Ph.D. students\u2019 competition<\/strong><\/p>\n<p>Award for the Ph.D. thesis: <em>\u201cCommodity Camera Eye Gaze Tracking\u201d.<\/em><\/p>\n<p><strong>Adam Strupczewski, Ph.D<\/strong><\/p>\n","protected":false},"excerpt":{"rendered":"<p>State\u00a0Medals\u00a0\u00a0 Golden Cross of Merit Karol Radecki, Ph.D. Golden Medal for Long-lasting Service Anna Tratkiewicz Medal of the National Education Committee Janusz Marzec, D.Sc., Prof. Awards granted by international bodies Certificate of Appreciation for the outstanding service for the TSP\u00a02017 Conference Technical Committee as a chairman of session. Kajetana M.\u00a0Snopek, D.Sc. Awards granted by national [&hellip;]<\/p>\n","protected":false},"author":8,"featured_media":0,"parent":2913,"menu_order":10,"comment_status":"closed","ping_status":"closed","template":"","meta":{"ngg_post_thumbnail":0,"footnotes":""},"_links":{"self":[{"href":"https:\/\/www.ire.pw.edu.pl\/en\/wp-json\/wp\/v2\/pages\/256"}],"collection":[{"href":"https:\/\/www.ire.pw.edu.pl\/en\/wp-json\/wp\/v2\/pages"}],"about":[{"href":"https:\/\/www.ire.pw.edu.pl\/en\/wp-json\/wp\/v2\/types\/page"}],"author":[{"embeddable":true,"href":"https:\/\/www.ire.pw.edu.pl\/en\/wp-json\/wp\/v2\/users\/8"}],"replies":[{"embeddable":true,"href":"https:\/\/www.ire.pw.edu.pl\/en\/wp-json\/wp\/v2\/comments?post=256"}],"version-history":[{"count":5,"href":"https:\/\/www.ire.pw.edu.pl\/en\/wp-json\/wp\/v2\/pages\/256\/revisions"}],"predecessor-version":[{"id":5165,"href":"https:\/\/www.ire.pw.edu.pl\/en\/wp-json\/wp\/v2\/pages\/256\/revisions\/5165"}],"up":[{"embeddable":true,"href":"https:\/\/www.ire.pw.edu.pl\/en\/wp-json\/wp\/v2\/pages\/2913"}],"wp:attachment":[{"href":"https:\/\/www.ire.pw.edu.pl\/en\/wp-json\/wp\/v2\/media?parent=256"}],"curies":[{"name":"wp","href":"https:\/\/api.w.org\/{rel}","templated":true}]}}