{"id":20,"date":"2017-12-20T12:12:10","date_gmt":"2017-12-20T12:12:10","guid":{"rendered":"\/\/www.ire.pw.edu.pl\/?page_id=20"},"modified":"2023-03-27T14:27:46","modified_gmt":"2023-03-27T13:27:46","slug":"obszary-badawcze","status":"publish","type":"page","link":"https:\/\/www.ire.pw.edu.pl\/en\/o-instytucie\/obszary-badawcze\/","title":{"rendered":"Obszary badawcze"},"content":{"rendered":"<div class=\"wpb-content-wrapper\"><p>[vc_row][vc_column][vc_custom_heading text=&#8221;Radioelektronika&#8221; font_container=&#8221;tag:h3|text_align:left&#8221; use_theme_fonts=&#8221;yes&#8221;][vc_column_text]<\/p>\n<p align=\"JUSTIFY\"><span lang=\"pl-PL\">Radioelektronika \u0142\u0105czy teoretyczne i praktyczne aspekty przesy\u0142ania i odbioru sygna\u0142\u00f3w radiowych. Badane i tworzone s\u0105 systemy radiokomunikacyjne, systemy lokalizacji radiowej i radionawigacji pracuj\u0105ce w r\u00f3\u017cnych zakresach cz\u0119stotliwo\u015bci (do teraherc\u00f3w) i pasmach pracy (od system\u00f3w w\u0105skopasmowych do ultraszerokopasmowych) Ostatnio zwr\u00f3cono szczeg\u00f3ln\u0105 uwag\u0119 na rekonfigurowalne i programowalne systemy radiowe, w tym inteligentne i konfigurowalne anteny.<\/span><\/p>\n<p align=\"JUSTIFY\"><span lang=\"pl-PL\">Mamy wieloletnie do\u015bwiadczenie w projektowaniu nowoczesnych, gotowych do u\u017cycia system\u00f3w i urz\u0105dze\u0144 radiowych, w tym r\u00f3\u017cnego typu anten, wzmacniaczy mocy, modulator\u00f3w, a nawet ca\u0142ych modu\u0142\u00f3w TR do system\u00f3w radarowych.<\/span><\/p>\n<p align=\"JUSTIFY\"><span lang=\"pl-PL\">Specjalizujemy si\u0119 r\u00f3wnie\u017c w badaniach fizycznych aspekt\u00f3w propagacji fal elektromagnetycznych i akustycznych. Zazwyczaj fale s\u0105 wykorzystywane jako \u015brodek transmisji informacji, ale mog\u0105 by\u0107 stosowane r\u00f3wnie\u017c do przekazywania energii. Stosowane s\u0105 tak\u017ce w badaniach w\u0142a\u015bciwo\u015bci materia\u0142\u00f3w (w tym p\u00f3\u0142przewodnik\u00f3w, ferroelektryk\u00f3w, grafenu, kompozyt\u00f3w itp.).<\/span><\/p>\n<p><a href=\"https:\/\/sub-thz.ire.pw.edu.pl\/?lang=pl\"><strong>Zak\u0142ad Techniki Subterahercowej<\/strong><\/a><\/p>\n<p><a href=\"http:\/\/ztm.ire.pw.edu.pl\/\"><strong>Zak\u0142ad Radiokomunikacji i Radiolokacji<\/strong><\/a>[\/vc_column_text][vc_custom_heading text=&#8221;Multimedia&#8221; font_container=&#8221;tag:h3|text_align:left&#8221; use_theme_fonts=&#8221;yes&#8221;][vc_column_text]Prace Instytutu dotycz\u0105ce tematu multimedi\u00f3w \u0142\u0105cz\u0105 r\u00f3\u017cne obszary bada\u0144 w dziedzinie technik obrazowych oraz d\u017awi\u0119kowych. Obejmuj\u0105 tematy kompresji, rozpoznawania obiekt\u00f3w w obrazach oraz przetwarzania cyfrowych sygna\u0142\u00f3w wizyjnych i pomiarowych. Obszar bada\u0144 i nauczania obejmuje r\u00f3wnie\u017c prace z zakresu bezpiecze\u0144stwa medi\u00f3w, tworzenia modeli tr\u00f3jwymiarowych, rzeczywisto\u015bci rozszerzonej oraz nowatorskich aplikacji multimedialnych opartych na g\u0142\u0119bokich, splotowych i rekurencyjnych sieciach neuronowych.<\/p>\n<p>Grupa elektroakustyczna w swoich badaniach i nauczaniu koncentruje si\u0119 na zagadnieniach zwi\u0105zanych z akustyk\u0105, elektroakustyk\u0105, projektowaniem system\u00f3w d\u017awi\u0119kowych, przetwarzaniem sygna\u0142\u00f3w fonicznych, r\u00f3\u017cnymi aspektami percepcji d\u017awi\u0119ku oraz ochron\u0105 przed ha\u0142asem i jego wp\u0142ywem na ludzi.<\/p>\n<p><a href=\"https:\/\/zea.ire.pw.edu.pl\/\"><strong> Zak\u0142ad Elektroakustyki<\/strong><\/a><\/p>\n<p><a href=\"https:\/\/zim.ire.pw.edu.pl\/\"><strong>Zak\u0142ad In\u017cynierii Multimedi\u00f3w<\/strong><\/a>[\/vc_column_text][vc_custom_heading text=&#8221;Elektronika j\u0105drowa i medyczna&#8221; font_container=&#8221;tag:h3|text_align:left&#8221; use_theme_fonts=&#8221;yes&#8221;][vc_column_text]<\/p>\n<p align=\"JUSTIFY\"><span lang=\"pl-PL\">W zakresie elektroniki j\u0105drowej Instytut uczestniczy, projektuj\u0105c i buduj\u0105c detektory oraz elektronik\u0119 front-end dla eksperyment\u00f3w fizyki wysokich energii takich jak: COMPASS (CERN), T2K (Japonia) czy ICARUS (W\u0142ochy). Instytut bierze te\u017c udzia\u0142 w projektowaniu nowych eksperyment\u00f3w neutrinowych New-PRISM i Hyper-K w Japonii.<\/span><\/p>\n<p align=\"JUSTIFY\"><span lang=\"pl-PL\">W zakresie elektroniki medycznej istotnym obszarem bada\u0144 i nauczania jest rozw\u00f3j oprogramowania i sprz\u0119tu dla system\u00f3w wykorzystuj\u0105cych technik\u0119 rezonansu magnetycznego (MRI), w tym \u2013 opracowywanie nowych \u015brodk\u00f3w kontrastowych m.in. wykorzystuj\u0105cych technik\u0119 hiperpolaryzacji (DNP), przetwarzanie danych z bada\u0144 neuroobrazowych MRI w tym czynno\u015bciowych i strukturalnych, prowadzenie prac zwi\u0105zanych z badaniami populacyjnymi wykorzystuj\u0105cymi zaawansowane algorytmy eksploracji danych. Zajmujemy si\u0119 tak\u017ce systemami akwizycji danych w medycznych urz\u0105dzeniach obrazuj\u0105cych, rekonstrukcj\u0105 i przetwarzaniem obraz\u00f3w w szczeg\u00f3lno\u015bci w elektrycznej tomografii pojemno\u015bciowej oraz systemami informatycznymi w medycynie. Opracowujemy tak\u017ce nowe algorytmy przetwarzania danych dla potrzeb proteomiki.<\/span><\/p>\n<p align=\"JUSTIFY\"><a href=\"https:\/\/www.ire.pw.edu.pl\/zejim\/\"><strong>Zak\u0142ad Elektroniki J\u0105drowej i Medycznej<\/strong><\/a><\/p>\n<p>[\/vc_column_text][\/vc_column][\/vc_row]<\/p>\n<\/div>","protected":false},"excerpt":{"rendered":"<p>[vc_row][vc_column][vc_custom_heading text=&#8221;Radioelektronika&#8221; font_container=&#8221;tag:h3|text_align:left&#8221; use_theme_fonts=&#8221;yes&#8221;][vc_column_text] Radioelektronika \u0142\u0105czy teoretyczne i praktyczne aspekty przesy\u0142ania i odbioru sygna\u0142\u00f3w radiowych. Badane i tworzone s\u0105 systemy radiokomunikacyjne, systemy lokalizacji radiowej i radionawigacji pracuj\u0105ce w r\u00f3\u017cnych zakresach cz\u0119stotliwo\u015bci (do teraherc\u00f3w) i pasmach pracy (od system\u00f3w w\u0105skopasmowych do ultraszerokopasmowych) Ostatnio zwr\u00f3cono szczeg\u00f3ln\u0105 uwag\u0119 na rekonfigurowalne i programowalne systemy radiowe, w tym inteligentne i [&hellip;]<\/p>\n","protected":false},"author":8,"featured_media":0,"parent":12,"menu_order":20,"comment_status":"closed","ping_status":"closed","template":"","meta":{"ngg_post_thumbnail":0,"footnotes":""},"_links":{"self":[{"href":"https:\/\/www.ire.pw.edu.pl\/en\/wp-json\/wp\/v2\/pages\/20"}],"collection":[{"href":"https:\/\/www.ire.pw.edu.pl\/en\/wp-json\/wp\/v2\/pages"}],"about":[{"href":"https:\/\/www.ire.pw.edu.pl\/en\/wp-json\/wp\/v2\/types\/page"}],"author":[{"embeddable":true,"href":"https:\/\/www.ire.pw.edu.pl\/en\/wp-json\/wp\/v2\/users\/8"}],"replies":[{"embeddable":true,"href":"https:\/\/www.ire.pw.edu.pl\/en\/wp-json\/wp\/v2\/comments?post=20"}],"version-history":[{"count":9,"href":"https:\/\/www.ire.pw.edu.pl\/en\/wp-json\/wp\/v2\/pages\/20\/revisions"}],"predecessor-version":[{"id":11690,"href":"https:\/\/www.ire.pw.edu.pl\/en\/wp-json\/wp\/v2\/pages\/20\/revisions\/11690"}],"up":[{"embeddable":true,"href":"https:\/\/www.ire.pw.edu.pl\/en\/wp-json\/wp\/v2\/pages\/12"}],"wp:attachment":[{"href":"https:\/\/www.ire.pw.edu.pl\/en\/wp-json\/wp\/v2\/media?parent=20"}],"curies":[{"name":"wp","href":"https:\/\/api.w.org\/{rel}","templated":true}]}}