{"id":1911,"date":"2018-04-23T14:33:50","date_gmt":"2018-04-23T14:33:50","guid":{"rendered":"\/\/www.ire.pw.edu.pl\/?page_id=1911"},"modified":"2019-05-16T08:31:52","modified_gmt":"2019-05-16T07:31:52","slug":"jacek-m-wojciechowski","status":"publish","type":"page","link":"https:\/\/www.ire.pw.edu.pl\/en\/o-instytucie\/biografie-profesorow\/jacek-m-wojciechowski\/","title":{"rendered":"Jacek M. Wojciechowski (1942-2015)"},"content":{"rendered":"<div class=\"wpb-content-wrapper\"><p>[vc_row][vc_column][vc_column_text]<img loading=\"lazy\" decoding=\"async\" class=\"alignright size-medium wp-image-6499\" src=\"https:\/\/www.ire.pw.edu.pl\/wp-content\/uploads\/DSC_0716-HDTV-1080bw-300x300.jpg\" alt=\"\" width=\"300\" height=\"300\" srcset=\"https:\/\/www.ire.pw.edu.pl\/wp-content\/uploads\/DSC_0716-HDTV-1080bw-300x300.jpg 300w, https:\/\/www.ire.pw.edu.pl\/wp-content\/uploads\/DSC_0716-HDTV-1080bw-150x150.jpg 150w, https:\/\/www.ire.pw.edu.pl\/wp-content\/uploads\/DSC_0716-HDTV-1080bw-768x768.jpg 768w, https:\/\/www.ire.pw.edu.pl\/wp-content\/uploads\/DSC_0716-HDTV-1080bw-1024x1024.jpg 1024w, https:\/\/www.ire.pw.edu.pl\/wp-content\/uploads\/DSC_0716-HDTV-1080bw-180x180.jpg 180w, https:\/\/www.ire.pw.edu.pl\/wp-content\/uploads\/DSC_0716-HDTV-1080bw.jpg 1078w\" sizes=\"(max-width: 300px) 100vw, 300px\" \/><\/p>\n<p><span style=\"font-family: tahoma, arial, helvetica, sans-serif; font-size: small;\">Jacek Marceli Wojciechowski urodzi\u0142 si\u0119 24 grudnia 1942 roku w Karczewie. W 1956 roku uko\u0144czy\u0142 szko\u0142\u0119 podstawow\u0105 w Karczewie, a w 1960 liceum og\u00f3lnokszta\u0142c\u0105ce w Otwocku. W tym samym roku rozpocz\u0105\u0142 studia na Wydziale \u0141\u0105czno\u015bci Politechniki Warszawskiej, przemianowanym p\u00f3\u017aniej na Wydzia\u0142 Elektroniki, gdzie w 1966 roku uzyska\u0142 dyplom magistra in\u017cyniera elektroniki ze specjalno\u015bci\u0105 Maszyny Matematyczne. W latach 1966-1975 odby\u0142 studia na Studium Zaocznym Matematyki Uniwersytetu Warszawskiego i uzyska\u0142 dyplom magistra matematyki ze specjalno\u015bci\u0105 Metody Numeryczne. W latach 1966-1970 pracowa\u0142 w Instytucie Maszyn Matematycznych w Warszawie, gdzie prowadzi\u0142 prace badawcze i projektowe nad uk\u0142adami cyfrowymi i ich zastosowaniami w uk\u0142adach pomiarowych i automatyce. Cztery projekty, opracowane z zespo\u0142em mechanik\u00f3w, zosta\u0142y wdro\u017cone do produkcji w Pa\u0144stwowych Zak\u0142adach Optycznych, a projekt fotokoordynatografu FK-40 do wykonywania fotomasek uzyska\u0142 Nagrod\u0119 Przewodnicz\u0105cego Komitetu Nauki i Techniki.<\/span><span style=\"font-family: tahoma, arial, helvetica, sans-serif; font-size: small;\">\u00a0Od 1970 roku Jacek M. Wojciechowski by\u0142 zatrudniony jako nauczyciel akademicki na Politechnice Warszawskiej, pocz\u0105tkowo w Instytucie Podstaw Elektroniki, a od 1997 roku w Instytucie Radioelektroniki. W 1993 roku na stanowisku profesora nadzwyczajnego. W latach 1997-2000 by\u0142 kierownikiem Zak\u0142adu Radiokomunikacji.\u00a0<\/span><span style=\"font-family: tahoma, arial, helvetica, sans-serif; font-size: small;\">W 1976 roku obroni\u0142 z wyr\u00f3\u017cnieniem prac\u0119 doktorsk\u0105\u00a0<em>Grafy blokowe i ich zastosowanie w analizie liniowych uk\u0142ad\u00f3w elektrycznych<\/em>. Rozprawa zosta\u0142a nagrodzona nagrod\u0105 indywidualn\u0105 III stopnia Ministra Nauki, Szkolnictwa Wy\u017cszego i Techniki. Stopie\u0144 naukowy doktora habilitowanego uzyska\u0142 na Wydziale Elektroniki w 1989 roku za monografi\u0119\u00a0<em>Analiza wra\u017cliwo\u015bciowa analogowych uk\u0142ad\u00f3w elektrycznych z wykorzystaniem twierdzenia Tellegena<\/em>. Wyniki tych bada\u0144 zosta\u0142y nagrodzone nagrod\u0105 indywidualn\u0105 III stopnia Ministra Edukacji Narodowej. W 2002 roku uzyska\u0142 tytu\u0142 profesora.<\/span><span style=\"font-family: tahoma, arial, helvetica, sans-serif; font-size: small;\">\u00a0W latach 1981-1983 Jacek M. Wojciechowski przebywa\u0142 na sta\u017cu podoktorskim w Mc-Master University (Kanada), gdzie w zespole Symulacji i Optymalizacji System\u00f3w prowadzi\u0142 badania nad analiz\u0105 wra\u017cliwo\u015bciow\u0105 i optymalizacj\u0105 system\u00f3w energetycznych. W latach 1984-1986 by\u0142 profesorem wizytuj\u0105cym w Departamencie In\u017cynierii Elektrycznej i Komputer\u00f3w, Washington State University (USA), prowadz\u0105c zaj\u0119cia dydaktyczne i prace badawcze w zakresie analizy wra\u017cliwo\u015bciowej. W latach 1990-1991 by\u0142 profesorem wizytuj\u0105cym w University of Waterlooo (Kanada) i w grupie badawczej uk\u0142ad\u00f3w VLSI bra\u0142 udzia\u0142 w projekcie dotycz\u0105cym optymalnego projektowania uk\u0142ad\u00f3w i system\u00f3w. Kontakty badawcze z uniwersytetem utrzymywa\u0142 przez ca\u0142e lata dziewi\u0119\u0107dziesi\u0105te. W roku akademickim 2001\/2002 by\u0142 profesorem wizytuj\u0105cym w szkole In\u017cynierii Elektrycznej i Informatyki Ohio University (USA). Prowadzi\u0142 wyk\u0142ady i prace badawcze w grupie telekomunikacyjnej.\u00a0<\/span><span style=\"font-family: tahoma, arial, helvetica, sans-serif; font-size: small;\">Zainteresowania badawcze Jacka M. Wojciechowskiego dotyczy\u0142y metod matematycznych w technice oraz analizy i projektowania wspomaganego komputerem. W latach siedemdziesi\u0105tych prowadzi\u0142 prace badawcze nad topologiczn\u0105 analiz\u0105 liniowych uk\u0142ad\u00f3w elektrycznych. Rezultatem tych prac by\u0142a rozprawa doktorska oraz monografia\u00a0<em>Podstawy topologicznych metod analizy uk\u0142ad\u00f3w elektrycznych<\/em>(Pa\u0144stwowe Wydawnictwo Naukowe, Warszawa 1973, wsp\u00f3\u0142autor: A. Ko\u0144czykowska). Ksi\u0105\u017cka uzyska\u0142a nagrod\u0119 III stopnia Ministra Nauki Szkolnictwa Wy\u017cszego i Techniki. Od lat osiemdziesi\u0105tych zainteresowania naukowe Jacka M. Wojciechowskiego dotyczy\u0142y nast\u0119puj\u0105cych dziedzin: optymalne projektowanie system\u00f3w in\u017cynierskich: analiza wra\u017cliwo\u015bciowa system\u00f3w dynamicznych, projektowanie system\u00f3w energetycznych, metody projektowania uk\u0142ad\u00f3w scalonych (maksymalizacja uzysku produkcyjnego, projektowanie tolerancji, najgorszy przypadek); uk\u0142ady prze\u0142\u0105czane: komputerowo wspomagane projektowanie uk\u0142ad\u00f3w do przetwarzania mocy; diagnostyka uszkodze\u0144: identyfikacja parametr\u00f3w i lokalizacja uszkodze\u0144 w in\u017cynierskich systemach analogowych; grafy i sieci: optymalne projektowanie i zarz\u0105dzanie sieciami; systemy radiokomunikacyjne: sieci i us\u0142ugi, niezawodno\u015b\u0107.<\/span><span style=\"font-family: tahoma, arial, helvetica, sans-serif; font-size: small;\">\u00a0Jacek M. Wojciechowski bra\u0142 udzia\u0142 lub kierowa\u0142 zespo\u0142ami przy wykonywaniu wielu projekt\u00f3w na zlecenie Komitetu Bada\u0144 Naukowych i instytucji zewn\u0119trznych oraz uczestniczy\u0142 w projektach w Kanadzie i USA. By\u0142 organizatorem i w latach 1994-1999 kierowa\u0142 \u015brodowiskowym seminarium pt.<em>\u00a0<\/em>\u201eZastosowania kombinatoryki i optymalizacja dyskretna\u201d. Jego dorobek obejmuje ponad sto publikacji, w tym wiele artyku\u0142\u00f3w w czasopismach mi\u0119dzynarodowych.\u00a0<\/span><span style=\"font-family: tahoma, arial, helvetica, sans-serif; font-size: small;\">Zainteresowania dydaktyczne Jacka M. Wojciechowskiego dotycz\u0105: sygna\u0142\u00f3w i system\u00f3w, telekomunikacji, analizy i projektowania wspomaganego komputerem, zastosowa\u0144 kombinatoryki. W Politechnice Warszawskiej prowadzi\u0142 wyk\u0142ady z \u201eTeorii obwod\u00f3w\u201d, \u201eTeorii sygna\u0142\u00f3w\u201d, \u201eSygna\u0142\u00f3w i modulacji\u201d, \u201eCyfrowej transmisji informacji\u201d oraz opracowa\u0142 i prowadzi\u0142 wyk\u0142ady z \u201eSygna\u0142\u00f3w i system\u00f3w\u201d, \u201eGraf\u00f3w i sieci\u201d, \u201eAnalizy wra\u017cliwo\u015bciowej\u201d, \u201eKomputerowej analizy uk\u0142ad\u00f3w elektrycznych\u201d. Prowadzi\u0142 tak\u017ce wyk\u0142ady z \u201eTeorii obwod\u00f3w\u201d, \u201eTeorii sygna\u0142\u00f3w\u201d i \u201eCyfrowych system\u00f3w telekomunikacyjnych\u201d w Washington State University, a w University of Waterloo z \u201eKomputerowo wspomaganej analizy i projektowania uk\u0142ad\u00f3w elektrycznych\u201d. W Ohio University prowadzi\u0142 wyk\u0142ady: \u201eCyfrowe przetwarzanie sygna\u0142\u00f3w\u201d, \u201eTelekomunikacja cyfrowa\u201d, \u201eSygna\u0142y i systemy\u201d, \u201eAnaliza statystyczna\u201d. By\u0142 wsp\u00f3\u0142autorem 3 skrypt\u00f3w akademickich. W latach 1995-1998 by\u0142 koordynatorem programu Tempus: \u201cEducation for Signal Processing and Circuits for Signal Processing\u201d.<\/span><span style=\"font-family: tahoma, arial, helvetica, sans-serif; font-size: small;\">\u00a0W latach 1989-1990 Jacek M. Wojciechowski by\u0142 cz\u0142onkiem Komisji Rady Wydzia\u0142u Elektroniki ds. Oceny i Organizacji Dydaktyki, w latach 1993-1995 &#8211; Komisji Dziekana ds. Elastycznego Studiowania. W latach 1993-2000 by\u0142 cz\u0142onkiem, a nast\u0119pnie przewodnicz\u0105cym Rady Programowej I. W latach 1991-1996 by\u0142 zast\u0119pc\u0105 dyrektora ds. nauki Instytutu Podstaw Elektroniki. Jest koordynatorem um\u00f3w o wsp\u00f3\u0142pracy Politechniki Warszawskiej z University of Waterloo i Ohio University. W latach 1990-1993 by\u0142 cz\u0142onkiem Komitetu Elektroniki i Telekomunikacji Polskiej Akademii Nauk, a od 1993 roku cz\u0142onkiem Sekcji Teorii Obwod\u00f3w. By\u0142 cz\u0142onkiem Institute of Electrical and Electronic Engineers (USA). Od 2001 roku przewodniczy\u0142 Komisji Rady Wydzia\u0142u Ds. Bada\u0144 Naukowych, by\u0142 cz\u0142onkiem Dzieka\u0144skiej Komisji ds. Rozwoju oraz Senackiej Komisji ds. Nauki.<\/span><span style=\"font-family: tahoma, arial, helvetica, sans-serif; font-size: small;\">\u00a0Od 1996 roku Jacek M. Wojciechowski by\u0142\u00a0 doradc\u0105 Wydawnictw Komunikacji i \u0141\u0105czno\u015bci. W okresie przemian ustrojowych bra\u0142 czynny udzia\u0142 w transformacji gospodarki, (m.in. w restrukturyzacji Pewexu), by\u0142 cz\u0142onkiem lub przewodnicz\u0105cym rad nadzorczych Rafinerii Gda\u0144skiej SA, Zak\u0142ad\u00f3w Aparatury Chemicznej i Bydgoskiej Fabryki Urz\u0105dze\u0144 Ch\u0142odniczych. W latach 1996-2001 by\u0142 doradc\u0105 francuskiej firmy in\u017cynierskiej Institut Fran\u00e7ais du Petrole. Jego nazwisko figuruje w\u00a0<em>Who is Who in the World\u00a0<\/em>(Marquis, 1999, 2000).<\/span><span style=\"font-family: tahoma, arial, helvetica, sans-serif; font-size: small;\"> Zmar\u0142 w 2015 r., pozostawi\u0142 \u017con\u0119 i troje dzieci. W\u0142ada\u0142 biegle j\u0119zykiem angielskim; biernie rosyjskim. Interesowa\u0142 si\u0119 turystyk\u0105 rowerow\u0105, narciarstwem, urz\u0105dzaniem domu, histori\u0105; by\u0142 m.in. wsp\u00f3\u0142autorem ksi\u0105\u017cki\u00a0<em>Rower<\/em>.<\/span>[\/vc_column_text][\/vc_column][\/vc_row]<\/p>\n<\/div>","protected":false},"excerpt":{"rendered":"<p>[vc_row][vc_column][vc_column_text] Jacek Marceli Wojciechowski urodzi\u0142 si\u0119 24 grudnia 1942 roku w Karczewie. W 1956 roku uko\u0144czy\u0142 szko\u0142\u0119 podstawow\u0105 w Karczewie, a w 1960 liceum og\u00f3lnokszta\u0142c\u0105ce w Otwocku. W tym samym roku rozpocz\u0105\u0142 studia na Wydziale \u0141\u0105czno\u015bci Politechniki Warszawskiej, przemianowanym p\u00f3\u017aniej na Wydzia\u0142 Elektroniki, gdzie w 1966 roku uzyska\u0142 dyplom magistra in\u017cyniera elektroniki ze specjalno\u015bci\u0105 Maszyny [&hellip;]<\/p>\n","protected":false},"author":8,"featured_media":0,"parent":1560,"menu_order":170,"comment_status":"closed","ping_status":"closed","template":"","meta":{"ngg_post_thumbnail":0,"footnotes":""},"_links":{"self":[{"href":"https:\/\/www.ire.pw.edu.pl\/en\/wp-json\/wp\/v2\/pages\/1911"}],"collection":[{"href":"https:\/\/www.ire.pw.edu.pl\/en\/wp-json\/wp\/v2\/pages"}],"about":[{"href":"https:\/\/www.ire.pw.edu.pl\/en\/wp-json\/wp\/v2\/types\/page"}],"author":[{"embeddable":true,"href":"https:\/\/www.ire.pw.edu.pl\/en\/wp-json\/wp\/v2\/users\/8"}],"replies":[{"embeddable":true,"href":"https:\/\/www.ire.pw.edu.pl\/en\/wp-json\/wp\/v2\/comments?post=1911"}],"version-history":[{"count":8,"href":"https:\/\/www.ire.pw.edu.pl\/en\/wp-json\/wp\/v2\/pages\/1911\/revisions"}],"predecessor-version":[{"id":6510,"href":"https:\/\/www.ire.pw.edu.pl\/en\/wp-json\/wp\/v2\/pages\/1911\/revisions\/6510"}],"up":[{"embeddable":true,"href":"https:\/\/www.ire.pw.edu.pl\/en\/wp-json\/wp\/v2\/pages\/1560"}],"wp:attachment":[{"href":"https:\/\/www.ire.pw.edu.pl\/en\/wp-json\/wp\/v2\/media?parent=1911"}],"curies":[{"name":"wp","href":"https:\/\/api.w.org\/{rel}","templated":true}]}}