{"id":1887,"date":"2018-04-23T10:09:57","date_gmt":"2018-04-23T10:09:57","guid":{"rendered":"\/\/www.ire.pw.edu.pl\/?page_id=1887"},"modified":"2019-02-06T14:38:30","modified_gmt":"2019-02-06T13:38:30","slug":"roman-zdzislaw-morawski","status":"publish","type":"page","link":"https:\/\/www.ire.pw.edu.pl\/en\/o-instytucie\/biografie-profesorow\/roman-zdzislaw-morawski\/","title":{"rendered":"Roman Zdzis\u0142aw Morawski"},"content":{"rendered":"<p><img loading=\"lazy\" decoding=\"async\" class=\"alignright size-medium wp-image-5723\" src=\"https:\/\/www.ire.pw.edu.pl\/wp-content\/uploads\/RZM-2014-11-22-200x300.jpg\" alt=\"\" width=\"200\" height=\"300\" srcset=\"https:\/\/www.ire.pw.edu.pl\/wp-content\/uploads\/RZM-2014-11-22-200x300.jpg 200w, https:\/\/www.ire.pw.edu.pl\/wp-content\/uploads\/RZM-2014-11-22.jpg 512w\" sizes=\"(max-width: 200px) 100vw, 200px\" \/><\/p>\n<p><strong>Roman Zdzis\u0142aw Morawski<\/strong> urodzi\u0142 si\u0119 24 sierpnia 1949 roku w Warce,\u00a0 gdzie te\u017c uko\u0144czy\u0142 szko\u0142\u0119 podstawow\u0105 (1963) i\u00a0liceum og\u00f3lnokszta\u0142c\u0105ce (1967). Dyplom magistra in\u017cyniera elektronika (z wyr\u00f3\u017cnieniem) uzyska\u0142 w 1972 roku na Wydziale Elektroniki Politechniki Warszawskiej. Od tego te\u017c roku jest zatrudniony w Instytucie Radioelektroniki i Technik Multimedialnych na Wydziale Elektroniki i Technik Informacyjnych jako nauczyciel akademicki, od 2013 roku \u2013 na stanowisku profesora zwyczajnego. Stopie\u0144 doktora (kandydata) nauk technicznych w dziedzinie informatyki uzyska\u0142 w 1979 roku w Leningradzkim Instytucie Elektrotechniki (za rozpraw\u0119 <em>O modielirovanii analogo-cifrovych elektronnych schem<\/em>), stopie\u0144 naukowy doktora habilitowanego na Wydziale Elektroniki Politechniki Warszawskiej \u2013 w 1990 roku (za monografi\u0119 <em>Metody odtwarzania sygna\u0142\u00f3w pomiarowych<\/em>), a tytu\u0142 profesora nauk technicznych \u2013 w 2001 roku (za dorobek w zakresie przetwarzania danych pomiarowych).<\/p>\n<p style=\"text-align: left;\">W 1972 roku Roman Z. Morawski odby\u0142 sta\u017c przemys\u0142owy w zak\u0142adach aparatury pomiarowej Norma Messger\u00e4te w Wiedniu, w latach 1974\u20131975 \u2013 sta\u017c naukowy w Katedrze Automatyki i Informatyki Leningradzkiego Instytutu Elektrotechniki, a w 1987 roku \u2013 sta\u017c naukowy na Wydziale Fizyki Stosowanej Technische Universiteit Delft (Holandia). W latach 1988\u20131998 sp\u0119dzi\u0142 cztery lata w Universit\u00e9 du Qu\u00e9bec \u00e0 Trois-Rivi\u00e8res (Kanada) w\u00a0charakterze <em>professeur invit\u00e9<\/em>, a w latach 1998\u20132008 \u2013 w firmie Measurement Microsystems, Inc. (Kanada), gdzie by\u0142 zatrudniony jako <em>Chief Scientific Officer<\/em>. Odwiedzi\u0142 ponadto ok. 40 instytucji akademickich \u2013 w Europie Zachodniej, USA, Kanadzie i Japonii \u2013 prowadz\u0105cych badania naukowe lub kszta\u0142cenie akademickie w dziedzinie metrologii.<\/p>\n<p>Zainteresowania badawcze Romana Z. Morawskiego od pocz\u0105tku koncentrowa\u0142y si\u0119 na problematyce system\u00f3w pomiarowych: w latach siedemdziesi\u0105tych \u2013 na metodyce komputerowego ich projektowania, w latach osiemdziesi\u0105tych i dziewi\u0119\u0107dziesi\u0105tych \u2013 na cyfrowym przetwarzaniu sygna\u0142\u00f3w pomiarowych, w latach 1990 \u20132013 \u2013 na zastosowaniach przetwarzania danych w analizatorach spektrofotometrycznych, a ostatnio \u2013 na zastosowaniach przetwarzania danych pomiarowych w systemach monitoringu os\u00f3b starszych i niepe\u0142nosprawnych. Na Politechnice Warszawskiej bra\u0142 udzia\u0142 w pracach nad projektowaniem miernik\u00f3w cz\u0119stotliwo\u015bci i czasu, uk\u0142adami sterowania procesami technologicznymi w mikroelektronice, komputerowym modelowaniem system\u00f3w pomiarowych, automatyzacj\u0105 pomiar\u00f3w fizykochemicznych, metodami odtwarzania wielko\u015bci pomiarowych zmiennych w czasie, metodami dynamicznego wzorcowania tor\u00f3w pomiarowych oraz metodami interpretacji danych pomiarowych dla zastosowa\u0144 w analityce spektrometrycznej oraz monitoringu przemys\u0142owym i telekomunikacyjnym. Ponadto, podczas sta\u017cu w Leningradzkim Instytucie Elektrotechniki, uczestniczy\u0142 w badaniach nad projektowaniem struktur i algorytm\u00f3w obliczeniowych, a podczas sta\u017cu w Technische Universiteit Delft \u2013 w pracach nad algorytmami rozwi\u0105zywania zada\u0144 odwrotnych fizyki technicznej. W latach 1988\u20132008 bra\u0142 udzia\u0142 w pracach naukowych, prowadzonych przez zespo\u0142y badawcze Universit\u00e9 du Qu\u00e9bec \u00e0 Trois-Rivi\u00e8res i firmy Measurement Microsystems, a dotycz\u0105cych czujnik\u00f3w r\u00f3\u017cnych wielko\u015bci nieelektrycznych, metod projektowania scalonych czujnik\u00f3w spektrofotometrycznych wspomaganych procesorem cyfrowym oraz cyfrowego przetwarzania danych pomiarowych w spektrofotometrach, analizatorach widma i\u00a0monitorach optycznych kana\u0142\u00f3w telekomunikacyjnych. Jest autorem lub wsp\u00f3\u0142autorem ponad 300 artyku\u0142\u00f3w naukowych, w tym \u2013 blisko 70 artyku\u0142\u00f3w opublikowanych w takich czasopismach jak <em>IEEE Transactions on Instrumentation and Measurement<\/em>, <em>Measurement,<\/em> <em>Biomedical Signal Processing and Control <\/em>i <em>Journal of Chemometrics<\/em>. Jest wsp\u00f3\u0142tw\u00f3rc\u0105 14 patent\u00f3w zagranicznych (USA, Kanada, UE).<\/p>\n<p>Roman Z. Morawski prowadzi\u0142 wiele oryginalnych wyk\u0142ad\u00f3w w j\u0119zyku polskim, angielskim i\u00a0francuskim. Najwa\u017cniejsze z nich to: &#8220;Metodyka projektowania urz\u0105dze\u0144 pomiarowych&#8221;, &#8220;Oprogramowanie system\u00f3w pomiarowych&#8221;, &#8220;Metody i algorytmy przetwarzania sygna\u0142\u00f3w pomiarowych&#8221;, &#8220;Cyfrowe przetwarzanie sygna\u0142\u00f3w pomiarowych&#8221;, &#8220;Traitement de signaux&#8221;, &#8220;Wst\u0119p do metod numerycznych&#8221;, &#8220;Numerical Methods&#8221;, &#8220;Ethical Aspects of Research and Engineering&#8221;, &#8220;Methodological and Ethical Aspects of Research&#8221;. Jest wsp\u00f3\u0142autorem dw\u00f3ch podr\u0119cznik\u00f3w akademickich: <em>Wprowadzenie do metrologii i techniki eksperymentu<\/em> (Wydawnictwa Naukowo-Techniczne 1992) oraz <em>Wst\u0119p do metod numerycznych dla student\u00f3w elektroniki i technik informacyjnych<\/em> (Oficyna Wydawnicza Politechniki Warszawskiej 2009) oraz autorem ksi\u0105\u017cek <em>Etyczne aspekty dzia\u0142alno\u015bci badawczej w naukach empirycznych<\/em> (Wydawnictwo Uniwersytetu Warszawskiego 2011) oraz <em>Technoscintific Research: Methodological and Ethical Aspects<\/em> (wydawnictwo Walter de Gruyter 2019).<\/p>\n<p>Rozwijaj\u0105c swoje zainteresowania w zakresie organizacji szkolnictwa wy\u017cszego, Roman\u00a0Z.\u00a0Morawski bra\u0142 udzia\u0142 w realizacji projekt\u00f3w badawczo-wdro\u017ceniowych dotycz\u0105cych zarz\u0105dzania instytucj\u0105 akademick\u0105. W ramach wsp\u00f3\u0142pracy z Instytutem Spraw Publicznych i Fundacj\u0105 Rektor\u00f3w Polskich uczestniczy\u0142 w realizacji projekt\u00f3w dotycz\u0105cych finansowania szkolnictwa wy\u017cszego w Polsce i efektywno\u015bci funkcjonowania zachodnioeuropejskich instytucji akademickich. Opublikowa\u0142 blisko 90 artyku\u0142\u00f3w i\u00a0rozdzia\u0142\u00f3w w ksi\u0105\u017ckach po\u015bwi\u0119conych szeroko rozumianej problematyce szkolnictwa wy\u017cszego.<\/p>\n<p>Roman Z. Morawski by\u0142 cz\u0142onkiem Senatu Politechniki Warszawskiej (1999\u20132002) i\u00a0cz\u0142onkiem wielu komisji senackich, a w w\u015br\u00f3d nich Komisji ds. Struktury i Organizacji Uczelni, kt\u00f3ra opracowa\u0142a projekt statutu Politechniki Warszawskiej (1981\u20131984), oraz Senackiego Zespo\u0142u, kt\u00f3ry opracowa\u0142 projekt strategii rozwoju Politechniki Warszawskiej w latach 2010\u20132020. By\u0142 tak\u017ce cz\u0142onkiem Rektorskiej Komisji Statutowej (1985\u20131986) i\u00a0Spo\u0142ecznej Komisji Statutowej (1990). W latach 1996\u20132002 by\u0142 te\u017c cz\u0142onkiem Rady Szko\u0142y Biznesu Politechniki Warszawskiej. Na Wydziale Elektroniki i Technik Informacyjnych pe\u0142ni\u0142 kolejno funkcj\u0119 prodziekana (1993\u20131999) i dziekana (1999\u20132002).<\/p>\n<p>W latach 1998\u20132018 Roman Z. Morawski by\u0142 przedstawicielem Polskiego Stowarzyszenia Pomiar\u00f3w Automatyki i Robotyki POLSPAR w Radzie Generalnej Mi\u0119dzynarodowej Konfederacji Pomiar\u00f3w IMEKO. Pe\u0142ni\u0142 te\u017c funkcj\u0119 cz\u0142onka Zespo\u0142u doradczego Prezydenta IMEKO oraz cz\u0142onka rady redakcyjnej wydawanego przez Elsevier czasopisma <em>Measurement \u2013 Journal of IMEKO<\/em>.<\/p>\n<p align=\"justify\"><span style=\"font-family: tahoma, arial, helvetica, sans-serif; font-size: small;\">Jest \u017conaty, ma troje dzieci i czworo wnucz\u0105t. W\u0142ada kilkoma j\u0119zykami: angielskim, francuskim, niemieckim, rosyjskim i w\u0142oskim; interesuje si\u0119 filozofi\u0105 nauki i etyk\u0105 bada\u0144 naukowych; gra na skrzypcach.<\/span><\/p>\n","protected":false},"excerpt":{"rendered":"<p>Roman Zdzis\u0142aw Morawski urodzi\u0142 si\u0119 24 sierpnia 1949 roku w Warce,\u00a0 gdzie te\u017c uko\u0144czy\u0142 szko\u0142\u0119 podstawow\u0105 (1963) i\u00a0liceum og\u00f3lnokszta\u0142c\u0105ce (1967). Dyplom magistra in\u017cyniera elektronika (z wyr\u00f3\u017cnieniem) uzyska\u0142 w 1972 roku na Wydziale Elektroniki Politechniki Warszawskiej. Od tego te\u017c roku jest zatrudniony w Instytucie Radioelektroniki i Technik Multimedialnych na Wydziale Elektroniki i Technik Informacyjnych jako nauczyciel [&hellip;]<\/p>\n","protected":false},"author":8,"featured_media":0,"parent":1560,"menu_order":105,"comment_status":"closed","ping_status":"closed","template":"","meta":{"ngg_post_thumbnail":0,"footnotes":""},"_links":{"self":[{"href":"https:\/\/www.ire.pw.edu.pl\/en\/wp-json\/wp\/v2\/pages\/1887"}],"collection":[{"href":"https:\/\/www.ire.pw.edu.pl\/en\/wp-json\/wp\/v2\/pages"}],"about":[{"href":"https:\/\/www.ire.pw.edu.pl\/en\/wp-json\/wp\/v2\/types\/page"}],"author":[{"embeddable":true,"href":"https:\/\/www.ire.pw.edu.pl\/en\/wp-json\/wp\/v2\/users\/8"}],"replies":[{"embeddable":true,"href":"https:\/\/www.ire.pw.edu.pl\/en\/wp-json\/wp\/v2\/comments?post=1887"}],"version-history":[{"count":8,"href":"https:\/\/www.ire.pw.edu.pl\/en\/wp-json\/wp\/v2\/pages\/1887\/revisions"}],"predecessor-version":[{"id":5728,"href":"https:\/\/www.ire.pw.edu.pl\/en\/wp-json\/wp\/v2\/pages\/1887\/revisions\/5728"}],"up":[{"embeddable":true,"href":"https:\/\/www.ire.pw.edu.pl\/en\/wp-json\/wp\/v2\/pages\/1560"}],"wp:attachment":[{"href":"https:\/\/www.ire.pw.edu.pl\/en\/wp-json\/wp\/v2\/media?parent=1887"}],"curies":[{"name":"wp","href":"https:\/\/api.w.org\/{rel}","templated":true}]}}