{"id":1882,"date":"2018-04-23T10:00:23","date_gmt":"2018-04-23T10:00:23","guid":{"rendered":"\/\/www.ire.pw.edu.pl\/?page_id=1882"},"modified":"2019-02-08T10:40:36","modified_gmt":"2019-02-08T09:40:36","slug":"jozef-wieslaw-modelski","status":"publish","type":"page","link":"https:\/\/www.ire.pw.edu.pl\/en\/o-instytucie\/biografie-profesorow\/jozef-wieslaw-modelski\/","title":{"rendered":"J\u00f3zef Wies\u0142aw Modelski"},"content":{"rendered":"<p><img loading=\"lazy\" decoding=\"async\" class=\"size-full wp-image-1884 alignright\" src=\"\/\/www.ire.pw.edu.pl\/wp-content\/uploads\/jmodelski_3.jpg\" alt=\"\" width=\"160\" height=\"202\" \/>J\u00f3zef Wies\u0142aw Modelski urodzi\u0142 si\u0119 25 marca 1949 r. w\u00a0Kawnicach (woj. wielkopolskie). W 1967 r. uko\u0144czy\u0142 liceum og\u00f3lnokszta\u0142c\u0105ce w Koninie, gdzie by\u0142 te\u017c laureatem og\u00f3lnopolskich olimpiad chemicznych i fizycznych. Dyplom magistra in\u017cyniera elektronika (specjalno\u015b\u0107: radiotechnika) uzyska\u0142 w 1973 r. na Wydziale Elektroniki Politechniki Warszawskiej. Rada Wydzia\u0142u Elektroniki PW nada\u0142a mu te\u017c stopnie: w 1978 r. stopie\u0144 doktora nauk technicznych na podstawie rozprawy:\u00a0<em>Metoda projektowania mikrofalowego analogowego przesuwnika fazy w zadanym pa\u015bmie cz\u0119stotliwo\u015bci\u00a0<\/em>(kt\u00f3ra zosta\u0142a uznana za wyr\u00f3\u017cniaj\u0105c\u0105 si\u0119), a\u00a0w\u00a01987 r. stopie\u0144 doktora habilitowanego za monografi\u0119<em>Mikrofalowe analogowe modulatory i przesuwniki fazy<\/em>. W\u00a01994 r. otrzyma\u0142 tytu\u0142 profesora nauk technicznych. Od\u00a01973 r. J\u00f3zef W. Modelski jest zatrudniony w Instytucie Radioelektroniki Politechniki Warszawskiej kolejno na stanowiskach: asystenta (1973-78), adiunkta (1978-87), docenta (1988-91), profesora nadzwyczajnego (1991-2002) i\u00a0profesora zwyczajnego (od 2002). W latach 1976-77 odby\u0142 roczny sta\u017c w USA (jako stypendysta Fulbright&#8217;a), prowadz\u0105c badania w laboratoriach mikrofalowych:\u00a0<em>Cornell University (Ithaca), University of Texas at Austin<\/em>\u00a0oraz\u00a0<em>Communications Satellite Corporation Laboratories (Clarksburg)<\/em>. W 1985 r. przebywa\u0142 na p\u00f3\u0142rocznym stypendium DAAD w RFN w\u00a0<em>Technische Universitat Braunschweig<\/em>. Odby\u0142 te\u017c wiele kr\u00f3tkoterminowych sta\u017cy zawodowych w zak\u0142adach przemys\u0142owych oraz uniwersytetach technicznych, m.in. Wielkiej Brytanii, Niemiec, Belgii, W\u0142och, Portugalii. W latach 1986-88 pracowa\u0142 w\u00a0<em>Instytucie Wielkich Cz\u0119stotliwo\u015bci<\/em>\u00a0w\u00a0<em>Technische Universitat Braunschweig<\/em>\u00a0w RFN na stanowiskach\u00a0<em>senior scientist<\/em>\u00a0oraz\u00a0<em>visiting professor<\/em>. Prowadzi\u0142 wyk\u0142ady zaproszone i kursy w kilkunastu krajach europejskich, USA, Japonii, Indiach, Brazylii i Egipcie.<\/p>\n<p>Zainteresowania naukowo-badawcze J. Modelskiego koncentruj\u0105 si\u0119 wok\u00f3\u0142 techniki mikrofalowej, radiokomunikacji i telewizji. W pierwszej po\u0142owie lat siedemdziesi\u0105tych bra\u0142 udzia\u0142 w opracowaniu metod i aparatury do pomiaru parametr\u00f3w mikrofalowych diod p\u00f3\u0142przewodnikowych. Nast\u0119pnie, przez kilkana\u015bcie lat zajmowa\u0142 si\u0119 projektowaniem i realizacj\u0105 mikrofalowych modulator\u00f3w i przesuwnik\u00f3w fazy stosowanych w systemach telekomunikacyjnych &#8211; pocz\u0105tkowo uk\u0142adami z diodami p\u00f3\u0142przewodnikowymi, a w latach osiemdziesi\u0105tych tak\u017ce uk\u0142adami z tranzystorami MESFET oraz elementami ferrytowymi. W trakcie pobytu w Technische Universitat Braunschweig uczestniczy\u0142 w badaniach nad projektowaniem uk\u0142ad\u00f3w mikrofalowych w technologii falowod\u00f3w zintegrowanych INWATE i by\u0142 te\u017c wsp\u00f3\u0142koordynatorem projektu badawczego po\u015bwi\u0119conego opracowaniu prototypu konwertera satelitarnego dla niemieckiego przemys\u0142u telekomunikacyjnego. W latach 1983-94 prowadzi\u0142 badania dotycz\u0105ce opracowania dok\u0142adnych metod analizy rezonator\u00f3w dielektrycznych i ferrytowych oraz zastosowaniom tych rezonator\u00f3w w filtrach, generatorach oraz miernictwie parametr\u00f3w materia\u0142\u00f3w w pa\u015bmie mikrofalowym. W ostatnich latach g\u0142\u00f3wne obszary zainteresowa\u0144 badawczych dotycz\u0105 paskowych anten wielowarstwowych oraz anten inteligentnych i rekonfigurowalnych. Kierowa\u0142 kilkoma du\u017cymi pracami badawczymi dla jednostek gospodarki narodowej, m.in. opracowaniem koncepcji i warunk\u00f3w wdro\u017cenia systemu GSM-R dla Polskich Kolei Pa\u0144stwowych (1997-2001). W ostatnich latach by\u0142 inicjatorem i wsp\u00f3\u0142organizatorem kilku program\u00f3w mi\u0119dzynarodowych. W jego zespole naukowym zako\u0144czono ostatnio 5 program\u00f3w europejskich: 2 projekty badawczo-celowe STREP EU &#8211;\u00a0<em>Reconfigurable Systems for Mobile Local Communication and Positioning RESOLUTION<\/em>\u00a0oraz\u00a0<em>Core Subsystem for Delivery of Multi-Band Data in CATV CODMUCA<\/em>, projekt zintegrowany EU &#8211;\u00a0<em>Co-operative Systems for Road Safety &#8220;Smart Vehicles on Smart Road&#8221; SAFESPOT<\/em>,\u00a0dwie sieci doskona\u0142o\u015bci EU &#8211;\u00a0<em>Antenna Centre of Excellence ACE2\u00a0<\/em>oraz\u00a0<em>Top Amplifier Research Groups in a European Team TARGET<\/em>. Obecnie jest koordynatorem ze strony Politechniki Warszawskiej projektu<em>PROTEUS\u00a0<\/em><em>Zintegrowany Mobilny System Wspomagaj\u0105cy Dzia\u0142ania Antyterrorystyczne i Antykryzysowy\u00a0<\/em>realizowanego w ramach<strong>\u00a0<\/strong>Programu Operacyjnego Innowacyjna Gospodarka. Jest konsultantem dla podmiot\u00f3w gospodarczych w Polsce, USA i Niemczech.<\/p>\n<p>Jest autorem lub wsp\u00f3\u0142autorem ponad 300 publikacji naukowych, 9 patent\u00f3w oraz 4 monografii, m.in.\u00a0<em>Mikrofalowe modulatory i przesuwniki fazy z diodami p\u00f3\u0142przewodnikowymi<\/em>\u00a0(WNT, 1984),\u00a0<em>Rezonatory dielektryczne i ich zastosowania\u00a0<\/em>(PWN, 1990). Do najwa\u017cniejszych oryginalnych osi\u0105gni\u0119\u0107 wdro\u017conych w praktyce nale\u017c\u0105: za granic\u0105 &#8211; mikrofalowy scalony modulator fazy zastosowany w przeka\u017aniku satelity INTELSAT, nale\u017c\u0105cego do \u015bwiatowego systemu \u0142\u0105czno\u015bci satelitarnej (USA, 1978) oraz zintegrowany uk\u0142ad wej\u015bciowy konwertera TV w technologii INWATE do odbioru program\u00f3w z satelity francusko-niemieckiego KOPERNIKUS (wdro\u017cony do masowej produkcji, RFN, 1988); natomiast w kraju &#8211; generator napis\u00f3w telewizyjnych\u00a0<em>Paston<\/em>, zastosowany w studiach TV w Polsce i\u00a0na Litwie (1992).<\/p>\n<p>Za osi\u0105gni\u0119cia naukowo-badawcze 6-krotnie otrzymywa\u0142 nagrody Ministra Nauki i Szkolnictwa Wy\u017cszego i Techniki (1979, 1981, 1989), Ministra Edukacji Narodowej (1991, 1995) oraz Sekretarza Wydzia\u0142u IV PAN (1988). W 2005 r. otrzyma\u0142 trzyletnie subsydium profesorskie Fundacji Nauki Polskiej. Otrzyma\u0142 wiele nagr\u00f3d i wyr\u00f3\u017cnie\u0144 za najlepsze publikacje lub prezentacje na konferencjach. Mi\u0119dzy inni w roku 2008 na Europejskiej Konferencji Mikrofalowej (EuMC) w Amsterdamie jego zesp\u00f3\u0142 otrzyma\u0142 g\u0142\u00f3wn\u0105 nagrod\u0119 w dziedzinie techniki mikrofalowej i antenowej za prac\u0119\u00a0<em>Extending Functionalities of Waveguide Slot Antennas by Means of Reconfigurable Aperture;<\/em>\u00a0nagroda ta po raz pierwszy w historii zosta\u0142a przyznana zespo\u0142owi z poza\u00a0 Europy Zachodniej, USA i Japonii.<\/p>\n<p>J. Modelski prowadzi\u0142 wyk\u0142ady z przedmiot\u00f3w podstawowych\u00a0<em>Teoria pola<\/em>\u00a0(1979-89) i\u00a0<em>Technika mikrofalowa<\/em>(1978-81). Opracowa\u0142 i prowadzi\u0142 kilka oryginalnych wyk\u0142ad\u00f3w m.in.\u00a0<em>Wsp\u00f3\u0142czesne zastosowania mikrofal<\/em>(1983-97),\u00a0<em>Telewizja satelitarna<\/em>\u00a0(1988-99),\u00a0<em>Telewizja przewodowa (1989-1998), \u0141\u0105czno\u015b\u0107 satelitarna<\/em>(1997-). Jest wsp\u00f3\u0142autorem podr\u0119cznika\u00a0<em>Zbi\u00f3r zada\u0144 z teorii pola elektromagnetycznego<\/em>\u00a0(WNT, 1990) oraz dw\u00f3ch skrypt\u00f3w:\u00a0<em>Pomiary parametr\u00f3w anten (OW PW 2003)<\/em>\u00a0i\u00a0<em>Podstawy radiokomunikacji (OW PW 2004)\u00a0<\/em>. W latach dziewi\u0119\u0107dziesi\u0105tych by\u0142 koordynatorem dw\u00f3ch europejskich program\u00f3w edukacyjnych TEMPUS: JEP-2038\u00a0<em>The use of computers in electrical engineering education\u00a0<\/em>(1991-94)<em>\u00a0<\/em>oraz JEP-7403<em>\u00a0Modern technologies in telecommunications for new Polish educational systems\u00a0<\/em>(1994-97). W tym czasie by\u0142 inicjatorem i wsp\u00f3\u0142tw\u00f3rc\u0105 utworzenia kilku nowych laboratori\u00f3w w Instytucie Radioelektroniki PW, m.in.\u00a0<em>Telewizji satelitarnej i przewodowej (1989), Techniki mikroprocesorowej PLD\/ASIC(1992), Radiokomunikacji (1994), Anten (1998)<\/em>. By\u0142 te\u017c inicjatorem i wsp\u00f3\u0142organizatorem powo\u0142ania na studiach dziennych nowej specjalno\u015bci<em>\u00a0Radiokomunikacja i Techniki Multimedialne,\u00a0<\/em>uruchomienia wieczorowych studi\u00f3w zawodowych o specjalno\u015bci<em>\u00a0Radiokomunikacja\u00a0<\/em>oraz uruchomienia kurs\u00f3w specjalistycznych w ramach<em>\u00a0Studium radiokomunikacji, technik multimedialnych i in\u017cynierii biomedycznej RADEM<\/em>. Szczeg\u00f3lnie du\u017cym zainteresowaniem cieszy\u0142y si\u0119 kursy\u00a0<em>RADEM<\/em>\u00a0dla firm z rynku \u00a0telekomunikacyjnego, kt\u00f3re uko\u0144czy\u0142o ponad 5000 uczestnik\u00f3w. By\u0142 opiekunem ponad 100 prac dyplomowych &#8211; magisterskich i in\u017cynierskich oraz promotorem 17 prac doktorskich. Za osi\u0105gni\u0119cia w pracy dydaktycznej otrzyma\u0142 4-krotnie nagrody: MNSzWiT (1975, 1985), MEN (1991,1999).<\/p>\n<p>Od 1996 r. jest dyrektorem Instytutu Radioelektroniki PW. Od 2005 r. jest cz\u0142onkiem Senatu PW, a od 2008 przewodnicz\u0105cym Senackiej Komisji ds. Organizacji Uczelni. Od 2006 jest prezesem Rady Nadzorczej sp\u00f3\u0142ki\u00a0<em>AZS Politechnika Warszawska<\/em>. Jest za\u0142o\u017cycielem i prezesem\u00a0<em>Fundacji Wspierania Rozwoju Radiokomunikacji i Technik Multimedialnych<\/em>. Fundacja, kt\u00f3ra rozpocz\u0119\u0142a dzia\u0142alno\u015b\u0107 w roku 2000; przyzna\u0142a ju\u017c mi\u0119dzy innymi ponad 170 stypendi\u00f3w habilitacyjnych, doktoranckich i studenckich, siedem laboratori\u00f3w naukowo-dydaktycznych zosta\u0142o wyposa\u017conych w nowoczesn\u0105 aparatur\u0119. W latach 1980-85 J. Modelski by\u0142 pe\u0142nomocnikiem Rektora Politechniki Warszawskiej i przewodnicz\u0105cym Komisji Rektorskiej ds. Studenckich Praktyk Zagranicznych. W latach 1994-96 by\u0142 kierownikiem specjalno\u015bci\u00a0<em>Radioelektronika<\/em>\u00a0na Wydziale Elektroniki i Technik Informacyjnych PW. Od 1998 r. by\u0142 cz\u0142onkiem Komisji Rektorskiej ds. Rozwoju i Modernizacji Uczelni, a w latach 2002-2005 jej przewodnicz\u0105cym. W latach 1988-2000 by\u0142 kierownikiem Zak\u0142adu Telewizji, a w latach 2003-2008 kierownikiem Zak\u0142adu Radiokomunikacji na WEiTI PW.<\/p>\n<p>J\u00f3zef Modelski jest cz\u0142onkiem korespondentem\u00a0<em>Polskiej Akademii Nauk,\u00a0<\/em>przewodnicz\u0105cym Komitetu Elektroniki i Telekomunikacji PAN, cz\u0142onkiem prezydium Komitetu Bada\u0144 Kosmicznych i Satelitarnych PAN oraz przewodnicz\u0105cym Komisji Astronautyki i Technik Kosmicznych KBKiS PAN; cz\u0142onkiem zagranicznym\u00a0<em>Ukrai\u0144skiej Akademii Nauk<\/em>; cz\u0142onkiem rzeczywistym\u00a0<em>Towarzystwa Naukowego Warszawskiego<\/em>, cz\u0142onkiem\u00a0<em>Fellow\u00a0<\/em><em>Institute of Electrical and Electronic Engineers<\/em><em>\u00a0<\/em><em>IEEE (2000)<\/em>, dyrektorem Regionu 8\u00a0<em>IEEE<\/em>; przewodnicz\u0105cym Rady Naukowej\u00a0<em>Przemys\u0142owego Instytutu Telekomunikacji,<\/em>\u00a0cz\u0142onkiem Rady Naukowej\u00a0<em>Instytutu \u0141\u0105czno\u015bci<\/em>, cz\u0142onkiem komitet\u00f3w programowych i zarz\u0105dzaj\u0105cych wielu konferencji zagranicznych i krajowych w dziedzinie elektroniki i telekomunikacji (m.in.\u00a0<em>IEEE International Microwave Symposium w USA, European Microwave Conference<\/em>), przewodnicz\u0105cym mi\u0119dzynarodowej konferencji\u00a0<em>Microwave\u00a0&amp;\u00a0Radar\u00a0Week<\/em>; przewodnicz\u0105cym Komitetu Programowego Konferencji\u00a0<em>Polskiej Izby Komunikacji Elektronicznej PIKE<\/em>, cz\u0142onkiem kilku komitet\u00f3w redakcyjnych periodyk\u00f3w naukowych mi\u0119dzynarodowych i krajowych (m.in.\u00a0<em>IEEE Transactions on MTT<\/em>,\u00a0<em>Proceedings of the EuMA, Kwartalnik Elektroniki i Telekomunikacji PAN<\/em>), przewodnicz\u0105cym Rady Programowej\u00a0<em>Przegl\u0105du Telekomunikacyjnego<\/em>.<\/p>\n<p>By\u0142 prezydentem\u00a0<em>IEEE Microwave Theory and Techniques Society\u00a0<\/em>(2008), wicedyrektorem Regionu 8\u00a0<em>IEEE<\/em>(2005-2006); przewodnicz\u0105cym konferencji\u00a0\u00a0<em>International Conference on Microwaves Radar and Wireless Communications<\/em><em>\u00a0<\/em><em>MIKON<\/em>\u00a0 (1995-2006), konferencji\u00a0<em>IEEE EUROCON<\/em>\u00a0(2007) oraz dwukrotnie Krajowej Konferencji Radiokomunikacji, Radiofonii i Telewizji (2004, 2009); przewodnicz\u0105cym Rady Telekomunikacji przy Urz\u0119dzie Regulacji Telekomunikacji i Poczty (2003-2005); przewodnicz\u0105cym Rady Naukowej\u00a0<em>Centrum Badawczo-Rozwojowego Radia i Telewizji (<\/em>1991-2006)<em>;\u00a0<\/em>cz\u0142onkiem Mi\u0119dzyresortowego Zespo\u0142u Koordynuj\u0105cego ds. Przestrzeni Kosmicznej przy Premierze RP (2001-2006); cz\u0142onkiem zarz\u0105du\u00a0<em>European Microwave Association EuMA\u00a0<\/em><em>(<\/em>1997-2007), przewodnicz\u0105cym Sekcji Mikrofal i Radiolokacji KEiT PAN (2000-2007).<\/p>\n<p>J. Modelski zosta\u0142 odznaczony i wyr\u00f3\u017cniony m.in.: Krzy\u017cem Kawalerskim Orderu Odrodzenia Polski, Medalem Komisji Edukacji Narodowej, Z\u0142otym Krzy\u017cem Zas\u0142ugi,\u00a0<em>IEEE Fellow<\/em>,\u00a0<em>IEEE Third Millenium Medal<\/em>,<em>IEEE Walter Cox Award<\/em>, Medalem 80-lecia Polskiego Radia, 10\u00a0nagrodami Ministra Edukacji Narodowej, Nagrod\u0105 Sekretarza Polskiej Akademii Nauk, dwukrotnie odznaczeniem Ministra \u0141\u0105czno\u015bci\u00a0<em>Zas\u0142u\u017cony dla \u0141\u0105czno\u015bci<\/em>, Z\u0142ot\u0105 Honorow\u0105 Odznak\u0105 ZMW oraz Z\u0142ot\u0105 Odznak\u0105 ZSP.<\/p>\n<p>Jest \u017conaty, ma troje dzieci i dwie wnuczki. Interesuje si\u0119 oper\u0105 klasyczn\u0105 i\u00a0histori\u0105 \u015bredniowieczn\u0105; lubi jazd\u0119 na nartach, prac\u0119 w ogrodzie, gr\u0119 w tenisa oraz w bryd\u017ca.<\/p>\n","protected":false},"excerpt":{"rendered":"<p>J\u00f3zef Wies\u0142aw Modelski urodzi\u0142 si\u0119 25 marca 1949 r. w\u00a0Kawnicach (woj. wielkopolskie). W 1967 r. uko\u0144czy\u0142 liceum og\u00f3lnokszta\u0142c\u0105ce w Koninie, gdzie by\u0142 te\u017c laureatem og\u00f3lnopolskich olimpiad chemicznych i fizycznych. Dyplom magistra in\u017cyniera elektronika (specjalno\u015b\u0107: radiotechnika) uzyska\u0142 w 1973 r. na Wydziale Elektroniki Politechniki Warszawskiej. Rada Wydzia\u0142u Elektroniki PW nada\u0142a mu te\u017c stopnie: w 1978 r. [&hellip;]<\/p>\n","protected":false},"author":8,"featured_media":0,"parent":1560,"menu_order":100,"comment_status":"closed","ping_status":"closed","template":"","meta":{"ngg_post_thumbnail":0,"footnotes":""},"_links":{"self":[{"href":"https:\/\/www.ire.pw.edu.pl\/en\/wp-json\/wp\/v2\/pages\/1882"}],"collection":[{"href":"https:\/\/www.ire.pw.edu.pl\/en\/wp-json\/wp\/v2\/pages"}],"about":[{"href":"https:\/\/www.ire.pw.edu.pl\/en\/wp-json\/wp\/v2\/types\/page"}],"author":[{"embeddable":true,"href":"https:\/\/www.ire.pw.edu.pl\/en\/wp-json\/wp\/v2\/users\/8"}],"replies":[{"embeddable":true,"href":"https:\/\/www.ire.pw.edu.pl\/en\/wp-json\/wp\/v2\/comments?post=1882"}],"version-history":[{"count":4,"href":"https:\/\/www.ire.pw.edu.pl\/en\/wp-json\/wp\/v2\/pages\/1882\/revisions"}],"predecessor-version":[{"id":1946,"href":"https:\/\/www.ire.pw.edu.pl\/en\/wp-json\/wp\/v2\/pages\/1882\/revisions\/1946"}],"up":[{"embeddable":true,"href":"https:\/\/www.ire.pw.edu.pl\/en\/wp-json\/wp\/v2\/pages\/1560"}],"wp:attachment":[{"href":"https:\/\/www.ire.pw.edu.pl\/en\/wp-json\/wp\/v2\/media?parent=1882"}],"curies":[{"name":"wp","href":"https:\/\/api.w.org\/{rel}","templated":true}]}}