{"id":1719,"date":"2018-04-09T07:16:06","date_gmt":"2018-04-09T07:16:06","guid":{"rendered":"\/\/www.ire.pw.edu.pl\/?page_id=1719"},"modified":"2024-07-08T13:35:11","modified_gmt":"2024-07-08T12:35:11","slug":"starsze","status":"publish","type":"page","link":"https:\/\/www.ire.pw.edu.pl\/en\/o-instytucie\/raporty-roczne\/starsze\/","title":{"rendered":"Starsze (1997-2019)"},"content":{"rendered":"<div class=\"wpb-content-wrapper\"><p>[vc_row][vc_column][vc_column_text]\n<table id=\"tablepress-11\" class=\"tablepress tablepress-id-11\">\n<thead>\n<tr class=\"row-1\">\n\t<th class=\"column-1\">Nazwa<\/th><th class=\"column-2\">Data dodania<\/th>\n<\/tr>\n<\/thead>\n<tbody class=\"row-striping row-hover\">\n<tr class=\"row-2\">\n\t<td class=\"column-1\"><strong>Raport Roczny 1996<\/strong><\/td><td class=\"column-2\"><\/td>\n<\/tr>\n<tr class=\"row-3\">\n\t<td class=\"column-1\"><a href=\"http:\/\/www.ire.pw.edu.pl\/wp-content\/uploads\/raporty-roczne\/AR_1996.pdf\">Raport Roczny 1996<\/a><\/td><td class=\"column-2\">13.07.2006<\/td>\n<\/tr>\n<tr class=\"row-4\">\n\t<td class=\"column-1\"><strong>Raport Roczny 1997<\/strong><\/td><td class=\"column-2\"><\/td>\n<\/tr>\n<tr class=\"row-5\">\n\t<td class=\"column-1\"><a href=\"http:\/\/www.ire.pw.edu.pl\/wp-content\/uploads\/raporty-roczne\/raport-97.pdf\">Raport Roczny 1997<\/a><\/td><td class=\"column-2\">03.07.2006<\/td>\n<\/tr>\n<tr class=\"row-6\">\n\t<td class=\"column-1\"><strong>Raport Roczny 1998<\/strong><\/td><td class=\"column-2\"><\/td>\n<\/tr>\n<tr class=\"row-7\">\n\t<td class=\"column-1\"><a href=\"http:\/\/www.ire.pw.edu.pl\/wp-content\/uploads\/raporty-roczne\/raport-98.pdf\">Raport Roczny 1998<\/a><\/td><td class=\"column-2\">03.07.2006<\/td>\n<\/tr>\n<tr class=\"row-8\">\n\t<td class=\"column-1\"><strong>Raport Roczny 1999<\/strong><\/td><td class=\"column-2\"><\/td>\n<\/tr>\n<tr class=\"row-9\">\n\t<td class=\"column-1\"><a href=\"http:\/\/www.ire.pw.edu.pl\/wp-content\/uploads\/raporty-roczne\/AR_1999.pdf\">Raport Roczny 1999<\/a><\/td><td class=\"column-2\">03.07.2006<\/td>\n<\/tr>\n<tr class=\"row-10\">\n\t<td class=\"column-1\"><strong>Raport Roczny 2000<\/strong><\/td><td class=\"column-2\"><\/td>\n<\/tr>\n<tr class=\"row-11\">\n\t<td class=\"column-1\"><a href=\"http:\/\/www.ire.pw.edu.pl\/wp-content\/uploads\/raporty-roczne\/AR_2000.pdf\">Raport Roczny 2000<\/a><\/td><td class=\"column-2\">03.07.2006<\/td>\n<\/tr>\n<tr class=\"row-12\">\n\t<td class=\"column-1\"><strong>Raport Roczny 2001<\/strong><\/td><td class=\"column-2\"><\/td>\n<\/tr>\n<tr class=\"row-13\">\n\t<td class=\"column-1\"><a href=\"http:\/\/www.ire.pw.edu.pl\/wp-content\/uploads\/raporty-roczne\/raport-2001.pdf\">Raport Roczny 2001<\/a><\/td><td class=\"column-2\">03.07.2006<\/td>\n<\/tr>\n<tr class=\"row-14\">\n\t<td class=\"column-1\"><strong>Raport Roczny 2002<\/strong><\/td><td class=\"column-2\"><\/td>\n<\/tr>\n<tr class=\"row-15\">\n\t<td class=\"column-1\"><a href=\"http:\/\/www.ire.pw.edu.pl\/wp-content\/uploads\/raporty-roczne\/raport-2002.pdf\">Raport Roczny 2002<\/a><\/td><td class=\"column-2\">03.07.2006<\/td>\n<\/tr>\n<tr class=\"row-16\">\n\t<td class=\"column-1\"><strong>Raport Roczny 2003<\/strong><\/td><td class=\"column-2\"><\/td>\n<\/tr>\n<tr class=\"row-17\">\n\t<td class=\"column-1\"><a href=\"http:\/\/www.ire.pw.edu.pl\/wp-content\/uploads\/raporty-roczne\/AR_03.pdf\">Raport Roczny 2003<\/a><\/td><td class=\"column-2\">03.07.2006<\/td>\n<\/tr>\n<tr class=\"row-18\">\n\t<td class=\"column-1\"><strong>Raport Roczny 2004<\/strong><\/td><td class=\"column-2\"><\/td>\n<\/tr>\n<tr class=\"row-19\">\n\t<td class=\"column-1\"><a href=\"http:\/\/www.ire.pw.edu.pl\/wp-content\/uploads\/raporty-roczne\/raport-2004.pdf\">Raport Roczny 2004<\/a><\/td><td class=\"column-2\">03.07.2006<\/td>\n<\/tr>\n<tr class=\"row-20\">\n\t<td class=\"column-1\"><strong>Raport Roczny 2005<\/strong><\/td><td class=\"column-2\"><\/td>\n<\/tr>\n<tr class=\"row-21\">\n\t<td class=\"column-1\"><a href=\"http:\/\/www.ire.pw.edu.pl\/wp-content\/uploads\/raporty-roczne\/Annual_Report_2005-text.pdf\">Raport Roczny 2005 - Cz\u0119\u015b\u0107 tekstowa<\/a><br\/><a href=\"http:\/\/www.ire.pw.edu.pl\/wp-content\/uploads\/raporty-roczne\/Annual_Report_2005-photo.pdf\">Raport Roczny 2005 - Zdj\u0119cia pracownik\u00f3w<\/a><\/td><td class=\"column-2\">03.07.2006<\/td>\n<\/tr>\n<tr class=\"row-22\">\n\t<td class=\"column-1\"><strong>Raport Roczny 2006<\/strong><\/td><td class=\"column-2\"><\/td>\n<\/tr>\n<tr class=\"row-23\">\n\t<td class=\"column-1\"><a href=\"http:\/\/www.ire.pw.edu.pl\/wp-content\/uploads\/raporty-roczne\/Annual-Report-2006_text.pdf\">Raport Roczny 2006 - Cz\u0119\u015b\u0107 tekstowa<\/a><br\/><a href=\"http:\/\/www.ire.pw.edu.pl\/wp-content\/uploads\/raporty-roczne\/raport-2006-zdj.pdf\">Raport Roczny 2006 - Zdj\u0119cia pracownik\u00f3w<\/a><\/td><td class=\"column-2\">31.01.2007<\/td>\n<\/tr>\n<tr class=\"row-24\">\n\t<td class=\"column-1\"><strong>Raport Roczny 2007<\/strong><\/td><td class=\"column-2\"><\/td>\n<\/tr>\n<tr class=\"row-25\">\n\t<td class=\"column-1\"><a href=\"http:\/\/www.ire.pw.edu.pl\/wp-content\/uploads\/raporty-roczne\/Annual-Report-2007.pdf\">Raport Roczny 2007 - Cz\u0119\u015b\u0107 tekstowa<\/a><br\/><a href=\"http:\/\/www.ire.pw.edu.pl\/wp-content\/uploads\/2017\/09\/Annual-Report-2007_wkladka.pdf\">Raport Roczny 2007 - Zdj\u0119cia pracownik\u00f3w<\/a><\/td><td class=\"column-2\">05.02.2008<\/td>\n<\/tr>\n<tr class=\"row-26\">\n\t<td class=\"column-1\"><strong>Raport Roczny 2008<\/strong><\/td><td class=\"column-2\"><\/td>\n<\/tr>\n<tr class=\"row-27\">\n\t<td class=\"column-1\"><a href=\"http:\/\/www.ire.pw.edu.pl\/wp-content\/uploads\/raporty-roczne\/Annual-Report-2008.pdf\">Raport Roczny 2008 - Cz\u0119\u015b\u0107 tekstowa<\/a><br\/><a href=\"http:\/\/www.ire.pw.edu.pl\/wp-content\/uploads\/2017\/09\/Annual-Report-2008_wkladka.pdf\">Raport Roczny 2008 - Zdj\u0119cia pracownik\u00f3w<\/a><\/td><td class=\"column-2\">23.02.2009<\/td>\n<\/tr>\n<tr class=\"row-28\">\n\t<td class=\"column-1\"><strong>Raport Roczny 2009<\/strong><\/td><td class=\"column-2\"><\/td>\n<\/tr>\n<tr class=\"row-29\">\n\t<td class=\"column-1\"><a href=\"http:\/\/www.ire.pw.edu.pl\/wp-content\/uploads\/raporty-roczne\/Annual_Report_2009.pdf\">Raport Roczny 2009<\/a><\/td><td class=\"column-2\">18.05.2010<\/td>\n<\/tr>\n<tr class=\"row-30\">\n\t<td class=\"column-1\"><strong>Raport Roczny 2010<\/strong><\/td><td class=\"column-2\"><\/td>\n<\/tr>\n<tr class=\"row-31\">\n\t<td class=\"column-1\"><a href=\"http:\/\/www.ire.pw.edu.pl\/wp-content\/uploads\/raporty-roczne\/Annual-Report_2010.pdf\">Raport Roczny 2010<\/a><\/td><td class=\"column-2\">08.03.2011<\/td>\n<\/tr>\n<tr class=\"row-32\">\n\t<td class=\"column-1\"><strong>Raport Roczny 2011<\/strong><\/td><td class=\"column-2\"><\/td>\n<\/tr>\n<tr class=\"row-33\">\n\t<td class=\"column-1\"><a href=\"http:\/\/www.ire.pw.edu.pl\/wp-content\/uploads\/raporty-roczne\/Annual-Report_2011.pdf\">Raport Roczny 2011<\/a><\/td><td class=\"column-2\">10.02.2012<\/td>\n<\/tr>\n<tr class=\"row-34\">\n\t<td class=\"column-1\"><strong>Raport Roczny 2012<\/strong><\/td><td class=\"column-2\"><\/td>\n<\/tr>\n<tr class=\"row-35\">\n\t<td class=\"column-1\"><a href=\"http:\/\/www.ire.pw.edu.pl\/wp-content\/uploads\/raporty-roczne\/Annual-Report_2012_18032013.pdf\">Raport Roczny 2012<\/a><\/td><td class=\"column-2\">19.03.2013<\/td>\n<\/tr>\n<tr class=\"row-36\">\n\t<td class=\"column-1\"><strong>Raport Roczny 2013<\/strong><\/td><td class=\"column-2\"><\/td>\n<\/tr>\n<tr class=\"row-37\">\n\t<td class=\"column-1\"><a href=\"http:\/\/www.ire.pw.edu.pl\/wp-content\/uploads\/raporty-roczne\/Annual-Report-2013.pdf\">Raport Roczny 2013<\/a><\/td><td class=\"column-2\">04.03.2014<\/td>\n<\/tr>\n<tr class=\"row-38\">\n\t<td class=\"column-1\"><strong>Raport Roczny 2014<\/strong><\/td><td class=\"column-2\"><\/td>\n<\/tr>\n<tr class=\"row-39\">\n\t<td class=\"column-1\"><a href=\"http:\/\/www.ire.pw.edu.pl\/wp-content\/uploads\/raporty-roczne\/Annual_Report_2014.pdf\">Raport Roczny 2014<\/a><\/td><td class=\"column-2\">01.04.2015<\/td>\n<\/tr>\n<tr class=\"row-40\">\n\t<td class=\"column-1\"><strong>Raport Roczny 2015<\/strong><\/td><td class=\"column-2\"><\/td>\n<\/tr>\n<tr class=\"row-41\">\n\t<td class=\"column-1\"><a href=\"http:\/\/www.ire.pw.edu.pl\/wp-content\/uploads\/raporty-roczne\/Raport_Roczny_2015.pdf\">Raport Roczny 2015<\/a><\/td><td class=\"column-2\">24.02.2016<\/td>\n<\/tr>\n<tr class=\"row-42\">\n\t<td class=\"column-1\"><strong>Raport Roczny 2016<\/strong><\/td><td class=\"column-2\"><\/td>\n<\/tr>\n<tr class=\"row-43\">\n\t<td class=\"column-1\"><a href=\"http:\/\/www.ire.pw.edu.pl\/wp-content\/uploads\/raporty-roczne\/Raport_Roczny_2016.pdf\">Raport Roczny 2016<\/a><\/td><td class=\"column-2\">25.04.2017<\/td>\n<\/tr>\n<tr class=\"row-44\">\n\t<td class=\"column-1\"><strong>Raport Roczny 2017<\/strong><\/td><td class=\"column-2\"><\/td>\n<\/tr>\n<tr class=\"row-45\">\n\t<td class=\"column-1\"><a href=\"http:\/\/www.ire.pw.edu.pl\/wp-content\/uploads\/AR17-erratum.pdf\">Raport Roczny 2017<\/a><\/td><td class=\"column-2\">11.05.2018<\/td>\n<\/tr>\n<tr class=\"row-46\">\n\t<td class=\"column-1\"><strong>Raport Roczny 2018<\/strong><\/td><td class=\"column-2\"><\/td>\n<\/tr>\n<tr class=\"row-47\">\n\t<td class=\"column-1\"><a href=\"https:\/\/www.ire.pw.edu.pl\/wp-content\/uploads\/Annual-Report-2018.pdf\">Raport Roczny 2018<\/a<\/td><td class=\"column-2\">21.02.2019<\/td>\n<\/tr>\n<tr class=\"row-48\">\n\t<td class=\"column-1\"><strong>Raport Roczny 2019<\/strong><\/td><td class=\"column-2\"><\/td>\n<\/tr>\n<tr class=\"row-49\">\n\t<td class=\"column-1\"><a href=\"https:\/\/www.ire.pw.edu.pl\/wp-content\/uploads\/Annual-Report-2019.pdf\">Raport Roczny 2019<\/a<\/td><td class=\"column-2\">01.04.2020<\/td>\n<\/tr>\n<\/tbody>\n<\/table>\n[\/vc_column_text][\/vc_column][\/vc_row]<\/p>\n<\/div>","protected":false},"excerpt":{"rendered":"<p>[vc_row][vc_column][vc_column_text][\/vc_column_text][\/vc_column][\/vc_row]<\/p>\n","protected":false},"author":1,"featured_media":0,"parent":28,"menu_order":40,"comment_status":"closed","ping_status":"closed","template":"","meta":{"ngg_post_thumbnail":0,"footnotes":""},"_links":{"self":[{"href":"https:\/\/www.ire.pw.edu.pl\/en\/wp-json\/wp\/v2\/pages\/1719"}],"collection":[{"href":"https:\/\/www.ire.pw.edu.pl\/en\/wp-json\/wp\/v2\/pages"}],"about":[{"href":"https:\/\/www.ire.pw.edu.pl\/en\/wp-json\/wp\/v2\/types\/page"}],"author":[{"embeddable":true,"href":"https:\/\/www.ire.pw.edu.pl\/en\/wp-json\/wp\/v2\/users\/1"}],"replies":[{"embeddable":true,"href":"https:\/\/www.ire.pw.edu.pl\/en\/wp-json\/wp\/v2\/comments?post=1719"}],"version-history":[{"count":8,"href":"https:\/\/www.ire.pw.edu.pl\/en\/wp-json\/wp\/v2\/pages\/1719\/revisions"}],"predecessor-version":[{"id":12498,"href":"https:\/\/www.ire.pw.edu.pl\/en\/wp-json\/wp\/v2\/pages\/1719\/revisions\/12498"}],"up":[{"embeddable":true,"href":"https:\/\/www.ire.pw.edu.pl\/en\/wp-json\/wp\/v2\/pages\/28"}],"wp:attachment":[{"href":"https:\/\/www.ire.pw.edu.pl\/en\/wp-json\/wp\/v2\/media?parent=1719"}],"curies":[{"name":"wp","href":"https:\/\/api.w.org\/{rel}","templated":true}]}}