{"id":1704,"date":"2018-04-07T17:08:54","date_gmt":"2018-04-07T17:08:54","guid":{"rendered":"\/\/www.ire.pw.edu.pl\/?page_id=1704"},"modified":"2018-11-08T11:13:45","modified_gmt":"2018-11-08T10:13:45","slug":"stefan-darecki-1906-1990","status":"publish","type":"page","link":"https:\/\/www.ire.pw.edu.pl\/en\/stefan-darecki-1906-1990\/","title":{"rendered":"Stefan Darecki (1906-1990)"},"content":{"rendered":"<p align=\"justify\"><img loading=\"lazy\" decoding=\"async\" class=\"alignright size-full wp-image-1703\" src=\"\/\/www.ire.pw.edu.pl\/wp-content\/uploads\/s_darecki.jpg\" alt=\"\" width=\"230\" height=\"300\" \/>Stefan Darecki (Dieriewianko \u2013 nazwisko zmienione w 1934 roku) urodzi\u0142 si\u0119 15 sierpnia1906 roku w Warszawie, gdzie w 1924 roku uko\u0144czy\u0142 Gimnazjum im.\u00a0Jana Zamoyskiego. W 1931 roku uzyska\u0142 stopie\u0144 magistra in\u017cyniera na Wydziale Elektrycznym Politechniki Warszawskiej. W czasie studi\u00f3w specjalizowa\u0142 si\u0119 w radiotechnice pod kierunkiem profesora\u00a0 Janusza Groszkowskiego. Prac\u0119 zawodow\u0105 rozpocz\u0105\u0142 na ostatnim roku studi\u00f3w, od 1929 roku, jako starszy asystent w \u00f3wczesnym Instytucie Radiotechnicznym. By\u0142 w nim zatrudniony do 1934 roku, piastuj\u0105c stanowisko kierownika Dzia\u0142u Probierczego. W tym okresie wyspecjalizowa\u0142 si\u0119 w miernictwie radiotechnicznym, w wyniku czego opracowa\u0142 wiele r\u00f3\u017cnych metod pomiarowych oraz skonstruowa\u0142 kilka modeli przyrz\u0105d\u00f3w pomiarowych. Od 1934 roku, czyli od chwili utworzenia Pa\u0144stwowego Instytutu Telekomunikacyjnego, obj\u0105\u0142 stanowisko kierownika Dzia\u0142u Radioodbiorczego i kierowa\u0142 nim do chwili wybuchu II wojny \u015bwiatowej. Od 1935 roku by\u0142 kierownikiem Laboratorium Radiotechnicznego i wyk\u0142adowc\u0105 przedmiotu \u201eMiernictwo radiotechniczne\u201d na Pa\u0144stwowych Kursach Radiotechnicznych przy Wy\u017cszej Szkole Budowy Maszyn i Elektrotechniki im.\u00a0Hipolita Wawelberga i Stanis\u0142aw Rotwanda w Warszawie. W okresie wojennym od 1940 roku przez dwa lata pracowa\u0142 jako nauczyciel w Pa\u0144stwowej Szkole Elektrycznej II stopnia, b\u0119d\u0105c jednocze\u015bnie kierownikiem Laboratorium Miernictwa Elektrycznego i Laboratorium Radiotechnicznego. Od 1942 roku do wybuchu Powstania Warszawskiego pracowa\u0142 jako adiunkt w Zak\u0142adzie Radiotechniki Pa\u0144stwowej Wy\u017cszej Szko\u0142y Technicznej w Warszawie, funkcjonuj\u0105cej na terenie Politechniki Warszawskiej. Podczas okupacji wsp\u00f3\u0142pracowa\u0142 z ruchem oporu. Wraz z profesorem Januszem\u00a0Groszkowskim bra\u0142 udzia\u0142 w rozszyfrowaniu parametr\u00f3w urz\u0105dze\u0144 radiotechnicznych stanowi\u0105cych wyposa\u017cenie zdalnie sterowanych pocisk\u00f3w bombarduj\u0105cych V-1. Po upadku Powstania Warszawskiego przez par\u0119 miesi\u0119cy pe\u0142ni\u0142 funkcj\u0119 adiunkta w Zak\u0142adzie Fizyki Akademii G\u00f3rniczo\u2013Hutniczej w Krakowie u profesora\u00a0Mieczys\u0142awa\u00a0Wolfkego, zajmuj\u0105c si\u0119 badaniem w\u0142a\u015bciwo\u015bci materia\u0142\u00f3w magnetycznych.<\/p>\n<p align=\"justify\">W lutym 1945 roku powr\u00f3ci\u0142 do Warszawy i rozpocz\u0105\u0142 prac\u0119 w Pa\u0144stwowym Instytucie Telekomunikacyjnym na stanowisku kierownika Dzia\u0142u Miernictwa, a nast\u0119pnie Zak\u0142adu Miernictwa. Pod jego kierunkiem prowadzone by\u0142y prace z dziedziny miernictwa radiotechnicznego i urz\u0105dze\u0144 radioodbiorczych. W 1952 roku, na skutek reorganizacji Pa\u0144stwowego Instytutu Telekomunikacyjnego, zosta\u0142 zatrudniony w Przemys\u0142owym Instytucie Telekomunikacji, a w 1956 roku, w wyniku dalszej reorganizacji tego Instytutu, rozpocz\u0105\u0142 prac\u0119 w nowo utworzonym Instytucie Tele- i Radiotechnicznym. W Instytucie tym pe\u0142ni\u0142 kolejno funkcje kierownika r\u00f3\u017cnych Zak\u0142ad\u00f3w Naukowo\u2013Badawczych (Miernictwa, Radiotechniki Odbiorczej, Elektroakustyki, Przetwornik\u00f3w Elektroakustycznych), zast\u0119pcy dyrektora ds. naukowo\u2013badawczych, a od 1973 roku pe\u0142nomocnika pierwszego zast\u0119pcy dyrektora d.s. programowania i doskonalenia kadry naukowej. R\u00f3wnocze\u015bnie w latach 1945\u20131976 prowadzi\u0142 dzia\u0142alno\u015b\u0107 dydaktyczn\u0105 na Politechnice Warszawskiej, na stanowiskach zast\u0119pcy profesora (od 1951 roku) i docenta (od 1956 roku).<\/p>\n<p align=\"justify\">Stefan\u00a0Darecki mia\u0142 ponad 50\u2013letni sta\u017c w dzia\u0142alno\u015bci redakcyjnej. Od 1945 roku by\u0142 przewodnicz\u0105cym komitet\u00f3w redakcyjnych miesi\u0119cznik\u00f3w Stowarzyszenia Elektryk\u00f3w Polskich: \u201ePrzegl\u0105du Telekomunikacyjnego\u201d, \u201eWiadomo\u015bci Telekomunikacyjnych\u201d i \u201eKwartalnika Telekomunikacyjnego\u201d, a nast\u0119pnie redaktorem naczelnym \u201eNowego Radioamatora Polskiego\u201d, \u201ePrzegl\u0105du Telekomunikacyjnego\u201d, \u201ePrzegl\u0105du Elektroniki\u201d (kt\u00f3ry zmieni\u0142 tytu\u0142 na \u201eElektronika\u201d) oraz \u201eWiadomo\u015bci Telekomunikacyjnych\u201d. Opr\u00f3cz tego od 1952 roku by\u0142 redaktorem Zeszyt\u00f3w Naukowych Politechniki Warszawskiej \u201eElektryka\u201d, a od 1967 roku \u201eElektronika\u201d. R\u00f3wnocze\u015bnie by\u0142 redaktorem dzia\u0142owym kolegi\u00f3w redakcyjnych wydawnictw Przemys\u0142owego Instytutu Telekomunikacji, a tak\u017ce Instytutu Tele- i Radiotechnicznego. Szczeg\u00f3lne zas\u0142ugi mia\u0142 dla \u201ePrzegl\u0105du Telekomunikacyjnego\u201d, kt\u00f3rego by\u0142 wieloletnim redaktorem naczelnym (do 1979 roku).<\/p>\n<p align=\"justify\">W latach 1960\u20131963 Stefan\u00a0Darecki by\u0142 wiceprezesem Sekcji Telekomunikacyjnej, a nast\u0119pnie cz\u0142onkiem Redakcji Historii Elektryki Polskiej Komitetu Terminologii Polskiej. Przez wiele lat by\u0142 r\u00f3wnie\u017c cz\u0142onkiem Komitetu Elektroniki i Telekomunikacji Polskiej Akademii Nauk w Sekcji Radiotechniki.<\/p>\n<p align=\"justify\">W czasie swojej pracy otrzyma\u0142 wiele odznacze\u0144, m.in.: Z\u0142oty Krzy\u017c Zas\u0142ugi (1937), Krzy\u017c Kawalerski (1956) i Krzy\u017c Oficerski (1969) Orderu Odrodzenia Polski, Medal 10-lecia Polski Ludowej (1955), Medal Komisji Edukacji Narodowej (1984), Medal 40-lecia Polski Ludowej (1984), Odznak\u0119 1000-lecia (1969), Srebrn\u0105 (1959) i Z\u0142ot\u0105 (1966) Odznak\u0119 Honorow\u0105 Stowarzyszenia Elektryk\u00f3w Polskich, Z\u0142ot\u0105 Odznak\u0119 Honorow\u0105 Naczelnej Organizacji Technicznej (1957), Medal im.\u00a0Mieczys\u0142awa Po\u017caryskiego, Z\u0142ot\u0105 Odznak\u0119 \u201eZa Zas\u0142ugi dla Rozwoju Przemys\u0142u Maszynowego\u201d (1976), Z\u0142ot\u0105 Odznak\u0119 \u201eZas\u0142u\u017cony Pracownik \u0141\u0105czno\u015bci\u201d (1978), Z\u0142ot\u0105 Odznak\u0119 \u201eZas\u0142u\u017cony dla Politechniki Warszawskiej\u201d (1978), Odznak\u0119 Honorow\u0105 \u201eZas\u0142u\u017cony Pracownik Instytutu Tele- i Radiotechnicznego\u201d (1981), Odznak\u0119 \u201eZas\u0142u\u017cony Dzia\u0142acz Kultury\u201d (1979), Srebrn\u0105 Odznak\u0119 Pa\u0144stwowa CSRS za wk\u0142ad w rozw\u00f3j przyja\u017ani i wsp\u00f3\u0142pracy polsko\u2013czechos\u0142owackiej (1969).<\/p>\n<div align=\"justify\"><\/div>\n<p align=\"justify\">Zmar\u0142 15 stycznia 1990 roku.<\/p>\n","protected":false},"excerpt":{"rendered":"<p>Stefan Darecki (Dieriewianko \u2013 nazwisko zmienione w 1934 roku) urodzi\u0142 si\u0119 15 sierpnia1906 roku w Warszawie, gdzie w 1924 roku uko\u0144czy\u0142 Gimnazjum im.\u00a0Jana Zamoyskiego. W 1931 roku uzyska\u0142 stopie\u0144 magistra in\u017cyniera na Wydziale Elektrycznym Politechniki Warszawskiej. W czasie studi\u00f3w specjalizowa\u0142 si\u0119 w radiotechnice pod kierunkiem profesora\u00a0 Janusza Groszkowskiego. Prac\u0119 zawodow\u0105 rozpocz\u0105\u0142 na ostatnim roku studi\u00f3w, [&hellip;]<\/p>\n","protected":false},"author":1,"featured_media":0,"parent":0,"menu_order":50,"comment_status":"closed","ping_status":"closed","template":"","meta":{"ngg_post_thumbnail":0,"footnotes":""},"_links":{"self":[{"href":"https:\/\/www.ire.pw.edu.pl\/en\/wp-json\/wp\/v2\/pages\/1704"}],"collection":[{"href":"https:\/\/www.ire.pw.edu.pl\/en\/wp-json\/wp\/v2\/pages"}],"about":[{"href":"https:\/\/www.ire.pw.edu.pl\/en\/wp-json\/wp\/v2\/types\/page"}],"author":[{"embeddable":true,"href":"https:\/\/www.ire.pw.edu.pl\/en\/wp-json\/wp\/v2\/users\/1"}],"replies":[{"embeddable":true,"href":"https:\/\/www.ire.pw.edu.pl\/en\/wp-json\/wp\/v2\/comments?post=1704"}],"version-history":[{"count":1,"href":"https:\/\/www.ire.pw.edu.pl\/en\/wp-json\/wp\/v2\/pages\/1704\/revisions"}],"predecessor-version":[{"id":1705,"href":"https:\/\/www.ire.pw.edu.pl\/en\/wp-json\/wp\/v2\/pages\/1704\/revisions\/1705"}],"wp:attachment":[{"href":"https:\/\/www.ire.pw.edu.pl\/en\/wp-json\/wp\/v2\/media?parent=1704"}],"curies":[{"name":"wp","href":"https:\/\/api.w.org\/{rel}","templated":true}]}}