{"id":1560,"date":"2018-08-02T13:23:24","date_gmt":"2018-08-02T13:23:24","guid":{"rendered":"\/\/www.ire.pw.edu.pl\/?page_id=1560"},"modified":"2024-06-24T07:43:02","modified_gmt":"2024-06-24T06:43:02","slug":"biografie-profesorow","status":"publish","type":"page","link":"https:\/\/www.ire.pw.edu.pl\/en\/o-instytucie\/biografie-profesorow\/","title":{"rendered":"Biografie profesor\u00f3w"},"content":{"rendered":"<div class=\"wpb-content-wrapper\"><p>[vc_row full_width=&#8221;stretch_row&#8221; el_id=&#8221; https:\/\/www.ire.pw.edu.pl\/o-instytucie\/biografie-profesorow\/jan-zera\/ \u200e Backend EditorFrontend Editor&#8221;][vc_column width=&#8221;1\/2&#8243;][vc_column_text]<\/p>\n<p><a href=\"\/o-instytucie\/biografie-profesorow\/stefan-darecki-1906-1990\/\">Stefan Darecki<\/a><\/p>\n<p><a href=\"\/o-instytucie\/biografie-profesorow\/jan-t-ebert\/\">Jan T. Ebert<\/a><\/p>\n<p><a href=\"\/\/www.ire.pw.edu.pl\/o-instytucie\/biografie-profesorow\/adam-fiok\/\">Adam J. Fiok<\/a><\/p>\n<p><a href=\"\/wojciech-k-gwarek\/\">Wojciech K. Gwarek<\/a><\/p>\n<p><a href=\"\/o-instytucie\/biografie-profesorow\/stefan-l-hahn\/\">Stefan L. Hahn<\/a><\/p>\n<p><a href=\"\/o-instytucie\/biografie-profesorow\/juliusz-keller-1911-2006\/\">Juliusz Keller<\/a><\/p>\n<p><a href=\"\/o-instytucie\/biografie-profesorow\/waldemar-kielek\/\">Waldemar Kie\u0142ek<\/a><\/p>\n<p><a href=\"\/o-instytucie\/biografie-profesorow\/zbigniew-kulka\/\">Zbigniew Kulka<\/a><\/p>\n<p><a href=\"\/o-instytucie\/biografie-profesorow\/romuald-litwin-1924-1970\/\">Romuald Litwin<\/a><\/p>\n<p><a href=\"\/o-instytucie\/biografie-profesorow\/aleksander-mac-1932-1988\/\">Aleksander Mac<\/a><\/p>\n<p><a href=\"\/o-instytucie\/biografie-profesorow\/ignacy-malecki-1912-2004\/\">Ignacy Malecki<\/a><\/p>\n<p><a href=\"https:\/\/www.ire.pw.edu.pl\/wp-content\/uploads\/BiografiaJM.pdf\">Janusz Marzec<\/a><\/p>\n<p><a href=\"\/o-instytucie\/biografie-profesorow\/jozef-wieslaw-modelski\/\">J\u00f3zef W. Modelski<\/a><\/p>\n<p><a href=\"\/o-instytucie\/biografie-profesorow\/roman-zdzislaw-morawski\/\">Roman Z. Morawski<\/a><\/p>\n<p><a href=\"\/o-instytucie\/biografie-profesorow\/tadeusz-waclaw-morawski\/\">Tadeusz W. Morawski<\/a>[\/vc_column_text][\/vc_column][vc_column width=&#8221;1\/2&#8243;][vc_column_text]<a href=\"\/o-instytucie\/biografie-profesorow\/stanislaw-nowosielski-1906-1976\/\">Stanis\u0142aw Nowosielski<\/a><\/p>\n<p><a href=\"\/o-instytucie\/biografie-profesorow\/cezary-pawlowski-1895-1981\/\">Cezary Paw\u0142owski<\/a><\/p>\n<p><a href=\"\/o-instytucie\/biografie-profesorow\/zdzislaw-pawlowski\/\">Zdzis\u0142aw Paw\u0142owski<\/a><\/p>\n<p><a href=\"\/\/www.ire.pw.edu.pl\/o-instytucie\/biografie-profesorow\/adam-piatkowski\/\">Adam Pi\u0105tkowski<\/a><\/p>\n<p><a href=\"\/o-instytucie\/biografie-profesorow\/edmund-porzadkowski-1914-1998\/\">Edmund Porz\u0105dkowski<\/a><\/p>\n<p><a href=\"\/o-instytucie\/biografie-profesorow\/stanislaw-rosloniec\/\">Stanis\u0142aw Ros\u0142oniec<\/a><\/p>\n<p><a href=\"\/o-instytucie\/biografie-profesorow\/wilhelm-rotkiewicz-1906-1983\/\">Wilhelm Rotkiewicz<\/a><\/p>\n<p><a href=\"\/o-instytucie\/biografie-profesorow\/stanislaw-ryzko-1910-1974\/\">Stanis\u0142aw Ry\u017cko<\/a><\/p>\n<p><a href=\"\/o-instytucie\/biografie-profesorow\/wladyslaw-k-skarbek\/\">W\u0142adys\u0142aw K. Skarbek<\/a><\/p>\n<p><a href=\"\/o-instytucie\/biografie-profesorow\/witold-s-straszewicz-1919-1998\/\">Witold S. Straszewicz<\/a><\/p>\n<p><a href=\"\/o-instytucie\/biografie-profesorow\/wieslaw-winiecki\/\">Wies\u0142aw Winiecki<\/a><\/p>\n<p><a href=\"\/o-instytucie\/biografie-profesorow\/jacek-m-wojciechowski\/\">Jacek M. Wojciechowski<\/a><\/p>\n<p><a href=\"\/o-instytucie\/biografie-profesorow\/yevhen-yashchyshyn\/\">Yevhen Yashchyshyn<\/a><\/p>\n<p><a href=\"\/o-instytucie\/biografie-profesorow\/jan-zera\/\">Jan \u017bera<\/a>[\/vc_column_text][\/vc_column][\/vc_row]<\/p>\n<\/div>","protected":false},"excerpt":{"rendered":"<p>[vc_row full_width=&#8221;stretch_row&#8221; el_id=&#8221; https:\/\/www.ire.pw.edu.pl\/o-instytucie\/biografie-profesorow\/jan-zera\/ \u200e Backend EditorFrontend Editor&#8221;][vc_column width=&#8221;1\/2&#8243;][vc_column_text] Stefan Darecki Jan T. Ebert Adam J. Fiok Wojciech K. Gwarek Stefan L. Hahn Juliusz Keller Waldemar Kie\u0142ek Zbigniew Kulka Romuald Litwin Aleksander Mac Ignacy Malecki Janusz Marzec J\u00f3zef W. Modelski Roman Z. Morawski Tadeusz W. Morawski[\/vc_column_text][\/vc_column][vc_column width=&#8221;1\/2&#8243;][vc_column_text]Stanis\u0142aw Nowosielski Cezary Paw\u0142owski Zdzis\u0142aw Paw\u0142owski Adam Pi\u0105tkowski Edmund [&hellip;]<\/p>\n","protected":false},"author":1,"featured_media":0,"parent":12,"menu_order":35,"comment_status":"closed","ping_status":"closed","template":"","meta":{"ngg_post_thumbnail":0,"footnotes":""},"_links":{"self":[{"href":"https:\/\/www.ire.pw.edu.pl\/en\/wp-json\/wp\/v2\/pages\/1560"}],"collection":[{"href":"https:\/\/www.ire.pw.edu.pl\/en\/wp-json\/wp\/v2\/pages"}],"about":[{"href":"https:\/\/www.ire.pw.edu.pl\/en\/wp-json\/wp\/v2\/types\/page"}],"author":[{"embeddable":true,"href":"https:\/\/www.ire.pw.edu.pl\/en\/wp-json\/wp\/v2\/users\/1"}],"replies":[{"embeddable":true,"href":"https:\/\/www.ire.pw.edu.pl\/en\/wp-json\/wp\/v2\/comments?post=1560"}],"version-history":[{"count":23,"href":"https:\/\/www.ire.pw.edu.pl\/en\/wp-json\/wp\/v2\/pages\/1560\/revisions"}],"predecessor-version":[{"id":12489,"href":"https:\/\/www.ire.pw.edu.pl\/en\/wp-json\/wp\/v2\/pages\/1560\/revisions\/12489"}],"up":[{"embeddable":true,"href":"https:\/\/www.ire.pw.edu.pl\/en\/wp-json\/wp\/v2\/pages\/12"}],"wp:attachment":[{"href":"https:\/\/www.ire.pw.edu.pl\/en\/wp-json\/wp\/v2\/media?parent=1560"}],"curies":[{"name":"wp","href":"https:\/\/api.w.org\/{rel}","templated":true}]}}