{"id":12,"date":"2017-12-20T11:17:17","date_gmt":"2017-12-20T11:17:17","guid":{"rendered":"\/\/www.ire.pw.edu.pl\/?page_id=12"},"modified":"2023-09-21T13:25:01","modified_gmt":"2023-09-21T12:25:01","slug":"o-instytucie","status":"publish","type":"page","link":"https:\/\/www.ire.pw.edu.pl\/en\/o-instytucie\/","title":{"rendered":"O instytucie"},"content":{"rendered":"<div class=\"wpb-content-wrapper\"><p>[vc_row][vc_column][vc_column_text]<\/p>\n<p>Instytut Radioelektroniki i Technik Multimedialnych jest jednym z 6 instytut\u00f3w dzia\u0142aj\u0105cych na <strong>Wydziale Elektroniki i Technik Informacyjnych Politechniki Warszawskiej.<\/strong><br \/>\nZajmujemy si\u0119 badaniami naukowymi, wdro\u017ceniami i dydaktyk\u0105 w zakresie :<\/p>\n<ul>\n<li>technik wykorzystuj\u0105cych fale radiowe,<\/li>\n<li>multimedi\u00f3w,<\/li>\n<li>zastosowa\u0144 elektroniki i informatyki w medycynie i fizyce j\u0105drowej.<\/li>\n<\/ul>\n<p><img loading=\"lazy\" decoding=\"async\" class=\"aligncenter size-large wp-image-4058\" src=\"https:\/\/www.ire.pw.edu.pl\/wp-content\/uploads\/IR-PW-1024x298.jpg\" alt=\"\" width=\"1024\" height=\"298\" srcset=\"https:\/\/www.ire.pw.edu.pl\/wp-content\/uploads\/IR-PW-1024x298.jpg 1024w, https:\/\/www.ire.pw.edu.pl\/wp-content\/uploads\/IR-PW-300x87.jpg 300w, https:\/\/www.ire.pw.edu.pl\/wp-content\/uploads\/IR-PW-768x223.jpg 768w\" sizes=\"(max-width: 1024px) 100vw, 1024px\" \/>Instytut powsta\u0142 w 1970 roku jako Instytut Radioelektroniki (obecna nazwa obowi\u0105zuje od 2015 r.). Pierwszym Dyrektorem IR PW by\u0142 prof. <strong>Stanis\u0142aw Ry\u017cko<\/strong> (1910-1974), jeden z ojc\u00f3w polskiej radiotechniki. Od pierwszych dni Instytutu min\u0119\u0142o ju\u017c prawie 50-lat- kawa\u0142 naszej Historii (zach\u0119camy do zapoznania si\u0119 z naszymi <a href=\"\/\/www.ire.pw.edu.pl\/o-instytucie\/materialy-archiwalne\/\">Materia\u0142ami Jubileuszowymi<\/a>)<\/p>\n<p><a href=\"\/\/www.ire.pw.edu.pl\/struktura\/nauczyciele-akademiccy\/\">W Instytucie<\/a> jest zatrudnionych ponad 80 os\u00f3b, w tym 18 profesor\u00f3w i doktor\u00f3w habilitowanych. Nasze sukcesy zawdzi\u0119czamy r\u00f3wnie\u017c doktorantom, wielu wsp\u00f3\u0142pracownikom i naszym studentom. Szczeg\u00f3lnie cenimy sobie owocn\u0105 wsp\u00f3\u0142prac\u0119 z emerytowanymi pracownikami instytutu. Wielopokoleniowo\u015b\u0107 naszych zespo\u0142\u00f3w badawczych jest ich istotnym atutem (na seminariach spotykaj\u0105 si\u0119 osoby, kt\u00f3rych daty urodzenia r\u00f3\u017cni\u0105 si\u0119 nawet o 75 lat).<\/p>\n<p>Obecnie bierzemy udzia\u0142 w wielu mi\u0119dzynarodowych <a href=\"\/\/www.ire.pw.edu.pl\/dzialalnosc-naukowa\/projekty\/\">projektach badawczych<\/a> oraz w projektach finansowanych przez Narodowe Centrum Nauki i Narodowe Centrum Bada\u0144 i Rozwoju. Podejmujemy si\u0119 r\u00f3wnie\u017c prac finansowanych przez r\u00f3\u017cne podmioty gospodarcze i administracyjne.<\/p>\n<p>Prowadzimy <strong>zaj\u0119cia na wszystkich poziomach<\/strong> studi\u00f3w w ponad 120 r\u00f3\u017cnych przedmiotach w ci\u0105gu ka\u017cdego roku akademickiego. Co roku w Instytucie powstaje ponad 80 <strong>prac in\u017cynierskich<\/strong> i ponad 50 <strong>magisterskich<\/strong>. Nasi pracownicy (i doktoranci) regularnie uzyskuj\u0105 nagrody <a href=\"\/\/www.ire.pw.edu.pl\/zlota-kreda\/\">Z\u0142otej Kredy<\/a> przyznawane przez student\u00f3w Wydzia\u0142u najlepszym dydaktykom.<\/p>\n<p>W Instytucie dzia\u0142a 5 zak\u0142ad\u00f3w:<\/p>\n<ul>\n<li><a href=\"https:\/\/zea.ire.pw.edu.pl\/\"><strong>Zak\u0142ad Elektroakustyki<\/strong><\/a><\/li>\n<li><strong><a href=\"https:\/\/www.ire.pw.edu.pl\/zejim\/\">Zak\u0142ad Elektroniki J\u0105drowej i Medycznej<\/a>&nbsp;<\/strong><\/li>\n<li><a href=\"https:\/\/zim.ire.pw.edu.pl\/\"><strong>Zak\u0142ad In\u017cynierii Multimedi\u00f3w<\/strong><\/a><\/li>\n<li><a href=\"http:\/\/ztm.ire.pw.edu.pl\/\"><strong>Zak\u0142ad Radiokomunikacji i Radiolokacji<\/strong><\/a><\/li>\n<li><a href=\"https:\/\/sub-thz.ire.pw.edu.pl\/?lang=pl\"><strong>Zak\u0142ad Techniki Subterahercowej<\/strong><\/a><\/li>\n<\/ul>\n<p>[\/vc_column_text][\/vc_column][\/vc_row]<\/p>\n<\/div>","protected":false},"excerpt":{"rendered":"<p>[vc_row][vc_column][vc_column_text] Instytut Radioelektroniki i Technik Multimedialnych jest jednym z 6 instytut\u00f3w dzia\u0142aj\u0105cych na Wydziale Elektroniki i Technik Informacyjnych Politechniki Warszawskiej. Zajmujemy si\u0119 badaniami naukowymi, wdro\u017ceniami i dydaktyk\u0105 w zakresie : technik wykorzystuj\u0105cych fale radiowe, multimedi\u00f3w, zastosowa\u0144 elektroniki i informatyki w medycynie i fizyce j\u0105drowej. Instytut powsta\u0142 w 1970 roku jako Instytut Radioelektroniki (obecna nazwa obowi\u0105zuje [&hellip;]<\/p>\n","protected":false},"author":8,"featured_media":0,"parent":0,"menu_order":5,"comment_status":"closed","ping_status":"closed","template":"","meta":{"ngg_post_thumbnail":0,"footnotes":""},"_links":{"self":[{"href":"https:\/\/www.ire.pw.edu.pl\/en\/wp-json\/wp\/v2\/pages\/12"}],"collection":[{"href":"https:\/\/www.ire.pw.edu.pl\/en\/wp-json\/wp\/v2\/pages"}],"about":[{"href":"https:\/\/www.ire.pw.edu.pl\/en\/wp-json\/wp\/v2\/types\/page"}],"author":[{"embeddable":true,"href":"https:\/\/www.ire.pw.edu.pl\/en\/wp-json\/wp\/v2\/users\/8"}],"replies":[{"embeddable":true,"href":"https:\/\/www.ire.pw.edu.pl\/en\/wp-json\/wp\/v2\/comments?post=12"}],"version-history":[{"count":20,"href":"https:\/\/www.ire.pw.edu.pl\/en\/wp-json\/wp\/v2\/pages\/12\/revisions"}],"predecessor-version":[{"id":11975,"href":"https:\/\/www.ire.pw.edu.pl\/en\/wp-json\/wp\/v2\/pages\/12\/revisions\/11975"}],"wp:attachment":[{"href":"https:\/\/www.ire.pw.edu.pl\/en\/wp-json\/wp\/v2\/media?parent=12"}],"curies":[{"name":"wp","href":"https:\/\/api.w.org\/{rel}","templated":true}]}}